{"id":51884,"date":"2026-03-08T12:25:20","date_gmt":"2026-03-08T11:25:20","guid":{"rendered":"https:\/\/fasoon.ch\/?page_id=51884"},"modified":"2026-03-08T12:42:32","modified_gmt":"2026-03-08T11:42:32","slug":"localsearch","status":"publish","type":"page","link":"https:\/\/fasoon.ch\/it\/chi-siamo\/i-nostri-partner\/localsearch\/","title":{"rendered":"localsearch"},"content":{"rendered":"<p>[et_pb_section fb_built=&#8221;1&#8243; admin_label=&#8221;Partner Description and Contact&#8221; _builder_version=&#8221;4.27.4&#8243; locked=&#8221;off&#8221; collapsed=&#8221;off&#8221; global_colors_info=&#8221;{}&#8221;][et_pb_row admin_label=&#8221;Header Title&#8221; _builder_version=&#8221;4.27.4&#8243; background_size=&#8221;initial&#8221; background_position=&#8221;top_left&#8221; background_repeat=&#8221;repeat&#8221; global_colors_info=&#8221;{}&#8221;][et_pb_column type=&#8221;4_4&#8243; _builder_version=&#8221;4.16&#8243; custom_padding=&#8221;|||&#8221; global_colors_info=&#8221;{}&#8221; custom_padding__hover=&#8221;|||&#8221;][et_pb_text admin_label=&#8221;localsearch Gesehen. Gebucht. Geliked.&#8221; _builder_version=&#8221;4.27.4&#8243; background_size=&#8221;initial&#8221; background_position=&#8221;top_left&#8221; background_repeat=&#8221;repeat&#8221; use_border_color=&#8221;off&#8221; global_colors_info=&#8221;{}&#8221;]<\/p>\n<h1 class=\"information-title\"><strong>localsearch<br \/><\/strong>Visto. Prenotato. Mi \u00e8 piaciuto.<\/h1>\n<p>[\/et_pb_text][\/et_pb_column][\/et_pb_row][et_pb_row column_structure=&#8221;2_3,1_3&#8243; admin_label=&#8221;Partner &#8211; Intro (2\/3) and Contact (1\/3)&#8221; _builder_version=&#8221;4.27.4&#8243; _module_preset=&#8221;default&#8221; custom_margin=&#8221;40px||40px||false|false&#8221; custom_margin_tablet=&#8221;0px||0px||false|false&#8221; custom_margin_phone=&#8221;0px||||false|false&#8221; custom_margin_last_edited=&#8221;on|phone&#8221; saved_tabs=&#8221;all&#8221; locked=&#8221;off&#8221; global_colors_info=&#8221;{}&#8221;][et_pb_column type=&#8221;2_3&#8243; _builder_version=&#8221;4.27.4&#8243; _module_preset=&#8221;default&#8221; custom_padding=&#8221;20px||20px||false|false&#8221; custom_padding_tablet=&#8221;20px||30px||false|false&#8221; custom_padding_phone=&#8221;20px||20px||false|false&#8221; custom_padding_last_edited=&#8221;on|phone&#8221; global_colors_info=&#8221;{}&#8221;][et_pb_text admin_label=&#8221;Beschreibungstext Partner&#8221; _builder_version=&#8221;4.27.4&#8243; _module_preset=&#8221;default&#8221; header_3_font=&#8221;|600|||||||&#8221; header_3_text_color=&#8221;#464646&#8243; header_3_font_size=&#8221;20px&#8221; header_3_font_size_tablet=&#8221;18px&#8221; header_3_font_size_phone=&#8221;16px&#8221; header_3_font_size_last_edited=&#8221;on|desktop&#8221; global_colors_info=&#8221;{}&#8221;]<\/p>\n<h3>localsearch: Successo per le PMI nel mondo digitale<\/h3>\n<div class=\"et_pb_blurb_description\">\n<p>Localsearch \u00e8 il partner leader di marketing e pubblicit\u00e0 per le PMI svizzere e gestisce local.ch e search.ch, le piattaforme di elenchi telefonici pi\u00f9 utilizzate in Svizzera. Localsearch aiuta le PMI svizzere ad avere successo nel mondo digitale. Azienda con una lunga storia e radici nell&#8217;elenco telefonico cartaceo, Localsearch \u00e8 oggi il partner consolidato per tutte le esigenze digitali delle PMI svizzere.<\/p>\n<p>I clienti Fasoon beneficiano di due offerte speciali di Localsearch. Scopri come usufruire di queste offerte quando utilizzi uno dei nostri servizi. Se sei gi\u00e0 nostro cliente e desideri maggiori informazioni su queste offerte, <a href=\"https:\/\/fasoon.ch\/it\/contatto\/\">contattaci<\/a>.<\/p>\n<\/div>\n<p>[\/et_pb_text][\/et_pb_column][et_pb_column type=&#8221;1_3&#8243; _builder_version=&#8221;4.27.4&#8243; _module_preset=&#8221;default&#8221; custom_padding=&#8221;20px||20px|50px|false|false&#8221; custom_padding_tablet=&#8221;20px||30px|20px|false|false&#8221; custom_padding_phone=&#8221;20px||20px|0px|false|false&#8221; custom_padding_last_edited=&#8221;on|phone&#8221; border_color_top=&#8221;#8c8c91&#8243; border_width_left=&#8221;1px&#8221; border_color_left=&#8221;#464646&#8243; border_width_all_tablet=&#8221;&#8221; border_width_all_phone=&#8221;&#8221; border_width_all_last_edited=&#8221;on|tablet&#8221; border_width_top_tablet=&#8221;1px&#8221; border_width_top_phone=&#8221;1px&#8221; border_width_top_last_edited=&#8221;on|phone&#8221; border_width_bottom_tablet=&#8221;0px&#8221; border_width_bottom_phone=&#8221;0px&#8221; border_width_bottom_last_edited=&#8221;on|phone&#8221; border_width_left_tablet=&#8221;0px&#8221; border_width_left_phone=&#8221;0px&#8221; border_width_left_last_edited=&#8221;on|phone&#8221; global_colors_info=&#8221;{}&#8221;][et_pb_text disabled_on=&#8221;on|on|off&#8221; admin_label=&#8221;Partner &#8211; Questions?&#8221; _builder_version=&#8221;4.27.4&#8243; _module_preset=&#8221;default&#8221; text_font=&#8221;|600|||||||&#8221; text_text_color=&#8221;#464646&#8243; text_font_size=&#8221;26px&#8221; custom_margin=&#8221;||5px||false|false&#8221; text_font_size_tablet=&#8221;22px&#8221; text_font_size_phone=&#8221;20px&#8221; text_font_size_last_edited=&#8221;on|phone&#8221; global_module=&#8221;47784&#8243; saved_tabs=&#8221;all&#8221; global_colors_info=&#8221;{}&#8221;]<\/p>\n<p>Avete domande?<\/p>\n<p>[\/et_pb_text][et_pb_image src=&#8221;https:\/\/fasoon.ch\/wp-content\/uploads\/2025\/08\/LocalSearch_left.svg&#8221; title_text=&#8221;Baloise&#8221; show_bottom_space=&#8221;off&#8221; align_tablet=&#8221;left&#8221; align_phone=&#8221;left&#8221; align_last_edited=&#8221;on|phone&#8221; admin_label=&#8221;Partner &#8211; Logo&#8221; _builder_version=&#8221;4.27.4&#8243; _module_preset=&#8221;default&#8221; width_tablet=&#8221;50%&#8221; width_phone=&#8221;50%&#8221; width_last_edited=&#8221;off|desktop&#8221; max_width=&#8221;220px&#8221; max_width_tablet=&#8221;200px&#8221; max_width_phone=&#8221;180px&#8221; max_width_last_edited=&#8221;on|desktop&#8221; module_alignment=&#8221;left&#8221; max_height=&#8221;100px&#8221; max_height_tablet=&#8221;75px&#8221; max_height_phone=&#8221;50px&#8221; max_height_last_edited=&#8221;on|phone&#8221; custom_margin=&#8221;||||false|false&#8221; custom_margin_tablet=&#8221;||||false|false&#8221; custom_margin_phone=&#8221;||||false|false&#8221; custom_margin_last_edited=&#8221;off|desktop&#8221; custom_padding=&#8221;30px||30px||false|false&#8221; custom_padding_tablet=&#8221;20px||20px||false|false&#8221; custom_padding_phone=&#8221;10px||10px||false|false&#8221; custom_padding_last_edited=&#8221;on|phone&#8221; module_alignment_tablet=&#8221;left&#8221; module_alignment_phone=&#8221;left&#8221; module_alignment_last_edited=&#8221;on|desktop&#8221; global_module=&#8221;47790&#8243; saved_tabs=&#8221;all&#8221; global_colors_info=&#8221;{}&#8221;][\/et_pb_image][et_pb_text admin_label=&#8221;Partner &#8211; Adress&#8221; _builder_version=&#8221;4.27.4&#8243; _module_preset=&#8221;default&#8221; text_text_color=&#8221;#464646&#8243; background_size=&#8221;initial&#8221; background_position=&#8221;top_left&#8221; background_repeat=&#8221;repeat&#8221; custom_margin=&#8221;||15px||false|false&#8221; global_module=&#8221;47791&#8243; saved_tabs=&#8221;all&#8221; global_colors_info=&#8221;{}&#8221;]<\/p>\n<div class=\"font-m\">localsearch<\/div>\n<div class=\"font-m\">Swisscom Directories AG<\/div>\n<div class=\"font-m\">F\u00f6rrlibuckstrasse 62<\/div>\n<div class=\"font-m\">8005 Z\u00fcrich<\/div>\n<p>[\/et_pb_text][et_pb_blurb url_new_window=&#8221;on&#8221; image=&#8221;https:\/\/fasoon.ch\/wp-content\/uploads\/2025\/08\/Icon_Web.svg&#8221; icon_placement=&#8221;left&#8221; image_icon_width=&#8221;28px&#8221; content_max_width=&#8221;100%&#8221; image_icon_width_tablet=&#8221;24px&#8221; image_icon_width_phone=&#8221;20px&#8221; image_icon_width_last_edited=&#8221;on|phone&#8221; admin_label=&#8221;Partner &#8211; Web&#8221; _builder_version=&#8221;4.27.4&#8243; _module_preset=&#8221;default&#8221; body_text_color=&#8221;#464646&#8243; body_font_size=&#8221;20px&#8221; image_icon_custom_margin=&#8221;0px|0px||0px|false|false&#8221; image_icon_custom_margin_tablet=&#8221;|0px|||false|false&#8221; image_icon_custom_margin_phone=&#8221;0px|||10px|false|false&#8221; image_icon_custom_margin_last_edited=&#8221;on|desktop&#8221; image_icon_custom_padding=&#8221;5px||||false|false&#8221; width_phone=&#8221;50%&#8221; width_last_edited=&#8221;off|phone&#8221; custom_margin=&#8221;||15px||false|false&#8221; custom_margin_tablet=&#8221;||10px||false|false&#8221; custom_margin_phone=&#8221;||5px|-10px|false|false&#8221; custom_margin_last_edited=&#8221;on|phone&#8221; animation=&#8221;off&#8221; link_option_url=&#8221;https:\/\/www.localsearch.ch\/?utm_source=Fasoon&#038;utm_medium=landingpage&#038;utm_campaign=partner&#038;utm_content=de&#8221; link_option_url_new_window=&#8221;on&#8221; body_font_size_tablet=&#8221;18px&#8221; body_font_size_phone=&#8221;16px&#8221; body_font_size_last_edited=&#8221;on|desktop&#8221; custom_css_blurb_content=&#8221;margin: 0;&#8221; global_module=&#8221;47794&#8243; saved_tabs=&#8221;all&#8221; global_colors_info=&#8221;{}&#8221;]<\/p>\n<p>www.localsearch.ch<\/p>\n<p>[\/et_pb_blurb][\/et_pb_column][\/et_pb_row][\/et_pb_section][et_pb_section fb_built=&#8221;1&#8243; _builder_version=&#8221;4.16&#8243; custom_margin=&#8221;40px||||false|false&#8221; global_colors_info=&#8221;{}&#8221;][et_pb_row _builder_version=&#8221;4.16&#8243; custom_margin=&#8221;||||false|false&#8221; global_colors_info=&#8221;{}&#8221;][et_pb_column type=&#8221;4_4&#8243; _builder_version=&#8221;4.16&#8243; global_colors_info=&#8221;{}&#8221;][et_pb_divider _builder_version=&#8221;4.16&#8243; _module_preset=&#8221;default&#8221; global_colors_info=&#8221;{}&#8221;][\/et_pb_divider][et_pb_video src=&#8221;https:\/\/youtu.be\/XQ_y0sjyPb0&#8243; _builder_version=&#8221;4.27.4&#8243; _module_preset=&#8221;default&#8221; max_width=&#8221;58%&#8221; max_width_tablet=&#8221;90%&#8221; max_width_phone=&#8221;90%&#8221; max_width_last_edited=&#8221;on|phone&#8221; module_alignment=&#8221;center&#8221; global_colors_info=&#8221;{}&#8221;][\/et_pb_video][et_pb_blurb title=&#8221;SWISS LIST kostenlos&#8221; image=&#8221;https:\/\/fasoon.ch\/wp-content\/uploads\/2020\/10\/spezial_Angebot.png&#8221; icon_placement=&#8221;left&#8221; content_max_width=&#8221;80%&#8221; admin_label=&#8221;Info SWISS LIST&#8221; _builder_version=&#8221;4.27.4&#8243; header_font_size=&#8221;28px&#8221; module_alignment=&#8221;center&#8221; custom_margin=&#8221;3%||||false|false&#8221; custom_padding=&#8221;3%||||false|false&#8221; animation=&#8221;off&#8221; custom_css_blurb_image=&#8221;width: 100px;||padding-right: 20px;&#8221; custom_css_blurb_content=&#8221;padding-top: -20px;&#8221; global_colors_info=&#8221;{}&#8221;]<\/p>\n<p><strong>SWISS LIST \u2013 Presenza online essenziale per ogni PMI<\/strong><\/p>\n<p>L&#8217;80% dei residenti in Svizzera utilizza Internet per trovare informazioni su aziende, prodotti e servizi locali. Pertanto, non \u00e8 mai stato cos\u00ec importante per la tua PMI essere presente sulle principali piattaforme online. Con SWISS LIST, il profilo della tua azienda viene pubblicato su local.ch, search.ch, Google e Bing, nonch\u00e9 sui servizi di mappe e sui sistemi di navigazione delle principali case automobilistiche. Questo si traduce in un posizionamento migliore e una visualizzazione ottimale su questi motori di ricerca e piattaforme.<\/p>\n<p><strong>Prezzo normale: CHF 5.-\/mese<\/strong><\/p>\n<p>[\/et_pb_blurb][et_pb_blurb use_icon=&#8221;on&#8221; font_icon=&#8221;&#x69;||divi||400&#8243; icon_placement=&#8221;left&#8221; content_max_width=&#8221;80%&#8221; disabled_on=&#8221;on|on|on&#8221; admin_label=&#8221;Downloads&#8221; _builder_version=&#8221;4.27.4&#8243; header_font_size=&#8221;28px&#8221; module_alignment=&#8221;center&#8221; custom_margin=&#8221;3%||||false|false&#8221; custom_padding=&#8221;3%||||false|false&#8221; animation=&#8221;off&#8221; custom_css_blurb_image=&#8221;width: 100px;||padding-right: 20px;&#8221; custom_css_blurb_content=&#8221;padding-top: -20px;&#8221; disabled=&#8221;on&#8221; global_colors_info=&#8221;{}&#8221;]<\/p>\n<p><b>Folgende Checklisten von localsearch helfen Jungunternehmen und Startups<\/b><\/p>\n<ul>\n<li>Download Checkliste: <a href=\"https:\/\/fasoon.ch\/wp-content\/uploads\/2023\/05\/localsearch-checkliste-marketing-DE.pdf\" target=\"_blank\" rel=\"noopener\">Zielf\u00fchrendes Marketing<\/a><\/li>\n<li>Download Checkliste: <a href=\"https:\/\/fasoon.ch\/wp-content\/uploads\/2023\/05\/localsearch-checkliste-webpraesenz-DE.pdf\" target=\"_blank\" rel=\"noopener\">Kraftvolle Webpr\u00e4senz<\/a><\/li>\n<li>Download Checkliste: <a href=\"https:\/\/fasoon.ch\/wp-content\/uploads\/2023\/05\/localsearch-checkliste-deine-marke-DE.pdf\" target=\"_blank\" rel=\"noopener\">Gelungener Markenauftritt<\/a><\/li>\n<\/ul>\n<p>[\/et_pb_blurb][et_pb_divider show_divider=&#8221;off&#8221; _builder_version=&#8221;4.16&#8243; _module_preset=&#8221;default&#8221; global_colors_info=&#8221;{}&#8221;][\/et_pb_divider][\/et_pb_column][\/et_pb_row][et_pb_row _builder_version=&#8221;4.16&#8243; _module_preset=&#8221;default&#8221; global_colors_info=&#8221;{}&#8221;][et_pb_column type=&#8221;4_4&#8243; _builder_version=&#8221;4.16&#8243; _module_preset=&#8221;default&#8221; global_colors_info=&#8221;{}&#8221;][et_pb_divider _builder_version=&#8221;4.16&#8243; _module_preset=&#8221;default&#8221; global_colors_info=&#8221;{}&#8221;][\/et_pb_divider][et_pb_blurb title=&#8221;DigitalONE S, kostenloses und unverbindliches Beratungsgespr\u00e4ch&#8221; image=&#8221;https:\/\/fasoon.ch\/wp-content\/uploads\/2020\/10\/spezial_Angebot.png&#8221; icon_placement=&#8221;left&#8221; content_max_width=&#8221;80%&#8221; admin_label=&#8221;Info digitalONE&#8221; _builder_version=&#8221;4.27.4&#8243; header_font_size=&#8221;28px&#8221; module_alignment=&#8221;center&#8221; custom_margin=&#8221;3%||||false|false&#8221; custom_padding=&#8221;3%||||false|false&#8221; animation=&#8221;off&#8221; custom_css_blurb_image=&#8221;width: 100px;||padding-right: 20px;&#8221; custom_css_blurb_content=&#8221;padding-top: -20px;&#8221; global_colors_info=&#8221;{}&#8221;]<\/p>\n<p><strong>digitalONE \u2013 Il Pacchetto Successo per la tua PMI<\/strong><\/p>\n<p>digitalONE \u00e8 il primo prodotto sul mercato svizzero che combina tutte le tue esigenze online in un&#8217;unica soluzione.<\/p>\n<p>Con un unico prodotto, ricevi:<\/p>\n<ul>\n<li>un profilo PMI (indirizzo, orari di apertura, immagini, ecc.) per essere trovato su tutte le principali piattaforme online<\/li>\n<li>uno strumento di prenotazione online gratuito per consentire ai tuoi clienti di prenotare online<\/li>\n<li>un sito web gratuito ottimizzato per dispositivi mobili che mostra a colpo d&#8217;occhio le informazioni pi\u00f9 importanti della tua PMI<\/li>\n<li>una gestione centralizzata delle recensioni online per rispondere rapidamente al feedback dei clienti<\/li>\n<li>un negozio online che ti consente di offrire ai tuoi clienti un&#8217;esperienza di acquisto 24 ore su 24, 7 giorni su 7<\/li>\n<\/ul>\n<p>&nbsp;<\/p>\n<p>[\/et_pb_blurb][et_pb_divider show_divider=&#8221;off&#8221; _builder_version=&#8221;4.16&#8243; _module_preset=&#8221;default&#8221; height=&#8221;40px&#8221; global_colors_info=&#8221;{}&#8221;][\/et_pb_divider][et_pb_image _builder_version=&#8221;4.16&#8243; _module_preset=&#8221;default&#8221; global_colors_info=&#8221;{}&#8221;][\/et_pb_image][\/et_pb_column][\/et_pb_row][et_pb_row module_id=&#8221;contactform&#8221; _builder_version=&#8221;4.16&#8243; _module_preset=&#8221;default&#8221; global_colors_info=&#8221;{}&#8221;][et_pb_column type=&#8221;4_4&#8243; _builder_version=&#8221;4.16&#8243; _module_preset=&#8221;default&#8221; global_colors_info=&#8221;{}&#8221;][et_pb_text _builder_version=&#8221;4.27.4&#8243; _module_preset=&#8221;default&#8221; header_4_font=&#8221;|600|||||||&#8221; header_4_text_align=&#8221;center&#8221; global_colors_info=&#8221;{}&#8221;]<\/p>\n<h4>Registrati subito e approfittane!<\/h4>\n<p>[\/et_pb_text][et_pb_code _builder_version=&#8221;4.16&#8243; _module_preset=&#8221;default&#8221; width=&#8221;80%&#8221; module_alignment=&#8221;right&#8221; custom_margin=&#8221;||||false|false&#8221; global_colors_info=&#8221;{}&#8221;]<\/p>\n<div id=\"zf_div_QsKmIVeUwNOm3yU_2Ve7cP1YSX1qjS_rZanKg_-EKU0\"><\/div>\n<p><script type=\"text\/javascript\">(function() {<!-- [et_pb_line_break_holder] -->try{<!-- [et_pb_line_break_holder] -->var f = document.createElement(\"iframe\");<!-- [et_pb_line_break_holder] -->f.src = 'https:\/\/form.fasoon.ch\/damianthurnheer\/form\/LocalsearchKontakt\/formperma\/QsKmIVeUwNOm3yU_2Ve7cP1YSX1qjS_rZanKg_-EKU0?zf_rszfm=1';<!-- [et_pb_line_break_holder] -->f.style.border=\"none\";<!-- [et_pb_line_break_holder] -->f.style.height=\"504px\";<!-- [et_pb_line_break_holder] -->f.style.width=\"90%\";<!-- [et_pb_line_break_holder] -->f.style.transition=\"all 0.5s ease\";<!-- [et_pb_line_break_holder] -->var d = document.getElementById(\"zf_div_QsKmIVeUwNOm3yU_2Ve7cP1YSX1qjS_rZanKg_-EKU0\");<!-- [et_pb_line_break_holder] -->d.appendChild(f);<!-- [et_pb_line_break_holder] -->window.addEventListener('message', function (){<!-- [et_pb_line_break_holder] -->var evntData = event.data;<!-- [et_pb_line_break_holder] -->if( evntData && evntData.constructor == String ){<!-- [et_pb_line_break_holder] -->var zf_ifrm_data = evntData.split(\"|\");<!-- [et_pb_line_break_holder] -->if ( zf_ifrm_data.length == 2 ) {<!-- [et_pb_line_break_holder] -->var zf_perma = zf_ifrm_data[0];<!-- [et_pb_line_break_holder] -->var zf_ifrm_ht_nw = ( parseInt(zf_ifrm_data[1], 10) + 15 ) + \"px\";<!-- [et_pb_line_break_holder] -->var iframe = document.getElementById(\"zf_div_QsKmIVeUwNOm3yU_2Ve7cP1YSX1qjS_rZanKg_-EKU0\").getElementsByTagName(\"iframe\")[0];<!-- [et_pb_line_break_holder] -->if ( (iframe.src).indexOf('formperma') > 0 && (iframe.src).indexOf(zf_perma) > 0 ) {<!-- [et_pb_line_break_holder] -->var prevIframeHeight = iframe.style.height;<!-- [et_pb_line_break_holder] -->if ( prevIframeHeight != zf_ifrm_ht_nw ) {<!-- [et_pb_line_break_holder] -->iframe.style.height = zf_ifrm_ht_nw;<!-- [et_pb_line_break_holder] -->}<!-- [et_pb_line_break_holder] -->}<!-- [et_pb_line_break_holder] -->}<!-- [et_pb_line_break_holder] -->}<!-- [et_pb_line_break_holder] -->}, false);<!-- [et_pb_line_break_holder] -->}catch(e){}<!-- [et_pb_line_break_holder] -->})();<\/script>[\/et_pb_code][\/et_pb_column][\/et_pb_row][\/et_pb_section][et_pb_section fb_built=&#8221;1&#8243; admin_label=&#8221;CTA Foundation + Consultation&#8221; module_class=&#8221;background-grey&#8221; _builder_version=&#8221;4.27.4&#8243; _module_preset=&#8221;default&#8221; background_enable_color=&#8221;off&#8221; custom_margin=&#8221;||-50px||false|false&#8221; custom_padding=&#8221;||||false|false&#8221; saved_tabs=&#8221;all&#8221; locked=&#8221;off&#8221; collapsed=&#8221;off&#8221; global_colors_info=&#8221;{}&#8221; global_module=&#8221;49119&#8243; theme_builder_area=&#8221;post_content&#8221;][et_pb_row _builder_version=&#8221;4.27.4&#8243; _module_preset=&#8221;default&#8221; custom_css_free_form=&#8221;selector{||  text-align: center;||}||selector .btn-white-arrow {||    margin-right: 32px;||    padding: 11px 20px;||  \tfont-size: 20px;||\t\twidth: 100%;||\t\tmax-width: 274px;||}||||selector .btn-white-arrow:after {||    position: absolute;||    right: 14px;||    top: 13px;||}||||@media (max-width: 981px) {||  selector .btn-white-arrow {||    margin-bottom: 25px;||    padding: 11px 20px;||    padding: 7px 12px;||    font-size: 16px;||    max-width: 215px;||}||  selector .btn-white-arrow:after {||  \twidth: 11px;||    height: 16px;||    position: absolute;||    right: 12px;||    top: 11px;||}||||}||||@media (max-width: 555px) {||  selector .btn-white-arrow {||    margin-right: 0 ;||  }||}&#8221; global_colors_info=&#8221;{}&#8221; theme_builder_area=&#8221;post_content&#8221;][et_pb_column type=&#8221;4_4&#8243; _builder_version=&#8221;4.27.4&#8243; _module_preset=&#8221;default&#8221; global_colors_info=&#8221;{}&#8221; theme_builder_area=&#8221;post_content&#8221;][et_pb_text admin_label=&#8221;Are you ready?&#8221; _builder_version=&#8221;4.27.4&#8243; _module_preset=&#8221;default&#8221; text_orientation=&#8221;center&#8221; custom_margin_tablet=&#8221;25px||||false|false&#8221; custom_margin_phone=&#8221;25px||||false|false&#8221; custom_margin_last_edited=&#8221;off|desktop&#8221; global_colors_info=&#8221;{}&#8221; theme_builder_area=&#8221;post_content&#8221;]<\/p>\n<h2 style=\"padding-bottom: 0;\"><strong>Siete pronti?<\/strong><br \/>Create subito la vostra azienda.<\/h2>\n<p>[\/et_pb_text][et_pb_text admin_label=&#8221;Our team already helped&#8230;&#8221; _builder_version=&#8221;4.27.4&#8243; _module_preset=&#8221;default&#8221; text_font=&#8221;|300|||||||&#8221; text_font_size=&#8221;28px&#8221; text_line_height=&#8221;28px&#8221; text_orientation=&#8221;center&#8221; custom_margin=&#8221;||0px||false|false&#8221; custom_padding=&#8221;50px||50px||false|false&#8221; custom_padding_tablet=&#8221;20px||25px||false|false&#8221; custom_padding_phone=&#8221;20px||25px||false|false&#8221; custom_padding_last_edited=&#8221;on|tablet&#8221; text_font_size_tablet=&#8221;22px&#8221; text_font_size_phone=&#8221;22px&#8221; text_font_size_last_edited=&#8221;on|tablet&#8221; global_colors_info=&#8221;{}&#8221; theme_builder_area=&#8221;post_content&#8221;]<\/p>\n<p>Il nostro team ha gi\u00e0 aiutato migliaia di imprenditori ad avviare la propria impresa.<br \/>In modo rapido, con il miglior servizio e ai prezzi pi\u00f9 convenienti.<\/p>\n<p>[\/et_pb_text][et_pb_text admin_label=&#8221;btn Beratungsgespr\u00e4ch&#8221; _builder_version=&#8221;4.27.4&#8243; _module_preset=&#8221;default&#8221; text_orientation=&#8221;center&#8221; custom_margin_tablet=&#8221;||0px||false|false&#8221; custom_margin_phone=&#8221;||0px||false|false&#8221; custom_margin_last_edited=&#8221;off|desktop&#8221; global_colors_info=&#8221;{}&#8221; theme_builder_area=&#8221;post_content&#8221;]<\/p>\n<p><a class=\"submit set_up_btn btn btn-primary btn-white-arrow\" href=\"\/pre-release\/?page_id=28460\">Creare ora<\/a><a class=\"submit set_up_btn btn btn-primary btn-white-arrow\" href=\"\/pre-release\/?page_id=28475\">Contattaci<\/a><\/p>\n<p>[\/et_pb_text][\/et_pb_column][\/et_pb_row][\/et_pb_section]<\/p>\n","protected":false},"excerpt":{"rendered":"excerpt","protected":false},"author":10,"featured_media":0,"parent":34858,"menu_order":0,"comment_status":"closed","ping_status":"closed","template":"","meta":{"_acf_changed":false,"_et_pb_use_builder":"on","_et_pb_old_content":"","_et_gb_content_width":"","sync_status":"","episode_type":"","audio_file":"","castos_file_data":"","podmotor_file_id":"","cover_image":"","cover_image_id":"","duration":"","filesize":"","filesize_raw":"","date_recorded":"","explicit":"","block":"","footnotes":""},"class_list":["post-51884","page","type-page","status-publish","hentry"],"aioseo_notices":[],"acf":[],"_links":{"self":[{"href":"https:\/\/fasoon.ch\/it\/wp-json\/wp\/v2\/pages\/51884","targetHints":{"allow":["GET"]}}],"collection":[{"href":"https:\/\/fasoon.ch\/it\/wp-json\/wp\/v2\/pages"}],"about":[{"href":"https:\/\/fasoon.ch\/it\/wp-json\/wp\/v2\/types\/page"}],"author":[{"embeddable":true,"href":"https:\/\/fasoon.ch\/it\/wp-json\/wp\/v2\/users\/10"}],"replies":[{"embeddable":true,"href":"https:\/\/fasoon.ch\/it\/wp-json\/wp\/v2\/comments?post=51884"}],"version-history":[{"count":8,"href":"https:\/\/fasoon.ch\/it\/wp-json\/wp\/v2\/pages\/51884\/revisions"}],"predecessor-version":[{"id":51893,"href":"https:\/\/fasoon.ch\/it\/wp-json\/wp\/v2\/pages\/51884\/revisions\/51893"}],"up":[{"embeddable":true,"href":"https:\/\/fasoon.ch\/it\/wp-json\/wp\/v2\/pages\/34858"}],"wp:attachment":[{"href":"https:\/\/fasoon.ch\/it\/wp-json\/wp\/v2\/media?parent=51884"}],"curies":[{"name":"wp","href":"https:\/\/api.w.org\/{rel}","templated":true}]}}