{"id":51622,"date":"2026-02-26T12:14:26","date_gmt":"2026-02-26T11:14:26","guid":{"rendered":"https:\/\/fasoon.ch\/?page_id=51622"},"modified":"2026-03-16T08:29:54","modified_gmt":"2026-03-16T07:29:54","slug":"valiant","status":"publish","type":"page","link":"https:\/\/fasoon.ch\/it\/chi-siamo\/i-nostri-partner\/valiant\/","title":{"rendered":"Valiant"},"content":{"rendered":"<p>[et_pb_section fb_built=&#8221;1&#8243; admin_label=&#8221;Description and Contact&#8221; _builder_version=&#8221;4.27.4&#8243; locked=&#8221;off&#8221; collapsed=&#8221;off&#8221; global_colors_info=&#8221;{}&#8221;][et_pb_row admin_label=&#8221;Header Title&#8221; _builder_version=&#8221;4.27.4&#8243; background_size=&#8221;initial&#8221; background_position=&#8221;top_left&#8221; background_repeat=&#8221;repeat&#8221; global_colors_info=&#8221;{}&#8221;][et_pb_column type=&#8221;4_4&#8243; _builder_version=&#8221;4.16&#8243; custom_padding=&#8221;|||&#8221; global_colors_info=&#8221;{}&#8221; custom_padding__hover=&#8221;|||&#8221;][et_pb_text admin_label=&#8221;Alles, was dein Unternehmen braucht&#8221; _builder_version=&#8221;4.27.4&#8243; background_size=&#8221;initial&#8221; background_position=&#8221;top_left&#8221; background_repeat=&#8221;repeat&#8221; use_border_color=&#8221;off&#8221; global_colors_info=&#8221;{}&#8221;]<\/p>\n<h1 class=\"information-title\"><strong>Il tuo conto aziendale in 72 ore<\/strong><br \/>Apri un conto in modo rapido ed efficiente<\/h1>\n<p>[\/et_pb_text][\/et_pb_column][\/et_pb_row][et_pb_row column_structure=&#8221;2_3,1_3&#8243; admin_label=&#8221;Partner &#8211; Intro (2\/3) and Contact (1\/3)&#8221; _builder_version=&#8221;4.27.4&#8243; _module_preset=&#8221;default&#8221; custom_margin=&#8221;40px||40px||false|false&#8221; custom_margin_tablet=&#8221;0px||0px||false|false&#8221; custom_margin_phone=&#8221;0px||||false|false&#8221; custom_margin_last_edited=&#8221;on|phone&#8221; saved_tabs=&#8221;all&#8221; locked=&#8221;off&#8221; global_colors_info=&#8221;{}&#8221;][et_pb_column type=&#8221;2_3&#8243; _builder_version=&#8221;4.27.4&#8243; _module_preset=&#8221;default&#8221; custom_padding=&#8221;20px||20px||false|false&#8221; custom_padding_tablet=&#8221;20px||30px||false|false&#8221; custom_padding_phone=&#8221;20px||20px||false|false&#8221; custom_padding_last_edited=&#8221;on|phone&#8221; global_colors_info=&#8221;{}&#8221;][et_pb_text admin_label=&#8221;Beschreibungstext Partner&#8221; _builder_version=&#8221;4.27.4&#8243; _module_preset=&#8221;default&#8221; header_3_font=&#8221;|600|||||||&#8221; header_3_text_color=&#8221;#464646&#8243; header_3_font_size=&#8221;20px&#8221; header_3_font_size_tablet=&#8221;18px&#8221; header_3_font_size_phone=&#8221;16px&#8221; header_3_font_size_last_edited=&#8221;on|desktop&#8221; global_colors_info=&#8221;{}&#8221;]<\/p>\n<h3>Valiant Bank<\/h3>\n<p>Avviare un&#8217;attivit\u00e0 in modo semplice: Conto deposito capitale in CHF e EUR<\/p>\n<p>Desiderate costituire una societ\u00e0 per azioni (AG) o una societ\u00e0 a responsabilit\u00e0 limitata (GmbH) o aumentare il vostro capitale sociale? Con il conto deposito capitale di Valiant, il processo \u00e8 semplice e trasparente. Subito dopo la costituzione o l&#8217;aumento di capitale, accreditiamo l&#8217;importo sul vostro conto aziendale.<\/p>\n<p>[\/et_pb_text][\/et_pb_column][et_pb_column type=&#8221;1_3&#8243; _builder_version=&#8221;4.27.4&#8243; _module_preset=&#8221;default&#8221; custom_padding=&#8221;20px||20px|50px|false|false&#8221; custom_padding_tablet=&#8221;20px||30px|20px|false|false&#8221; custom_padding_phone=&#8221;20px||20px|0px|false|false&#8221; custom_padding_last_edited=&#8221;on|phone&#8221; border_color_top=&#8221;#8c8c91&#8243; border_width_left=&#8221;1px&#8221; border_color_left=&#8221;#464646&#8243; border_width_all_tablet=&#8221;&#8221; border_width_all_phone=&#8221;&#8221; border_width_all_last_edited=&#8221;on|tablet&#8221; border_width_top_tablet=&#8221;1px&#8221; border_width_top_phone=&#8221;1px&#8221; border_width_top_last_edited=&#8221;on|phone&#8221; border_width_bottom_tablet=&#8221;0px&#8221; border_width_bottom_phone=&#8221;0px&#8221; border_width_bottom_last_edited=&#8221;on|phone&#8221; border_width_left_tablet=&#8221;0px&#8221; border_width_left_phone=&#8221;0px&#8221; border_width_left_last_edited=&#8221;on|phone&#8221; global_colors_info=&#8221;{}&#8221;][et_pb_text disabled_on=&#8221;on|on|off&#8221; admin_label=&#8221;Partner &#8211; Questions?&#8221; _builder_version=&#8221;4.27.4&#8243; _module_preset=&#8221;default&#8221; text_font=&#8221;|600|||||||&#8221; text_text_color=&#8221;#464646&#8243; text_font_size=&#8221;26px&#8221; custom_margin=&#8221;||5px||false|false&#8221; text_font_size_tablet=&#8221;22px&#8221; text_font_size_phone=&#8221;20px&#8221; text_font_size_last_edited=&#8221;on|phone&#8221; global_module=&#8221;47784&#8243; saved_tabs=&#8221;all&#8221; global_colors_info=&#8221;{}&#8221;]<\/p>\n<p>Avete domande?<\/p>\n<p>[\/et_pb_text][et_pb_image src=&#8221;https:\/\/fasoon.ch\/wp-content\/uploads\/2026\/02\/Valiant_RGB.png&#8221; title_text=&#8221;Baloise&#8221; show_bottom_space=&#8221;off&#8221; align_tablet=&#8221;left&#8221; align_phone=&#8221;left&#8221; align_last_edited=&#8221;on|phone&#8221; admin_label=&#8221;Partner &#8211; Logo&#8221; _builder_version=&#8221;4.27.4&#8243; _module_preset=&#8221;default&#8221; width_tablet=&#8221;50%&#8221; width_phone=&#8221;50%&#8221; width_last_edited=&#8221;off|desktop&#8221; max_width=&#8221;220px&#8221; max_width_tablet=&#8221;200px&#8221; max_width_phone=&#8221;180px&#8221; max_width_last_edited=&#8221;on|desktop&#8221; module_alignment=&#8221;left&#8221; max_height=&#8221;100px&#8221; max_height_tablet=&#8221;75px&#8221; max_height_phone=&#8221;50px&#8221; max_height_last_edited=&#8221;on|phone&#8221; custom_margin=&#8221;||||false|false&#8221; custom_margin_tablet=&#8221;||||false|false&#8221; custom_margin_phone=&#8221;||||false|false&#8221; custom_margin_last_edited=&#8221;off|desktop&#8221; custom_padding=&#8221;30px||30px||false|false&#8221; custom_padding_tablet=&#8221;20px||20px||false|false&#8221; custom_padding_phone=&#8221;10px||10px||false|false&#8221; custom_padding_last_edited=&#8221;on|phone&#8221; module_alignment_tablet=&#8221;left&#8221; module_alignment_phone=&#8221;left&#8221; module_alignment_last_edited=&#8221;on|desktop&#8221; global_module=&#8221;47790&#8243; saved_tabs=&#8221;all&#8221; global_colors_info=&#8221;{}&#8221;][\/et_pb_image][et_pb_text admin_label=&#8221;Partner &#8211; Adress&#8221; _builder_version=&#8221;4.27.4&#8243; _module_preset=&#8221;default&#8221; text_text_color=&#8221;#464646&#8243; background_size=&#8221;initial&#8221; background_position=&#8221;top_left&#8221; background_repeat=&#8221;repeat&#8221; custom_margin=&#8221;||15px||false|false&#8221; global_module=&#8221;47791&#8243; saved_tabs=&#8221;all&#8221; global_colors_info=&#8221;{}&#8221;]<\/p>\n<p>Valiant Bank AG<br \/>Bundesplatz 4<br \/>Postfach<br \/>3001 Bern<\/p>\n<p>[\/et_pb_text][et_pb_blurb url_new_window=&#8221;on&#8221; image=&#8221;https:\/\/fasoon.ch\/wp-content\/uploads\/2025\/08\/Icon_Tel.svg&#8221; icon_placement=&#8221;left&#8221; image_icon_width=&#8221;28px&#8221; content_max_width=&#8221;100%&#8221; image_icon_width_tablet=&#8221;24px&#8221; image_icon_width_phone=&#8221;20px&#8221; image_icon_width_last_edited=&#8221;on|phone&#8221; admin_label=&#8221;Partner &#8211; Phone&#8221; _builder_version=&#8221;4.27.4&#8243; _module_preset=&#8221;default&#8221; header_font=&#8221;||||||||&#8221; header_text_align=&#8221;left&#8221; header_text_color=&#8221;#464646&#8243; header_font_size=&#8221;20px&#8221; body_text_color=&#8221;#464646&#8243; body_font_size=&#8221;20px&#8221; image_icon_custom_margin=&#8221;0px|0px|0px|0px|false|false&#8221; image_icon_custom_margin_tablet=&#8221;0px|0px|0px|0px|false|false&#8221; image_icon_custom_margin_phone=&#8221;0px|||10px|false|false&#8221; image_icon_custom_margin_last_edited=&#8221;on|phone&#8221; width_phone=&#8221;50%&#8221; width_last_edited=&#8221;off|phone&#8221; custom_margin=&#8221;0px|0px|15px|0px|false|false&#8221; custom_margin_tablet=&#8221;0px|0px|10px|0px|false|false&#8221; custom_margin_phone=&#8221;||5px|-10px|false|false&#8221; custom_margin_last_edited=&#8221;on|phone&#8221; custom_padding=&#8221;0px|0px|0px|0px|false|false&#8221; animation=&#8221;off&#8221; link_option_url=&#8221;tel:+41 31 320 91 11&#8243; link_option_url_new_window=&#8221;on&#8221; body_font_size_tablet=&#8221;18px&#8221; body_font_size_phone=&#8221;16px&#8221; body_font_size_last_edited=&#8221;on|phone&#8221; global_module=&#8221;47792&#8243; saved_tabs=&#8221;all&#8221; locked=&#8221;off&#8221; global_colors_info=&#8221;{}&#8221;]<\/p>\n<p>+41 31 320 91 11<\/p>\n<p>[\/et_pb_blurb][et_pb_blurb url_new_window=&#8221;on&#8221; image=&#8221;https:\/\/fasoon.ch\/wp-content\/uploads\/2025\/08\/Icon_Web.svg&#8221; icon_placement=&#8221;left&#8221; image_icon_width=&#8221;28px&#8221; content_max_width=&#8221;100%&#8221; image_icon_width_tablet=&#8221;24px&#8221; image_icon_width_phone=&#8221;20px&#8221; image_icon_width_last_edited=&#8221;on|phone&#8221; admin_label=&#8221;Partner &#8211; Web&#8221; _builder_version=&#8221;4.27.4&#8243; _module_preset=&#8221;default&#8221; body_text_color=&#8221;#464646&#8243; body_font_size=&#8221;20px&#8221; image_icon_custom_margin=&#8221;0px|0px||0px|false|false&#8221; image_icon_custom_margin_tablet=&#8221;|0px|||false|false&#8221; image_icon_custom_margin_phone=&#8221;0px|||10px|false|false&#8221; image_icon_custom_margin_last_edited=&#8221;on|desktop&#8221; image_icon_custom_padding=&#8221;5px||||false|false&#8221; width_phone=&#8221;50%&#8221; width_last_edited=&#8221;off|phone&#8221; custom_margin=&#8221;||15px||false|false&#8221; custom_margin_tablet=&#8221;||10px||false|false&#8221; custom_margin_phone=&#8221;||5px|-10px|false|false&#8221; custom_margin_last_edited=&#8221;on|phone&#8221; animation=&#8221;off&#8221; link_option_url=&#8221;https:\/\/www.valiant.ch\/en\/geschaeftskunden\/?utm_source=Fasoon&#038;utm_medium=landingpage&#038;utm_campaign=partner&#038;utm_content=it&#8221; link_option_url_new_window=&#8221;on&#8221; body_font_size_tablet=&#8221;18px&#8221; body_font_size_phone=&#8221;16px&#8221; body_font_size_last_edited=&#8221;on|desktop&#8221; custom_css_blurb_content=&#8221;margin: 0;&#8221; global_module=&#8221;47794&#8243; saved_tabs=&#8221;all&#8221; global_colors_info=&#8221;{}&#8221;]<\/p>\n<p>www.valiant.ch<\/p>\n<p>[\/et_pb_blurb][\/et_pb_column][\/et_pb_row][\/et_pb_section][et_pb_section fb_built=&#8221;1&#8243; admin_label=&#8221;Warum&#8221; _builder_version=&#8221;4.27.4&#8243; custom_css_free_form=&#8221;selector{||  padding-top: 50px !important;||  padding-bottom: 50px !important;||}&#8221; collapsed=&#8221;off&#8221; global_colors_info=&#8221;{}&#8221; module_class=&#8221;background-grey&#8221; background_enable_color=&#8221;off&#8221;][et_pb_row _builder_version=&#8221;4.27.4&#8243; _module_preset=&#8221;default&#8221; global_colors_info=&#8221;{}&#8221;][et_pb_column type=&#8221;4_4&#8243; _builder_version=&#8221;4.27.4&#8243; _module_preset=&#8221;default&#8221; global_colors_info=&#8221;{}&#8221;][et_pb_text _builder_version=&#8221;4.27.4&#8243; _module_preset=&#8221;default&#8221; global_colors_info=&#8221;{}&#8221;]<\/p>\n<h3><strong>I tuoi vantaggi<\/strong><\/h3>\n<ul>\n<li>Elaborazione semplice e trasparente<\/li>\n<li>Conversione in un conto aziendale subito dopo la costituzione. In caso di aumento di capitale, il capitale viene rapidamente ritrasferito sul tuo conto aziendale.<\/li>\n<li>Apertura e liquidazione del conto gratuite<\/li>\n<\/ul>\n<p>&nbsp;<\/p>\n<h3><strong>Termini e condizioni<\/strong><\/h3>\n<ul>\n<li>Commissione: 1% dell&#8217;importo confermato (non soggetto a IVA) &#8211; minimo CHF 250,00, massimo CHF 2.000,00, pi\u00f9 CHF 500,00 se il capitale non viene trasferito su un conto aziendale Valiant dopo la costituzione\/aumento<\/li>\n<li>Disponibile anche in EUR<\/li>\n<\/ul>\n<p>I miei depositi sono protetti da un&#8217;assicurazione sui depositi? S\u00ec.<\/p>\n<p>[\/et_pb_text][\/et_pb_column][\/et_pb_row][\/et_pb_section][et_pb_section fb_built=&#8221;1&#8243; disabled_on=&#8221;off|off|off&#8221; admin_label=&#8221;Warum&#8221; _builder_version=&#8221;4.27.4&#8243; custom_css_free_form=&#8221;selector{||  padding-top: 50px !important;||  padding-bottom: 50px !important;||}&#8221; collapsed=&#8221;off&#8221; global_colors_info=&#8221;{}&#8221; background_enable_color=&#8221;off&#8221;][et_pb_row _builder_version=&#8221;4.27.4&#8243; _module_preset=&#8221;default&#8221; global_colors_info=&#8221;{}&#8221;][et_pb_column type=&#8221;4_4&#8243; _builder_version=&#8221;4.16&#8243; _module_preset=&#8221;default&#8221; global_colors_info=&#8221;{}&#8221;][et_pb_text admin_label=&#8221;Business Set Basic&#8221; _builder_version=&#8221;4.27.4&#8243; _module_preset=&#8221;default&#8221; global_colors_info=&#8221;{}&#8221;]<\/p>\n<h3 class=\"p1\"><strong>Business Set Basic<\/strong><\/h3>\n<p>[\/et_pb_text][\/et_pb_column][\/et_pb_row][et_pb_row column_structure=&#8221;1_2,1_2&#8243; _builder_version=&#8221;4.27.4&#8243; global_colors_info=&#8221;{}&#8221;][et_pb_column type=&#8221;1_2&#8243; _builder_version=&#8221;4.16&#8243; global_colors_info=&#8221;{}&#8221;][et_pb_blurb title=&#8221;Servizi inclusi&#8221; image=&#8221;https:\/\/fasoon.ch\/wp-content\/uploads\/2020\/12\/icons8_ok_128px.png&#8221; icon_placement=&#8221;left&#8221; admin_label=&#8221;Anforderungen erfassen&#8221; _builder_version=&#8221;4.27.4&#8243; header_font=&#8221;|700|||||||&#8221; header_text_color=&#8221;#000000&#8243; header_font_size=&#8221;20px&#8221; animation=&#8221;off&#8221; hover_enabled=&#8221;0&#8243; global_colors_info=&#8221;{}&#8221; sticky_enabled=&#8221;0&#8243;]<\/p>\n<ul>\n<li>1 conto in CHF o valuta estera<\/li>\n<li>Estratto conto annuale<\/li>\n<li>12 estratti conto per set all&#8217;anno<\/li>\n<li>120 transazioni per set all&#8217;anno<\/li>\n<\/ul>\n<p>CHF 12,00 al trimestre<\/p>\n<p>[\/et_pb_blurb][\/et_pb_column][et_pb_column type=&#8221;1_2&#8243; _builder_version=&#8221;4.16&#8243; global_colors_info=&#8221;{}&#8221;][et_pb_blurb title=&#8221;Ulteriori vantaggi&#8221; image=&#8221;https:\/\/fasoon.ch\/wp-content\/uploads\/2020\/12\/icons8_ok_128px.png&#8221; icon_placement=&#8221;left&#8221; admin_label=&#8221;Anforderungen erfassen&#8221; _builder_version=&#8221;4.27.4&#8243; header_font=&#8221;|700|||||||&#8221; header_text_color=&#8221;#000000&#8243; header_font_size=&#8221;20px&#8221; animation=&#8221;off&#8221; hover_enabled=&#8221;0&#8243; global_colors_info=&#8221;{}&#8221; sticky_enabled=&#8221;0&#8243;]<\/p>\n<ul>\n<li>\n<p>Sconto del 25% su tutte le carte di debito Mastercard<\/p>\n<\/li>\n<li>\n<p>Sconto del 25% su tutte le carte di credito aziendali<\/p>\n<\/li>\n<li>\n<p>Tutti i prelievi bancomat in tutto il mondo (con carta di debito Mastercard): gratuiti (escluse commissioni di terze parti)<\/p>\n<\/li>\n<li>\n<p>Offerte gratuite per Multibanking, BusinessNet e Tilbago<\/p>\n<\/li>\n<\/ul>\n<p>[\/et_pb_blurb][\/et_pb_column][\/et_pb_row][\/et_pb_section][et_pb_section fb_built=&#8221;1&#8243; admin_label=&#8221;CTA Foundation + Consultation&#8221; module_class=&#8221;background-grey&#8221; _builder_version=&#8221;4.27.4&#8243; _module_preset=&#8221;default&#8221; background_enable_color=&#8221;off&#8221; custom_margin=&#8221;||-50px||false|false&#8221; custom_padding=&#8221;||||false|false&#8221; global_module=&#8221;49119&#8243; saved_tabs=&#8221;all&#8221; locked=&#8221;off&#8221; collapsed=&#8221;off&#8221; global_colors_info=&#8221;{}&#8221;][et_pb_row _builder_version=&#8221;4.27.4&#8243; _module_preset=&#8221;default&#8221; custom_css_free_form=&#8221;selector{||  text-align: center;||}||selector .btn-white-arrow {||    margin-right: 32px;||    padding: 11px 20px;||  \tfont-size: 20px;||\t\twidth: 100%;||\t\tmax-width: 274px;||}||||selector .btn-white-arrow:after {||    position: absolute;||    right: 14px;||    top: 13px;||}||||@media (max-width: 981px) {||  selector .btn-white-arrow {||    margin-bottom: 25px;||    padding: 11px 20px;||    padding: 7px 12px;||    font-size: 16px;||    max-width: 215px;||}||  selector .btn-white-arrow:after {||  \twidth: 11px;||    height: 16px;||    position: absolute;||    right: 12px;||    top: 11px;||}||||}||||@media (max-width: 555px) {||  selector .btn-white-arrow {||    margin-right: 0 ;||  }||}&#8221; global_colors_info=&#8221;{}&#8221;][et_pb_column type=&#8221;4_4&#8243; _builder_version=&#8221;4.27.4&#8243; _module_preset=&#8221;default&#8221; global_colors_info=&#8221;{}&#8221;][et_pb_text admin_label=&#8221;Are you ready?&#8221; _builder_version=&#8221;4.27.4&#8243; _module_preset=&#8221;default&#8221; text_orientation=&#8221;center&#8221; custom_margin_tablet=&#8221;25px||||false|false&#8221; custom_margin_phone=&#8221;25px||||false|false&#8221; custom_margin_last_edited=&#8221;off|desktop&#8221; global_colors_info=&#8221;{}&#8221;]<\/p>\n<h2 style=\"padding-bottom: 0;\"><strong>Siete pronti?<\/strong><br \/>Create subito la vostra azienda.<\/h2>\n<p>[\/et_pb_text][et_pb_text admin_label=&#8221;Our team already helped&#8230;&#8221; _builder_version=&#8221;4.27.4&#8243; _module_preset=&#8221;default&#8221; text_font=&#8221;|300|||||||&#8221; text_font_size=&#8221;28px&#8221; text_line_height=&#8221;28px&#8221; text_orientation=&#8221;center&#8221; custom_margin=&#8221;||0px||false|false&#8221; custom_padding=&#8221;50px||50px||false|false&#8221; custom_padding_tablet=&#8221;20px||25px||false|false&#8221; custom_padding_phone=&#8221;20px||25px||false|false&#8221; custom_padding_last_edited=&#8221;on|tablet&#8221; text_font_size_tablet=&#8221;22px&#8221; text_font_size_phone=&#8221;22px&#8221; text_font_size_last_edited=&#8221;on|tablet&#8221; global_colors_info=&#8221;{}&#8221;]<\/p>\n<p>Il nostro team ha gi\u00e0 aiutato migliaia di imprenditori ad avviare la propria impresa.<br \/>In modo rapido, con il miglior servizio e ai prezzi pi\u00f9 convenienti.<\/p>\n<p>[\/et_pb_text][et_pb_text admin_label=&#8221;btn Beratungsgespr\u00e4ch&#8221; _builder_version=&#8221;4.27.4&#8243; _module_preset=&#8221;default&#8221; text_orientation=&#8221;center&#8221; custom_margin_tablet=&#8221;||0px||false|false&#8221; custom_margin_phone=&#8221;||0px||false|false&#8221; custom_margin_last_edited=&#8221;off|desktop&#8221; global_colors_info=&#8221;{}&#8221;]<\/p>\n<p><a class=\"submit set_up_btn btn btn-primary btn-white-arrow\" href=\"\/pre-release\/?page_id=28460\">Creare ora<\/a><a class=\"submit set_up_btn btn btn-primary btn-white-arrow\" href=\"\/pre-release\/?page_id=28475\">Contattaci<\/a><\/p>\n<p>[\/et_pb_text][\/et_pb_column][\/et_pb_row][\/et_pb_section]<\/p>\n","protected":false},"excerpt":{"rendered":"excerpt","protected":false},"author":10,"featured_media":0,"parent":34858,"menu_order":0,"comment_status":"closed","ping_status":"closed","template":"","meta":{"_acf_changed":false,"_et_pb_use_builder":"on","_et_pb_old_content":"","_et_gb_content_width":"","sync_status":"","episode_type":"","audio_file":"","castos_file_data":"","podmotor_file_id":"","cover_image":"","cover_image_id":"","duration":"","filesize":"","filesize_raw":"","date_recorded":"","explicit":"","block":"","footnotes":""},"class_list":["post-51622","page","type-page","status-publish","hentry"],"aioseo_notices":[],"acf":[],"_links":{"self":[{"href":"https:\/\/fasoon.ch\/it\/wp-json\/wp\/v2\/pages\/51622","targetHints":{"allow":["GET"]}}],"collection":[{"href":"https:\/\/fasoon.ch\/it\/wp-json\/wp\/v2\/pages"}],"about":[{"href":"https:\/\/fasoon.ch\/it\/wp-json\/wp\/v2\/types\/page"}],"author":[{"embeddable":true,"href":"https:\/\/fasoon.ch\/it\/wp-json\/wp\/v2\/users\/10"}],"replies":[{"embeddable":true,"href":"https:\/\/fasoon.ch\/it\/wp-json\/wp\/v2\/comments?post=51622"}],"version-history":[{"count":9,"href":"https:\/\/fasoon.ch\/it\/wp-json\/wp\/v2\/pages\/51622\/revisions"}],"predecessor-version":[{"id":52122,"href":"https:\/\/fasoon.ch\/it\/wp-json\/wp\/v2\/pages\/51622\/revisions\/52122"}],"up":[{"embeddable":true,"href":"https:\/\/fasoon.ch\/it\/wp-json\/wp\/v2\/pages\/34858"}],"wp:attachment":[{"href":"https:\/\/fasoon.ch\/it\/wp-json\/wp\/v2\/media?parent=51622"}],"curies":[{"name":"wp","href":"https:\/\/api.w.org\/{rel}","templated":true}]}}