{"id":51610,"date":"2026-02-26T11:56:40","date_gmt":"2026-02-26T10:56:40","guid":{"rendered":"https:\/\/fasoon.ch\/?page_id=51610"},"modified":"2026-03-16T10:14:38","modified_gmt":"2026-03-16T09:14:38","slug":"revolut","status":"publish","type":"page","link":"https:\/\/fasoon.ch\/it\/chi-siamo\/i-nostri-partner\/revolut\/","title":{"rendered":"Revolut"},"content":{"rendered":"<p>[et_pb_section fb_built=&#8221;1&#8243; admin_label=&#8221;Description and Contact&#8221; _builder_version=&#8221;4.27.4&#8243; locked=&#8221;off&#8221; collapsed=&#8221;off&#8221; global_colors_info=&#8221;{}&#8221;][et_pb_row admin_label=&#8221;Header Title&#8221; _builder_version=&#8221;4.27.4&#8243; background_size=&#8221;initial&#8221; background_position=&#8221;top_left&#8221; background_repeat=&#8221;repeat&#8221; global_colors_info=&#8221;{}&#8221;][et_pb_column type=&#8221;4_4&#8243; _builder_version=&#8221;4.16&#8243; custom_padding=&#8221;|||&#8221; global_colors_info=&#8221;{}&#8221; custom_padding__hover=&#8221;|||&#8221;][et_pb_text admin_label=&#8221;Alles, was dein Unternehmen braucht&#8221; _builder_version=&#8221;4.27.4&#8243; background_size=&#8221;initial&#8221; background_position=&#8221;top_left&#8221; background_repeat=&#8221;repeat&#8221; use_border_color=&#8221;off&#8221; global_colors_info=&#8221;{}&#8221;]<\/p>\n<h1 class=\"information-title\"><strong>Tutto ci\u00f2 di cui la tua azienda ha bisogno<\/strong><br \/>in un unico account<\/h1>\n<p>[\/et_pb_text][\/et_pb_column][\/et_pb_row][et_pb_row column_structure=&#8221;2_3,1_3&#8243; admin_label=&#8221;Partner &#8211; Intro (2\/3) and Contact (1\/3)&#8221; _builder_version=&#8221;4.27.4&#8243; _module_preset=&#8221;default&#8221; custom_margin=&#8221;40px||40px||false|false&#8221; custom_margin_tablet=&#8221;0px||0px||false|false&#8221; custom_margin_phone=&#8221;0px||||false|false&#8221; custom_margin_last_edited=&#8221;on|phone&#8221; saved_tabs=&#8221;all&#8221; locked=&#8221;off&#8221; global_colors_info=&#8221;{}&#8221;][et_pb_column type=&#8221;2_3&#8243; _builder_version=&#8221;4.27.4&#8243; _module_preset=&#8221;default&#8221; custom_padding=&#8221;20px||20px||false|false&#8221; custom_padding_tablet=&#8221;20px||30px||false|false&#8221; custom_padding_phone=&#8221;20px||20px||false|false&#8221; custom_padding_last_edited=&#8221;on|phone&#8221; global_colors_info=&#8221;{}&#8221;][et_pb_text admin_label=&#8221;Beschreibungstext Partner&#8221; _builder_version=&#8221;4.27.4&#8243; _module_preset=&#8221;default&#8221; header_3_font=&#8221;|600|||||||&#8221; header_3_text_color=&#8221;#464646&#8243; header_3_font_size=&#8221;20px&#8221; header_3_font_size_tablet=&#8221;18px&#8221; header_3_font_size_phone=&#8221;16px&#8221; header_3_font_size_last_edited=&#8221;on|desktop&#8221; global_colors_info=&#8221;{}&#8221;]<\/p>\n<h3>Revolut Business<\/h3>\n<p>Revolut Business combina servizi bancari, gestione delle spese e automazione contabile in una piattaforma digitale moderna: pi\u00f9 veloce, pi\u00f9 economica e pi\u00f9 flessibile delle banche tradizionali.<\/p>\n<p>[\/et_pb_text][\/et_pb_column][et_pb_column type=&#8221;1_3&#8243; _builder_version=&#8221;4.27.4&#8243; _module_preset=&#8221;default&#8221; custom_padding=&#8221;20px||20px|50px|false|false&#8221; custom_padding_tablet=&#8221;20px||30px|20px|false|false&#8221; custom_padding_phone=&#8221;20px||20px|0px|false|false&#8221; custom_padding_last_edited=&#8221;on|phone&#8221; border_color_top=&#8221;#8c8c91&#8243; border_width_left=&#8221;1px&#8221; border_color_left=&#8221;#464646&#8243; border_width_all_tablet=&#8221;&#8221; border_width_all_phone=&#8221;&#8221; border_width_all_last_edited=&#8221;on|tablet&#8221; border_width_top_tablet=&#8221;1px&#8221; border_width_top_phone=&#8221;1px&#8221; border_width_top_last_edited=&#8221;on|phone&#8221; border_width_bottom_tablet=&#8221;0px&#8221; border_width_bottom_phone=&#8221;0px&#8221; border_width_bottom_last_edited=&#8221;on|phone&#8221; border_width_left_tablet=&#8221;0px&#8221; border_width_left_phone=&#8221;0px&#8221; border_width_left_last_edited=&#8221;on|phone&#8221; global_colors_info=&#8221;{}&#8221;][et_pb_text disabled_on=&#8221;on|on|off&#8221; admin_label=&#8221;Partner &#8211; Questions?&#8221; _builder_version=&#8221;4.27.4&#8243; _module_preset=&#8221;default&#8221; text_font=&#8221;|600|||||||&#8221; text_text_color=&#8221;#464646&#8243; text_font_size=&#8221;26px&#8221; custom_margin=&#8221;||5px||false|false&#8221; text_font_size_tablet=&#8221;22px&#8221; text_font_size_phone=&#8221;20px&#8221; text_font_size_last_edited=&#8221;on|phone&#8221; global_module=&#8221;47784&#8243; saved_tabs=&#8221;all&#8221; global_colors_info=&#8221;{}&#8221;]<\/p>\n<p>Avete domande?<\/p>\n<p>[\/et_pb_text][et_pb_image src=&#8221;https:\/\/fasoon.ch\/wp-content\/uploads\/2025\/05\/Revolut-Business_short.png&#8221; title_text=&#8221;Baloise&#8221; show_bottom_space=&#8221;off&#8221; align_tablet=&#8221;left&#8221; align_phone=&#8221;left&#8221; align_last_edited=&#8221;on|phone&#8221; admin_label=&#8221;Partner &#8211; Logo&#8221; _builder_version=&#8221;4.27.4&#8243; _module_preset=&#8221;default&#8221; width_tablet=&#8221;50%&#8221; width_phone=&#8221;50%&#8221; width_last_edited=&#8221;off|desktop&#8221; max_width=&#8221;220px&#8221; max_width_tablet=&#8221;200px&#8221; max_width_phone=&#8221;180px&#8221; max_width_last_edited=&#8221;on|desktop&#8221; module_alignment=&#8221;left&#8221; max_height=&#8221;100px&#8221; max_height_tablet=&#8221;75px&#8221; max_height_phone=&#8221;50px&#8221; max_height_last_edited=&#8221;on|phone&#8221; custom_margin=&#8221;||||false|false&#8221; custom_margin_tablet=&#8221;||||false|false&#8221; custom_margin_phone=&#8221;||||false|false&#8221; custom_margin_last_edited=&#8221;off|desktop&#8221; custom_padding=&#8221;30px||30px||false|false&#8221; custom_padding_tablet=&#8221;20px||20px||false|false&#8221; custom_padding_phone=&#8221;10px||10px||false|false&#8221; custom_padding_last_edited=&#8221;on|phone&#8221; module_alignment_tablet=&#8221;left&#8221; module_alignment_phone=&#8221;left&#8221; module_alignment_last_edited=&#8221;on|desktop&#8221; global_module=&#8221;47790&#8243; saved_tabs=&#8221;all&#8221; global_colors_info=&#8221;{}&#8221;][\/et_pb_image][et_pb_text admin_label=&#8221;Partner &#8211; Adress&#8221; _builder_version=&#8221;4.27.4&#8243; _module_preset=&#8221;default&#8221; text_text_color=&#8221;#464646&#8243; background_size=&#8221;initial&#8221; background_position=&#8221;top_left&#8221; background_repeat=&#8221;repeat&#8221; custom_margin=&#8221;||15px||false|false&#8221; global_module=&#8221;47791&#8243; saved_tabs=&#8221;all&#8221; global_colors_info=&#8221;{}&#8221;]<\/p>\n<p>Revolut (Switzerland) AG<br \/>Beethovenstrasse 48<br \/>8002 Z\u00fcrich<\/p>\n<p>[\/et_pb_text][et_pb_blurb url_new_window=&#8221;on&#8221; image=&#8221;https:\/\/fasoon.ch\/wp-content\/uploads\/2025\/08\/Icon_Web.svg&#8221; icon_placement=&#8221;left&#8221; image_icon_width=&#8221;28px&#8221; content_max_width=&#8221;100%&#8221; image_icon_width_tablet=&#8221;24px&#8221; image_icon_width_phone=&#8221;20px&#8221; image_icon_width_last_edited=&#8221;on|phone&#8221; admin_label=&#8221;Partner &#8211; Web&#8221; _builder_version=&#8221;4.27.4&#8243; _module_preset=&#8221;default&#8221; body_text_color=&#8221;#464646&#8243; body_font_size=&#8221;20px&#8221; image_icon_custom_margin=&#8221;0px|0px||0px|false|false&#8221; image_icon_custom_margin_tablet=&#8221;|0px|||false|false&#8221; image_icon_custom_margin_phone=&#8221;0px|||10px|false|false&#8221; image_icon_custom_margin_last_edited=&#8221;on|desktop&#8221; image_icon_custom_padding=&#8221;5px||||false|false&#8221; width_phone=&#8221;50%&#8221; width_last_edited=&#8221;off|phone&#8221; custom_margin=&#8221;||15px||false|false&#8221; custom_margin_tablet=&#8221;||10px||false|false&#8221; custom_margin_phone=&#8221;||5px|-10px|false|false&#8221; custom_margin_last_edited=&#8221;on|phone&#8221; animation=&#8221;off&#8221; link_option_url=&#8221;https:\/\/www.revolut.com\/it-CH\/business\/?utm_source=Fasoon&#038;utm_medium=landingpage&#038;utm_campaign=partner&#038;utm_content=de&#8221; link_option_url_new_window=&#8221;on&#8221; body_font_size_tablet=&#8221;18px&#8221; body_font_size_phone=&#8221;16px&#8221; body_font_size_last_edited=&#8221;on|desktop&#8221; custom_css_blurb_content=&#8221;margin: 0;&#8221; global_module=&#8221;47794&#8243; saved_tabs=&#8221;all&#8221; global_colors_info=&#8221;{}&#8221;]<\/p>\n<p>www.revolut.com<\/p>\n<p>[\/et_pb_blurb][\/et_pb_column][\/et_pb_row][\/et_pb_section][et_pb_section fb_built=&#8221;1&#8243; admin_label=&#8221;Warum&#8221; _builder_version=&#8221;4.27.4&#8243; custom_margin=&#8221;||||false|false&#8221; custom_css_free_form=&#8221;selector{||  padding-top: 50px !important;||  padding-bottom: 50px !important;||}&#8221; collapsed=&#8221;off&#8221; global_colors_info=&#8221;{}&#8221; module_class=&#8221;background-grey&#8221; background_enable_color=&#8221;off&#8221;][et_pb_row _builder_version=&#8221;4.27.4&#8243; _module_preset=&#8221;default&#8221; module_alignment=&#8221;center&#8221; custom_margin=&#8221;||||false|false&#8221; custom_padding=&#8221;||||false|false&#8221; global_colors_info=&#8221;{}&#8221;][et_pb_column type=&#8221;4_4&#8243; _builder_version=&#8221;4.16&#8243; _module_preset=&#8221;default&#8221; global_colors_info=&#8221;{}&#8221;][et_pb_text admin_label=&#8221;Warum Revolut Business?&#8221; _builder_version=&#8221;4.27.4&#8243; _module_preset=&#8221;default&#8221; global_colors_info=&#8221;{}&#8221;]<\/p>\n<h3><span style=\"color: #2b2b2b;\"><strong>Perch\u00e9 Revolut Business?<\/strong><\/span><\/h3>\n<p>[\/et_pb_text][\/et_pb_column][\/et_pb_row][et_pb_row column_structure=&#8221;1_2,1_2&#8243; _builder_version=&#8221;4.27.4&#8243; custom_margin=&#8221;||||false|false&#8221; global_colors_info=&#8221;{}&#8221;][et_pb_column type=&#8221;1_2&#8243; _builder_version=&#8221;4.16&#8243; global_colors_info=&#8221;{}&#8221;][et_pb_blurb title=&#8221;Conti multivaluta e pagamenti globali&#8221; image=&#8221;https:\/\/fasoon.ch\/wp-content\/uploads\/2020\/12\/icons8_ok_128px.png&#8221; icon_placement=&#8221;left&#8221; admin_label=&#8221;Anforderungen erfassen&#8221; _builder_version=&#8221;4.27.4&#8243; header_font=&#8221;|700|||||||&#8221; header_text_color=&#8221;#000000&#8243; header_font_size=&#8221;20px&#8221; body_font_size=&#8221;16px&#8221; animation=&#8221;off&#8221; global_colors_info=&#8221;{}&#8221;]<\/p>\n<ul>\n<li>Gestisci oltre 30 valute<\/li>\n<li>Paga fornitori, stipendi e tasse in oltre 150 paesi<\/li>\n<li>Tassi di cambio interbancari senza commissioni nascoste<\/li>\n<\/ul>\n<p>[\/et_pb_blurb][et_pb_blurb title=&#8221;Integration statt Insel-L\u00f6sungen&#8221; image=&#8221;https:\/\/fasoon.ch\/wp-content\/uploads\/2020\/12\/icons8_ok_128px.png&#8221; icon_placement=&#8221;left&#8221; admin_label=&#8221;Anforderungen erfassen&#8221; _builder_version=&#8221;4.27.4&#8243; header_font=&#8221;|700|||||||&#8221; header_text_color=&#8221;#000000&#8243; header_font_size=&#8221;20px&#8221; body_font_size=&#8221;16px&#8221; animation=&#8221;off&#8221; global_colors_info=&#8221;{}&#8221;]<\/p>\n<ul>\n<li>Integrazione perfetta con strumenti di contabilit\u00e0 e risorse umane (ad esempio Xero, QuickBooks, Bexio)<\/li>\n<li>Pagamenti API automatizzati e gestione delle carte<\/li>\n<\/ul>\n<p>[\/et_pb_blurb][\/et_pb_column][et_pb_column type=&#8221;1_2&#8243; _builder_version=&#8221;4.16&#8243; global_colors_info=&#8221;{}&#8221;][et_pb_blurb title=&#8221;Controllo completo dei costi e gestione automatizzata delle spese&#8221; image=&#8221;https:\/\/fasoon.ch\/wp-content\/uploads\/2020\/12\/icons8_ok_128px.png&#8221; icon_placement=&#8221;left&#8221; admin_label=&#8221;Anforderungen erfassen&#8221; _builder_version=&#8221;4.27.4&#8243; header_font=&#8221;|700|||||||&#8221; header_text_color=&#8221;#000000&#8243; header_font_size=&#8221;20px&#8221; body_font_size=&#8221;16px&#8221; animation=&#8221;off&#8221; global_colors_info=&#8221;{}&#8221;]<\/p>\n<ul>\n<li>Limiti di spesa e notifiche in tempo reale<\/li>\n<li>Schede aziendali virtuali e fisiche per ogni membro del team<\/li>\n<li>Fino all&#8217;88% di sforzo in meno con le note spese<\/li>\n<\/ul>\n<p>[\/et_pb_blurb][et_pb_blurb title=&#8221;Scalabile e trasparente&#8221; image=&#8221;https:\/\/fasoon.ch\/wp-content\/uploads\/2020\/12\/icons8_ok_128px.png&#8221; icon_placement=&#8221;left&#8221; admin_label=&#8221;Anforderungen erfassen&#8221; _builder_version=&#8221;4.27.4&#8243; header_font=&#8221;|700|||||||&#8221; header_text_color=&#8221;#000000&#8243; header_font_size=&#8221;20px&#8221; body_font_size=&#8221;16px&#8221; animation=&#8221;off&#8221; global_colors_info=&#8221;{}&#8221;]<\/p>\n<ul>\n<li>\n<p>A partire da CHF 10 al mese<\/p>\n<\/li>\n<li>\n<p>Nessun costo nascosto<\/p>\n<\/li>\n<li>\n<p>Piani personalizzati in base alle dimensioni dell&#8217;azienda<\/p>\n<\/li>\n<\/ul>\n<p>[\/et_pb_blurb][\/et_pb_column][\/et_pb_row][\/et_pb_section][et_pb_section fb_built=&#8221;1&#8243; _builder_version=&#8221;4.27.4&#8243; _module_preset=&#8221;default&#8221; custom_css_free_form=&#8221;selector{||  padding-top: 50px !important;||  padding-bottom: 50px !important;||}&#8221; global_colors_info=&#8221;{}&#8221;][et_pb_row _builder_version=&#8221;4.27.4&#8243; _module_preset=&#8221;default&#8221; global_colors_info=&#8221;{}&#8221;][et_pb_column type=&#8221;4_4&#8243; _builder_version=&#8221;4.27.4&#8243; _module_preset=&#8221;default&#8221; global_colors_info=&#8221;{}&#8221;][et_pb_text _builder_version=&#8221;4.27.4&#8243; _module_preset=&#8221;default&#8221; global_colors_info=&#8221;{}&#8221;]<\/p>\n<h3><strong>Differenze rispetto alle banche tradizionali<\/strong><\/h3>\n<p>[\/et_pb_text][et_pb_text admin_label=&#8221;Tabelle&#8221; _builder_version=&#8221;4.27.4&#8243; _module_preset=&#8221;default&#8221; global_colors_info=&#8221;{}&#8221;]<\/p>\n<table class=\"table table-striped\" style=\"width: 100%;\">\n<tbody>\n<tr style=\"height: 23px;\">\n<td style=\"width: 30%; height: 23px; text-align: left;\"><strong>Revolut Business<\/strong><\/td>\n<td style=\"width: 44.2978%; height: 23px; text-align: left;\" colspan=\"2\"><strong>Banche tradizionali<\/strong><\/td>\n<\/tr>\n<tr>\n<td style=\"width: 30%; text-align: left;\">\n<p>Apertura del conto in pochi minuti<\/p>\n<\/td>\n<td style=\"width: 44.2978%; text-align: left;\" colspan=\"2\">\n<p>Tempi di elaborazione da giorni a settimane.<\/p>\n<\/td>\n<\/tr>\n<tr style=\"height: 23px;\">\n<td style=\"width: 30%; height: 23px; text-align: left;\" valign=\"top\">\n<p>Trasferimenti multivaluta e globali<\/p>\n<\/td>\n<td style=\"width: 44.2978%; height: 23px; text-align: left;\" colspan=\"2\">\n<p>Commissioni elevate, valute limitate.<\/p>\n<\/td>\n<\/tr>\n<tr>\n<td style=\"width: 30%; text-align: left;\">\n<p>Gestione intelligente delle spese<\/p>\n<\/td>\n<td style=\"width: 44.2978%; text-align: left;\" colspan=\"2\">\n<p>Per lo pi\u00f9 manuale e confusionario.<\/p>\n<\/td>\n<\/tr>\n<tr style=\"height: 23px;\">\n<td style=\"width: 30%; height: 23px; text-align: left;\" valign=\"top\">\n<p>Integrazione e automazione API<\/p>\n<\/td>\n<td style=\"height: 23px; text-align: left;\" colspan=\"2\">\n<p>Poche o nessuna integrazione API.<\/p>\n<\/td>\n<\/tr>\n<tr>\n<td style=\"width: 30%; text-align: left;\">\n<p>Struttura dei prezzi chiara e trasparente<\/p>\n<\/td>\n<td style=\"text-align: left;\" colspan=\"2\">\n<p>Strutture tariffarie poco trasparenti.<\/p>\n<\/td>\n<\/tr>\n<tr>\n<td style=\"width: 30%; text-align: left;\">\n<p>Controllo completo su spese e ruoli<\/p>\n<\/td>\n<td style=\"width: 44.2978%; text-align: left;\" colspan=\"2\">\n<p>Strutture dei conti rigide.<\/p>\n<\/td>\n<\/tr>\n<\/tbody>\n<\/table>\n<p>&nbsp;<\/p>\n<p>[\/et_pb_text][\/et_pb_column][\/et_pb_row][\/et_pb_section][et_pb_section fb_built=&#8221;1&#8243; admin_label=&#8221;Warum&#8221; _builder_version=&#8221;4.27.4&#8243; custom_margin=&#8221;||||false|false&#8221; custom_css_free_form=&#8221;selector{||  padding-top: 50px !important;||  padding-bottom: 50px !important;||}&#8221; collapsed=&#8221;off&#8221; global_colors_info=&#8221;{}&#8221; module_class=&#8221;background-grey&#8221; background_enable_color=&#8221;off&#8221;][et_pb_row _builder_version=&#8221;4.27.4&#8243; _module_preset=&#8221;default&#8221; global_colors_info=&#8221;{}&#8221;][et_pb_column type=&#8221;4_4&#8243; _builder_version=&#8221;4.27.4&#8243; _module_preset=&#8221;default&#8221; global_colors_info=&#8221;{}&#8221;][et_pb_text _builder_version=&#8221;4.27.4&#8243; _module_preset=&#8221;default&#8221; global_colors_info=&#8221;{}&#8221;]<\/p>\n<h3><strong>Puoi iniziare in pochi semplici passaggi:<\/strong><\/h3>\n<ol>\n<li>Registrati online<\/li>\n<li>Verifica la tua identit\u00e0 e la tua azienda<\/li>\n<li>Scegli un piano e attiva il tuo account<\/li>\n<li>Invita il tuo team, assegna ruoli e ordina le carte<\/li>\n<\/ol>\n<p>[\/et_pb_text][\/et_pb_column][\/et_pb_row][\/et_pb_section][et_pb_section fb_built=&#8221;1&#8243; _builder_version=&#8221;4.27.4&#8243; _module_preset=&#8221;default&#8221; custom_css_free_form=&#8221;selector{||  padding-top: 50px !important;||}&#8221; global_colors_info=&#8221;{}&#8221;][et_pb_row _builder_version=&#8221;4.27.4&#8243; _module_preset=&#8221;default&#8221; custom_css_free_form=&#8221;selector {||text-align: center;||  padding-bottom: 50px !important;||}||||selector .et_pb_button_module_wrapper {||display: inline-block;||margin: 0 15px 20px !important;||}||||selector .et_pb_button_module_wrapper:last-child {||margin: 0 15px 50px !important;||}||||||selector .et_pb_button:hover,||selector .et_pb_button {||  line-height: 24px !important;||  border-radius: 30px !important;||  padding: 11px 20px;||  font-size: 20px;||}||||selector .et_pb_button::after {||  margin: 0 0 0 20px;||  opacity: 1;||}||||@media (max-width: 981px) {||selector .et_pb_button:hover,||selector .btn-white-arrow {||    padding: 7px 12px !important;||    font-size: 16px;||}||  selector .btn-white-arrow:after {||  \twidth: 11px;||    height: 16px;||    top: 5px;||}||||}&#8221; global_colors_info=&#8221;{}&#8221;][et_pb_column type=&#8221;4_4&#8243; _builder_version=&#8221;4.27.4&#8243; _module_preset=&#8221;default&#8221; global_colors_info=&#8221;{}&#8221;][et_pb_button button_url=&#8221;https:\/\/apiq-apiv1-c01.apiq.sfdc-yzvdd4.svc.sfdcfc.net\/r?target=68512ef779b4c70558c44c7c&#038;t=V2_eyJwX2l2IjoiaGlzR3Rub0tvV3Y0ckFidjZzYzdxZ1x1MDAzZFx1MDAzZCIsInBfZW5jcnlwdGVkX2RhdGEiOiJYdkwyc3BPTDYrdlJ1NkdITm5QMGZoTkxWMUt0aENKZGpRSytXSEh2V1AwXHUwMDNkIiwicF9vcmQiOiIxIiwicF9pZCI6IjE2In18eyJwX2l2IjoiblVubEtwS1N6amR0eVo1MTlxdHhuZ1x1MDAzZFx1MDAzZCIsInBfZW5jcnlwdGVkX2RhdGEiOiJhQXB2TVZmRWlWYmVwODExOTNCOEtmek83dWpsNGZGNG1mQ1I5bzN6TTVIcHVWMXBtTGVMc1VybDF2WkxPZnBLZG84ckZYdlBsQ0w1a2RNMXRsbHRzUVx1MDAzZFx1MDAzZCIsInBfb3JkIjoiMSIsInBfaWQiOiIzNzYzMCJ9&#038;url=https%3A%2F%2Fwww.revolut.com%2Fde-CH%2Fbusiness%2F%3Firgwc%3D1%26af_c_id%3D6164363%26campaign_id%3D9943%26p%3Da_impact_radius%26pid%3Dimpactradius_int%26af_click_lookback%3D30d%26ext%3D6164363_Fasoon%2520AG_%26utm_source%3Dimpact%26af_media_type%3D%7Bif(propertytype%26idfa%3D%7Bappleifa%7D%26advertising_id%3D%7Bgoogleaid%7D%26utm_medium%3Daffiliate%26original_url%3Dhttps%3A%2F%2Fwww.revolut.com%2Fde-CH%2Fbusiness%2F%3Firgwc%3D1%26utm_campaign%3DFasoon%2520AG%26clickid%3DTvQQ94xovxycUgYyKCVCi1l-UksRGrWOjW35ws0%26promo%3DFASOON%26af_siteid%3D6164363%26af_sub_siteid%3DFasoon%2520AG%26secondary_publisher%3D6164363_Fasoon%2520AG%26c%3D9943%26click_id%3DTvQQ94xovxycUgYyKCVCi1l-UksRGrWOjW35ws0%26referrer%3Daf_tranid%253D-Grdi7XMlvgw1pmbXWnprA%2526af_c_id%253D6164363%2526pid%253Dimpactradius_int%2526af_ios_url%253Dhttps%253A%252F%252Fwww.revolut.com%252Fde-CH%252Fbusiness%252F%253Firgwc%253D1%2526utm_source%253Dimpact%2526utm_medium%253Daffiliate%2526utm_campaign%253DFasoon%2520AG%2526af_siteid%253D6164363%2526af_sub_siteid%253DFasoon%2520AG%2526c%253D9943%2526af_android_url%253Dhttps%253A%252F%252Fwww.revolut.com%252Fde-CH%252Fbusiness%252F%253Firgwc%253D1&#8243; url_new_window=&#8221;on&#8221; button_text=&#8221;Apri un conto adesso&#8221; admin_label=&#8221;Jetzt Konto er\u00f6ffnen&#8221; module_class=&#8221;btn btn-primary btn-white-arrow&#8221; _builder_version=&#8221;4.27.4&#8243; _module_preset=&#8221;default&#8221; background_layout=&#8221;dark&#8221; hover_transition_duration_tablet=&#8221;&#8221; hover_transition_duration_phone=&#8221;&#8221; hover_transition_duration_last_edited=&#8221;on|desktop&#8221; global_colors_info=&#8221;{}&#8221;][\/et_pb_button][et_pb_button button_url=&#8221;https:\/\/calendar.app.google\/9LjRoFLSkB2Hf8NBA&#8221; url_new_window=&#8221;on&#8221; button_text=&#8221;Consigli dal team Revolut&#8221; admin_label=&#8221;Beratung durch Revolut-Team&#8221; module_class=&#8221;submit set_up_btn btn btn-primary btn-white-arrow&#8221; _builder_version=&#8221;4.27.4&#8243; _module_preset=&#8221;default&#8221; global_colors_info=&#8221;{}&#8221;][\/et_pb_button][\/et_pb_column][\/et_pb_row][\/et_pb_section][et_pb_section fb_built=&#8221;1&#8243; admin_label=&#8221;CTA Foundation + Consultation&#8221; module_class=&#8221;background-grey&#8221; _builder_version=&#8221;4.27.4&#8243; _module_preset=&#8221;default&#8221; background_enable_color=&#8221;off&#8221; custom_margin=&#8221;||-50px||false|false&#8221; custom_padding=&#8221;||||false|false&#8221; global_module=&#8221;49119&#8243; saved_tabs=&#8221;all&#8221; locked=&#8221;off&#8221; collapsed=&#8221;off&#8221; global_colors_info=&#8221;{}&#8221;][et_pb_row _builder_version=&#8221;4.27.4&#8243; _module_preset=&#8221;default&#8221; custom_css_free_form=&#8221;selector{||  text-align: center;||}||selector .btn-white-arrow {||    margin-right: 32px;||    padding: 11px 20px;||  \tfont-size: 20px;||\t\twidth: 100%;||\t\tmax-width: 274px;||}||||selector .btn-white-arrow:after {||    position: absolute;||    right: 14px;||    top: 13px;||}||||@media (max-width: 981px) {||  selector .btn-white-arrow {||    margin-bottom: 25px;||    padding: 11px 20px;||    padding: 7px 12px;||    font-size: 16px;||    max-width: 215px;||}||  selector .btn-white-arrow:after {||  \twidth: 11px;||    height: 16px;||    position: absolute;||    right: 12px;||    top: 11px;||}||||}||||@media (max-width: 555px) {||  selector .btn-white-arrow {||    margin-right: 0 ;||  }||}&#8221; global_colors_info=&#8221;{}&#8221;][et_pb_column type=&#8221;4_4&#8243; _builder_version=&#8221;4.27.4&#8243; _module_preset=&#8221;default&#8221; global_colors_info=&#8221;{}&#8221;][et_pb_text admin_label=&#8221;Are you ready?&#8221; _builder_version=&#8221;4.27.4&#8243; _module_preset=&#8221;default&#8221; text_orientation=&#8221;center&#8221; custom_margin_tablet=&#8221;25px||||false|false&#8221; custom_margin_phone=&#8221;25px||||false|false&#8221; custom_margin_last_edited=&#8221;off|desktop&#8221; global_colors_info=&#8221;{}&#8221;]<\/p>\n<h2 style=\"padding-bottom: 0;\"><strong>Siete pronti?<\/strong><br \/>Create subito la vostra azienda.<\/h2>\n<p>[\/et_pb_text][et_pb_text admin_label=&#8221;Our team already helped&#8230;&#8221; _builder_version=&#8221;4.27.4&#8243; _module_preset=&#8221;default&#8221; text_font=&#8221;|300|||||||&#8221; text_font_size=&#8221;28px&#8221; text_line_height=&#8221;28px&#8221; text_orientation=&#8221;center&#8221; custom_margin=&#8221;||0px||false|false&#8221; custom_padding=&#8221;50px||50px||false|false&#8221; custom_padding_tablet=&#8221;20px||25px||false|false&#8221; custom_padding_phone=&#8221;20px||25px||false|false&#8221; custom_padding_last_edited=&#8221;on|tablet&#8221; text_font_size_tablet=&#8221;22px&#8221; text_font_size_phone=&#8221;22px&#8221; text_font_size_last_edited=&#8221;on|tablet&#8221; global_colors_info=&#8221;{}&#8221;]<\/p>\n<p>Il nostro team ha gi\u00e0 aiutato migliaia di imprenditori ad avviare la propria impresa.<br \/>In modo rapido, con il miglior servizio e ai prezzi pi\u00f9 convenienti.<\/p>\n<p>[\/et_pb_text][et_pb_text admin_label=&#8221;btn Beratungsgespr\u00e4ch&#8221; _builder_version=&#8221;4.27.4&#8243; _module_preset=&#8221;default&#8221; text_orientation=&#8221;center&#8221; custom_margin_tablet=&#8221;||0px||false|false&#8221; custom_margin_phone=&#8221;||0px||false|false&#8221; custom_margin_last_edited=&#8221;off|desktop&#8221; global_colors_info=&#8221;{}&#8221;]<\/p>\n<p><a class=\"submit set_up_btn btn btn-primary btn-white-arrow\" href=\"\/pre-release\/?page_id=28460\">Creare ora<\/a><a class=\"submit set_up_btn btn btn-primary btn-white-arrow\" href=\"\/pre-release\/?page_id=28475\">Contattaci<\/a><\/p>\n<p>[\/et_pb_text][\/et_pb_column][\/et_pb_row][\/et_pb_section]<\/p>\n","protected":false},"excerpt":{"rendered":"excerpt","protected":false},"author":10,"featured_media":0,"parent":34858,"menu_order":0,"comment_status":"closed","ping_status":"closed","template":"","meta":{"_acf_changed":false,"_et_pb_use_builder":"on","_et_pb_old_content":"","_et_gb_content_width":"","sync_status":"","episode_type":"","audio_file":"","castos_file_data":"","podmotor_file_id":"","cover_image":"","cover_image_id":"","duration":"","filesize":"","filesize_raw":"","date_recorded":"","explicit":"","block":"","footnotes":""},"class_list":["post-51610","page","type-page","status-publish","hentry"],"aioseo_notices":[],"acf":[],"_links":{"self":[{"href":"https:\/\/fasoon.ch\/it\/wp-json\/wp\/v2\/pages\/51610","targetHints":{"allow":["GET"]}}],"collection":[{"href":"https:\/\/fasoon.ch\/it\/wp-json\/wp\/v2\/pages"}],"about":[{"href":"https:\/\/fasoon.ch\/it\/wp-json\/wp\/v2\/types\/page"}],"author":[{"embeddable":true,"href":"https:\/\/fasoon.ch\/it\/wp-json\/wp\/v2\/users\/10"}],"replies":[{"embeddable":true,"href":"https:\/\/fasoon.ch\/it\/wp-json\/wp\/v2\/comments?post=51610"}],"version-history":[{"count":14,"href":"https:\/\/fasoon.ch\/it\/wp-json\/wp\/v2\/pages\/51610\/revisions"}],"predecessor-version":[{"id":52177,"href":"https:\/\/fasoon.ch\/it\/wp-json\/wp\/v2\/pages\/51610\/revisions\/52177"}],"up":[{"embeddable":true,"href":"https:\/\/fasoon.ch\/it\/wp-json\/wp\/v2\/pages\/34858"}],"wp:attachment":[{"href":"https:\/\/fasoon.ch\/it\/wp-json\/wp\/v2\/media?parent=51610"}],"curies":[{"name":"wp","href":"https:\/\/api.w.org\/{rel}","templated":true}]}}