{"id":28466,"date":"2017-12-18T15:23:49","date_gmt":"2017-12-18T14:23:49","guid":{"rendered":"https:\/\/fasoon.ch\/informazioni\/confronto-di-forme-giuridiche\/"},"modified":"2025-09-09T08:23:58","modified_gmt":"2025-09-09T06:23:58","slug":"confronto-di-forme-giuridiche","status":"publish","type":"page","link":"https:\/\/fasoon.ch\/it\/informazioni\/confronto-di-forme-giuridiche\/","title":{"rendered":"Confronto tra le diverse forme giuridiche"},"content":{"rendered":"<p>[et_pb_section fb_built=&#8221;1&#8243; admin_label=&#8221;Description and Contact&#8221; _builder_version=&#8221;4.20.2&#8243; global_colors_info=&#8221;{}&#8221; locked=&#8221;off&#8221;][et_pb_row admin_label=&#8221;row&#8221; _builder_version=&#8221;4.16&#8243; background_size=&#8221;initial&#8221; background_position=&#8221;top_left&#8221; background_repeat=&#8221;repeat&#8221; global_colors_info=&#8221;{}&#8221;][et_pb_column type=&#8221;4_4&#8243; _builder_version=&#8221;4.16&#8243; custom_padding=&#8221;|||&#8221; global_colors_info=&#8221;{}&#8221; custom_padding__hover=&#8221;|||&#8221;][et_pb_text admin_label=&#8221;Titel&#8221; _builder_version=&#8221;4.27.4&#8243; background_size=&#8221;initial&#8221; background_position=&#8221;top_left&#8221; background_repeat=&#8221;repeat&#8221; hover_enabled=&#8221;0&#8243; use_border_color=&#8221;off&#8221; global_colors_info=&#8221;{}&#8221; sticky_enabled=&#8221;0&#8243;]<\/p>\n<h1 class=\"information-title\"><strong>Confronto tra le diverse forme giuridiche<\/strong><br \/>\nLa SA, la Sagl, la ditta individuale e la societ\u00e0 in nome collettivo (SNC)<\/h1>\n<p>[\/et_pb_text][\/et_pb_column][\/et_pb_row][et_pb_row column_structure=&#8221;2_3,1_3&#8243; admin_label=&#8221;Titel mit Kurztext und Kontakt&#8221; _builder_version=&#8221;4.27.4&#8243; _module_preset=&#8221;default&#8221; custom_margin=&#8221;40px||||false|false&#8221; custom_margin_tablet=&#8221;10px||||false|false&#8221; custom_margin_phone=&#8221;10px||||false|false&#8221; custom_margin_last_edited=&#8221;on|desktop&#8221; global_colors_info=&#8221;{}&#8221;][et_pb_column type=&#8221;2_3&#8243; _builder_version=&#8221;4.27.4&#8243; _module_preset=&#8221;default&#8221; custom_padding=&#8221;20px||||false|false&#8221; global_colors_info=&#8221;{}&#8221;][et_pb_text _builder_version=&#8221;4.27.4&#8243; background_size=&#8221;initial&#8221; background_position=&#8221;top_left&#8221; background_repeat=&#8221;repeat&#8221; module_alignment=&#8221;left&#8221; hover_enabled=&#8221;0&#8243; use_border_color=&#8221;off&#8221; global_colors_info=&#8221;{}&#8221; sticky_enabled=&#8221;0&#8243;]<\/p>\n<p>Le forme giuridiche pi\u00f9 comuni in Svizzera sono la societ\u00e0 per azioni (SA), la societ\u00e0 a responsabilit\u00e0 limitata (Sagl), la ditta individuale e la societ\u00e0 in nome collettivo (KLG). Saremo lieti di consigliarvi personalmente a questo proposito.<\/p>\n<p>[\/et_pb_text][\/et_pb_column][et_pb_column type=&#8221;1_3&#8243; _builder_version=&#8221;4.20.2&#8243; _module_preset=&#8221;default&#8221; custom_padding=&#8221;20px||||false|false&#8221; global_colors_info=&#8221;{}&#8221;][\/et_pb_column][\/et_pb_row][\/et_pb_section][et_pb_section fb_built=&#8221;1&#8243; disabled_on=&#8221;on|on|off&#8221; admin_label=&#8221;Sektion &#8211; Rechtsformenvergleich &#8211; Desktop&#8221; _builder_version=&#8221;4.27.4&#8243; _module_preset=&#8221;default&#8221; global_colors_info=&#8221;{}&#8221; locked=&#8221;off&#8221;][et_pb_row admin_label=&#8221;Zeile&#8221; _builder_version=&#8221;4.20.2&#8243; _module_preset=&#8221;default&#8221; global_colors_info=&#8221;{}&#8221;][et_pb_column type=&#8221;4_4&#8243; _builder_version=&#8221;4.20.2&#8243; _module_preset=&#8221;default&#8221; global_colors_info=&#8221;{}&#8221;][et_pb_text admin_label=&#8221;Rechtsformenvergleich&#8221; _builder_version=&#8221;4.27.4&#8243; _module_preset=&#8221;default&#8221; header_3_font=&#8221;|600|||||||&#8221; header_3_text_color=&#8221;#464646&#8243; custom_margin=&#8221;50px||0px||false|false&#8221; hover_enabled=&#8221;0&#8243; global_colors_info=&#8221;{}&#8221; sticky_enabled=&#8221;0&#8243;]<\/p>\n<h3>Confronto tra le forme giuridiche<\/h3>\n<p>[\/et_pb_text][et_pb_text admin_label=&#8221;Tabelle&#8221; _builder_version=&#8221;4.27.4&#8243; background_size=&#8221;initial&#8221; background_position=&#8221;top_left&#8221; background_repeat=&#8221;repeat&#8221; hover_enabled=&#8221;0&#8243; use_border_color=&#8221;off&#8221; global_colors_info=&#8221;{}&#8221; link_font=&#8221;|700||on|||||&#8221; link_text_color=&#8221;#004350&#8243; sticky_enabled=&#8221;0&#8243;]<\/p>\n<table class=\"table variations table-lined\" style=\"width: 100%;\">\n<thead>\n<tr>\n<td style=\"width: 12%;\">\u00a0<\/td>\n<td style=\"width: 22%;\"><a href=\"\/pre-release\/?page_id=28467\">Sagl<\/a><\/td>\n<td style=\"width: 21.8949%;\"><a href=\"\/pre-release\/?page_id=28465\">SA<\/a><\/td>\n<td style=\"width: 22%;\"><a href=\"\/pre-release\/?page_id=28468\">Ditta individuale<\/a><\/td>\n<td style=\"width: 22%;\"><a href=\"\/pre-release\/?page_id=28469\">Societ\u00e0 in nome collettivo (SNC)<\/a><\/td>\n<\/tr>\n<\/thead>\n<tbody>\n<tr>\n<td style=\"width: 12%;\" valign=\"top\">Capitale<\/td>\n<td style=\"width: 22%;\" valign=\"top\">Minimo. CHF 20\u2019000<\/td>\n<td style=\"width: 21.8949%;\" valign=\"top\">Minimo. CHF 100\u2019000.- (pagamento parziale: almeno CHF 50\u2019000.-)<\/td>\n<td style=\"width: 22%;\" valign=\"top\">Nessun investimento di capitale<\/td>\n<td style=\"width: 22%;\" valign=\"top\">Nessun investimento di capitale<\/td>\n<\/tr>\n<tr>\n<td style=\"width: 12%;\" valign=\"top\">Responsabilit\u00e0<\/td>\n<td style=\"width: 22%;\" valign=\"top\">Nessuna responsabilit\u00e0 personale<\/td>\n<td style=\"width: 21.8949%;\" valign=\"top\">Nessuna responsabilit\u00e0 personale<\/td>\n<td style=\"width: 22%;\" valign=\"top\">Responsabilit\u00e0 personale e illimitata<\/td>\n<td style=\"width: 22%;\" valign=\"top\">Responsabilit\u00e0 personale e illimitata<\/td>\n<\/tr>\n<tr>\n<td style=\"width: 12%;\">Nome<\/td>\n<td style=\"width: 22%;\">\u201cNome di fantasia\u201d + Sagl<\/td>\n<td style=\"width: 21.8949%;\">\u00abNome di fantasia\u00bb + SA<\/td>\n<td style=\"width: 22%;\">\u00abNome di fantasia\u00bb + Cognome<\/td>\n<td style=\"width: 22%;\">\u00abNome di fantasia\u00bb + SNC<\/td>\n<\/tr>\n<tr>\n<td style=\"width: 12%;\">numero di persone<\/td>\n<td style=\"width: 22%;\">Minimo. 1 persona<\/td>\n<td style=\"width: 21.8949%;\">Minimo. 1 persona<\/td>\n<td style=\"width: 22%;\">1 persona<\/td>\n<td style=\"width: 22%;\">Minimo. 2 persone<\/td>\n<\/tr>\n<tr>\n<td style=\"width: 12%;\" valign=\"top\">Contabilit\u00e0<\/td>\n<td style=\"width: 22%;\" valign=\"top\">Contabilit\u00e0 sempre in partita doppia<\/td>\n<td style=\"width: 21.8949%;\" valign=\"top\">Contabilit\u00e0 sempre in partita doppia<\/td>\n<td style=\"width: 22%;\" valign=\"top\">Contabilit\u00e0 a partita doppia a partire da un fatturato di CHF 500\u2019000.-.<\/td>\n<td style=\"width: 22%;\" valign=\"top\">Contabilit\u00e0 a partita doppia a partire da un fatturato di CHF 500\u2019000.-.<\/td>\n<\/tr>\n<tr>\n<td style=\"width: 12%;\">Partecipazione<\/td>\n<td style=\"width: 22%;\" valign=\"top\">Possibile<\/td>\n<td style=\"width: 21.8949%;\" valign=\"top\">Possibile<\/td>\n<td style=\"width: 22%;\" valign=\"top\">Non \u00e8 possibile<\/td>\n<td style=\"width: 22%;\" valign=\"top\">Possibile<\/td>\n<\/tr>\n<tr>\n<td style=\"width: 12%;\" valign=\"top\">Imposte<\/td>\n<td style=\"width: 22%;\" valign=\"top\">Dichiarazione dei redditi separata; solo le quote sociali nella dichiarazione dei redditi privata<\/td>\n<td style=\"width: 21.8949%;\" valign=\"top\">Dichiarazione dei redditi separata; solo le quote sociali nella dichiarazione dei redditi privata<\/td>\n<td style=\"width: 22%;\" valign=\"top\">Il profitto va nella dichiarazione dei redditi privata<\/td>\n<td style=\"width: 22%;\" valign=\"top\">Il profitto va nelle dichiarazioni dei redditi private<\/td>\n<\/tr>\n<tr>\n<td style=\"width: 12%;\" valign=\"top\">AVS<\/td>\n<td style=\"width: 22%;\">lo stipendio \u00e8 decisivo<\/td>\n<td style=\"width: 21.8949%;\">lo stipendio \u00e8 decisivo<\/td>\n<td style=\"width: 22%;\">L\u2019utile della societ\u00e0 \u00e8 decisivo<\/td>\n<td style=\"width: 22%;\">L\u2019utile della societ\u00e0 \u00e8 decisivo<\/td>\n<\/tr>\n<tr>\n<td style=\"width: 12%;\" valign=\"top\">Vantaggi<\/td>\n<td style=\"width: 22%;\" valign=\"top\">\n<ul>\n<li>Nessuna responsabilit\u00e0<\/li>\n<li>Possibile trasferimento dell\u2019azienda<\/li>\n<li>Capitale minimo basso<\/li>\n<\/ul>\n<\/td>\n<td style=\"width: 21.8949%;\" valign=\"top\">\n<ul>\n<li>Nessuna responsabilit\u00e0<\/li>\n<li>Possibile trasferimento dell\u2019azienda<\/li>\n<li>Anonimato<\/li>\n<li>Accettazione eccezionale<\/li>\n<\/ul>\n<\/td>\n<td style=\"width: 22%;\" valign=\"top\">\n<ul>\n<li>Costituzione economicamente vantaggiosa<\/li>\n<li>Nessun capitale necessario<\/li>\n<li>Possibilit\u00e0 di prelievo dalla cassa pensioni<\/li>\n<\/ul>\n<\/td>\n<td style=\"width: 22%;\" valign=\"top\">\n<ul>\n<li>Costituzione economicamente vantaggiosa<\/li>\n<li>Nessun capitale necessario<\/li>\n<li>Possibilit\u00e0 di prelievo dalla cassa pensioni<\/li>\n<\/ul>\n<\/td>\n<\/tr>\n<tr>\n<td style=\"width: 12%;\" valign=\"top\">Svantaggi<\/td>\n<td style=\"width: 22%;\" valign=\"top\">\n<ul>\n<li>Nessun anonimato<\/li>\n<li>Acc\u00f2lta con favore maggiori<\/li>\n<li>Doppia imposizione fiscale<\/li>\n<\/ul>\n<\/td>\n<td style=\"width: 21.8949%;\" valign=\"top\">\n<ul>\n<li>Bisogno di un fondo di capitale elevato<\/li>\n<li>Doppia imposizione fiscale<\/li>\n<\/ul>\n<\/td>\n<td style=\"width: 22%;\" valign=\"top\">\n<ul>\n<li>Responsabilit\u00e0 individuale<\/li>\n<li>Trasmissione non possibile<\/li>\n<li>Il ritiro di un capitale proveniente del AD non \u00e8 possibile<\/li>\n<\/ul>\n<\/td>\n<td style=\"width: 22%;\" valign=\"top\">\n<ul>\n<li>Responsabilit\u00e0 individuale<\/li>\n<li>Il ritiro di un capitale proveniente del AD non \u00e8 possibile<\/li>\n<\/ul>\n<\/td>\n<\/tr>\n<\/tbody>\n<\/table>\n<p>&nbsp;<\/p>\n<p>[\/et_pb_text][\/et_pb_column][\/et_pb_row][\/et_pb_section][et_pb_section fb_built=&#8221;1&#8243; disabled_on=&#8221;off|off|on&#8221; admin_label=&#8221;Sektion &#8211; Rechtsformenvergleich &#8211; Mobile&#8221; _builder_version=&#8221;4.27.4&#8243; _module_preset=&#8221;default&#8221; global_colors_info=&#8221;{}&#8221; locked=&#8221;off&#8221;][et_pb_row admin_label=&#8221;Zeile&#8221; module_class=&#8221;compare-wrapper-mobile&#8221; _builder_version=&#8221;4.27.4&#8243; _module_preset=&#8221;default&#8221; global_colors_info=&#8221;{}&#8221;][et_pb_column type=&#8221;4_4&#8243; _builder_version=&#8221;4.20.2&#8243; _module_preset=&#8221;default&#8221; global_colors_info=&#8221;{}&#8221;][et_pb_text admin_label=&#8221;Scegliere la forma giuridica:&#8221; module_class=&#8221;compare-title&#8221; _builder_version=&#8221;4.27.4&#8243; _module_preset=&#8221;default&#8221; custom_margin=&#8221;50px||0px||false|false&#8221; hover_enabled=&#8221;0&#8243; global_colors_info=&#8221;{}&#8221; sticky_enabled=&#8221;0&#8243;]<\/p>\n<h4><span style=\"color: #000000;\"><strong>Scegliere la forma giuridica:<br \/><\/strong><\/span><\/h4>\n<p>[\/et_pb_text][et_pb_text admin_label=&#8221;Sagl&#8221; module_class=&#8221;compare-item&#8221; _builder_version=&#8221;4.27.4&#8243; background_size=&#8221;initial&#8221; background_position=&#8221;top_left&#8221; background_repeat=&#8221;repeat&#8221; hover_enabled=&#8221;0&#8243; use_border_color=&#8221;off&#8221; global_colors_info=&#8221;{}&#8221; sticky_enabled=&#8221;0&#8243;]<\/p>\n<h2>Sagl<\/h2>\n<hr \/>\n<p><strong>Capitale<\/strong><\/p>\n<p>Min. CHF 20\u2019000.-<\/p>\n<hr \/>\n<p><strong>Responsabilit\u00e0<\/strong><\/p>\n<p>Nessuna responsabilit\u00e0 personale<\/p>\n<hr \/>\n<p><strong>Nome<\/strong><\/p>\n<p>\u201cNome di fantasia\u201d + Sagl<\/p>\n<hr \/>\n<p><strong>Numero di persone<\/strong><\/p>\n<p>Min. 1 persona<\/p>\n<hr \/>\n<p><strong>Contabilit\u00e0<\/strong><\/p>\n<p>Contabilit\u00e0 sempre in partita doppia<\/p>\n<hr \/>\n<p><strong>Partecipazione<\/strong><\/p>\n<p>Possibile<\/p>\n<hr \/>\n<p><b>Tasse<\/b><\/p>\n<p>Dichiarazione dei redditi separata; solo le quote sociali nella dichiarazione dei redditi privata<\/p>\n<hr \/>\n<p><strong>AVS<\/strong><\/p>\n<p>Lo stipendio \u00e8 decisivo<\/p>\n<hr \/>\n<p><strong>Vantaggi<\/strong><\/p>\n<ul>\n<li>Nessuna responsabilit\u00e0<\/li>\n<li>Possibile trasferimento dell\u2019azienda<\/li>\n<li>Capitale minimo basso<\/li>\n<\/ul>\n<hr \/>\n<p><strong>Svantaggi<\/strong><\/p>\n<ul>\n<li>Nessun anonimato<\/li>\n<li>Acc\u00f2lta con favore maggiori<\/li>\n<li>Doppia imposizione fiscale<\/li>\n<\/ul>\n<hr \/>\n<p>[\/et_pb_text][et_pb_text admin_label=&#8221;SA&#8221; module_class=&#8221;compare-item&#8221; _builder_version=&#8221;4.27.4&#8243; background_size=&#8221;initial&#8221; background_position=&#8221;top_left&#8221; background_repeat=&#8221;repeat&#8221; hover_enabled=&#8221;0&#8243; use_border_color=&#8221;off&#8221; global_colors_info=&#8221;{}&#8221; sticky_enabled=&#8221;0&#8243;]<\/p>\n<h2>SA<\/h2>\n<hr \/>\n<p><strong>Capitale<\/strong><\/p>\n<p>Min. CHF 100\u2019000.- (pagamento parziale: almeno CHF 50\u2019000.-)<\/p>\n<hr \/>\n<p><strong>Responsabilit\u00e0<\/strong><\/p>\n<p>Nessuna responsabilit\u00e0 personale<\/p>\n<hr \/>\n<p><strong>Nome<\/strong><\/p>\n<p>\u201cNome di fantasia\u201d + SA<\/p>\n<hr \/>\n<p><strong>Numero di persone<\/strong><\/p>\n<p>Min. 1 persona<\/p>\n<hr \/>\n<p><strong>Contabilit\u00e0<\/strong><\/p>\n<p>Contabilit\u00e0 sempre in partita doppia<\/p>\n<hr \/>\n<p><strong>Partecipazione<\/strong><\/p>\n<p>Possibile<\/p>\n<hr \/>\n<p><b>Tasse<\/b><\/p>\n<p>Dichiarazione dei redditi separata; solo azioni ordinarie nella dichiarazione dei redditi privata<\/p>\n<hr \/>\n<p><strong>AVS<\/strong><\/p>\n<p>Lo stipendio \u00e8 decisivo<\/p>\n<hr \/>\n<p><strong>Vantaggi<\/strong><\/p>\n<ul>\n<li>Nessuna responsabilit\u00e0<\/li>\n<li>Possibile trasferimento dell\u2019azienda<\/li>\n<li>Anonimo<\/li>\n<li>Accettazione eccezionale<\/li>\n<\/ul>\n<hr \/>\n<p><strong>Svantaggi<\/strong><\/p>\n<ul>\n<li>Bisogno di un fondo di capitale elevato<\/li>\n<li>Doppia imposizione fiscale<\/li>\n<\/ul>\n<hr \/>\n<p>[\/et_pb_text][et_pb_text admin_label=&#8221;Ditta individuale&#8221; module_class=&#8221;compare-item&#8221; _builder_version=&#8221;4.27.4&#8243; background_size=&#8221;initial&#8221; background_position=&#8221;top_left&#8221; background_repeat=&#8221;repeat&#8221; hover_enabled=&#8221;0&#8243; use_border_color=&#8221;off&#8221; global_colors_info=&#8221;{}&#8221; sticky_enabled=&#8221;0&#8243;]<\/p>\n<h2>Ditta individuale<\/h2>\n<hr \/>\n<p><strong>Capitale<\/strong><\/p>\n<p>Nessun investimento di capitale<\/p>\n<hr \/>\n<p><strong>Responsabilit\u00e0<\/strong><\/p>\n<p>Responsabilit\u00e0 personale e illimitata<\/p>\n<hr \/>\n<p><strong>Nome<\/strong><\/p>\n<p>\u201cNome di fantasia\u201d + Cognome<\/p>\n<hr \/>\n<p><strong>Numero di persone<\/strong><\/p>\n<p>1 persona<\/p>\n<hr \/>\n<p><strong>Contabilit\u00e0<\/strong><\/p>\n<p>Contabilit\u00e0 a partita doppia a partire da un fatturato di CHF 500\u2019000.-.<\/p>\n<hr \/>\n<p><strong>Partecipazione<\/strong><\/p>\n<p>Non \u00e8 possibile<\/p>\n<hr \/>\n<p><b>Tasse<\/b><\/p>\n<p>Il profitto va nella dichiarazione dei redditi privata<\/p>\n<hr \/>\n<p><strong>AVS<\/strong><\/p>\n<p>Il profitto della societ\u00e0 \u00e8 decisivo<\/p>\n<hr \/>\n<p><strong>Vantaggi<\/strong><\/p>\n<ul>\n<li>Costituzione economicamente vantaggiosa<\/li>\n<li>Nessun capitale necessario<\/li>\n<li>Possibilit\u00e0 di prelievo dalla cassa pensioni<\/li>\n<\/ul>\n<hr \/>\n<p><strong>Svantaggi<\/strong><\/p>\n<ul>\n<li>Responsabilit\u00e0 individuale<\/li>\n<li>Trasmissione non possibile<\/li>\n<li>Il ritiro di un capitale proveniente del AD non \u00e8 possibile<\/li>\n<\/ul>\n<hr \/>\n<p>[\/et_pb_text][et_pb_text admin_label=&#8221;Societ\u00e0 in nome collettivo (SNC)&#8221; module_class=&#8221;compare-item&#8221; _builder_version=&#8221;4.27.4&#8243; background_size=&#8221;initial&#8221; background_position=&#8221;top_left&#8221; background_repeat=&#8221;repeat&#8221; hover_enabled=&#8221;0&#8243; use_border_color=&#8221;off&#8221; global_colors_info=&#8221;{}&#8221; sticky_enabled=&#8221;0&#8243;]<\/p>\n<h2>Societ\u00e0 in nome collettivo (SNC)<\/h2>\n<hr \/>\n<p><strong>Capitale<\/strong><\/p>\n<p>Nessun investimento di capitale<\/p>\n<hr \/>\n<p><strong>Responsabilit\u00e0<\/strong><\/p>\n<p>Responsabilit\u00e0 personale e illimitata<\/p>\n<hr \/>\n<p><strong>Nome<\/strong><\/p>\n<p>\u201cNome di fantasia\u201d + SNC<\/p>\n<hr \/>\n<p><strong>Numero di persone<\/strong><\/p>\n<p>Min. 2 persone<\/p>\n<hr \/>\n<p><strong>Contabilit\u00e0<\/strong><\/p>\n<p>Contabilit\u00e0 a partita doppia a partire da un fatturato di CHF 500\u2019000.-.<\/p>\n<hr \/>\n<p><strong>Partecipazione<\/strong><\/p>\n<p>Possibile<\/p>\n<hr \/>\n<p><b>Tasse<\/b><\/p>\n<p>Il profitto va nella dichiarazione dei redditi privata<\/p>\n<hr \/>\n<p><strong>AVS<\/strong><\/p>\n<p>Il profitto della societ\u00e0 \u00e8 decisivo<\/p>\n<hr \/>\n<p><strong>Vantaggi<\/strong><\/p>\n<ul>\n<li>Costituzione economicamente vantaggiosa<\/li>\n<li>Nessun capitale necessario<\/li>\n<li>Possibilit\u00e0 di prelievo dalla cassa pensioni<\/li>\n<\/ul>\n<hr \/>\n<p><strong>Svantaggi<\/strong><\/p>\n<ul>\n<li>Responsabilit\u00e0 individuale<\/li>\n<li>Il ritiro di un capitale proveniente del AD non \u00e8 possibile<\/li>\n<\/ul>\n<hr \/>\n<p>[\/et_pb_text][\/et_pb_column][\/et_pb_row][\/et_pb_section]<\/p>\n","protected":false},"excerpt":{"rendered":"excerpt","protected":false},"author":4,"featured_media":0,"parent":28457,"menu_order":93,"comment_status":"closed","ping_status":"closed","template":"","meta":{"_acf_changed":false,"_et_pb_use_builder":"on","_et_pb_old_content":"<p>Le forme giuridiche pi\u00f9 comuni in Svizzera sono la societ\u00e0 per azioni (SA), la societ\u00e0 a responsabilit\u00e0 limitata (GmbH), la ditta individuale e la societ\u00e0 in nome collettivo (KlG). Nella tabella seguente troverete le differenze pi\u00f9 importanti. Saremo lieti di consigliarvi personalmente (cliccate qui per una consulenza) oppure potete trovare ulteriori informazioni sul nostro canale Youtube.<\/p><table class=\"table table-striped\" style=\"width: 100%;\"><thead><tr> <th> <\/th> <th style=\"text-align: center; width: 200px;\">Sagl<\/th> <th style=\"text-align: center; width: 200px;\">SA<\/th><th style=\"text-align: center; width: 200px;\">Ditta individuale<\/th> <th style=\"text-align: center; width: 200px;\">Societ\u00e0 in nome collettivo<\/th><\/tr><\/thead><tbody><tr><td valign=\"top\">Capitale<\/td><td style=\"text-align: left;\" valign=\"top\">Mente. CHF 20'000<\/td><td style=\"text-align: left;\" valign=\"top\">Mente. CHF 100'000 (di cui almeno CHF 50'000.- di cui almeno CHF 50'000.- di contributo)<\/td><td style=\"text-align: left;\" valign=\"top\">Nessun investimento di capitale<\/td><td style=\"text-align: left;\" valign=\"top\">Nessun investimento di capitale<\/td><\/tr><tr><td valign=\"top\">Responsabilit\u00e0<\/td><td style=\"text-align: left;\" valign=\"top\">Nessuna responsabilit\u00e0 personale<\/td> <td style=\"text-align: left;\" valign=\"top\">Nessuna responsabilit\u00e0 personale<\/td> <td style=\"text-align: left;\" valign=\"top\">Nessuna responsabilit\u00e0 personale Responsabilit\u00e0<\/td> <td style=\"text-align: left;\" valign=\"top\">personale e illimitata Responsabilit\u00e0 personale e illimitata<\/td><\/tr><tr><td>Nome<\/td><td style=\"text-align: left;\">\"Fantasiebez\". + Sagl.<\/td> <td style=\"text-align: left;\">\"Fantasybez\". + SA<\/td> <td style=\"text-align: left;\">\"Fantasybez\". + cognome<\/td> <td style=\"text-align: left;\">\"Fantasiebez\". + KlG<\/td><\/tr><tr><td>numero di persone<\/td><td style=\"text-align: left;\">Mente. 1 persona<\/td><td style=\"text-align: left;\">Mente. 1 persona<\/td><td style=\"text-align: left;\">Mente. 1 persona<\/td><td style=\"text-align: left;\">Mente. 2 persone<\/td><\/tr><tr><td valign=\"top\">Contabilit\u00e0<\/td>S<td style=\"text-align: left;\" valign=\"top\">empre contabilit\u00e0 in partita doppia<\/td><td style=\"text-align: left;\" valign=\"top\">Sempre contabilit\u00e0 in partita doppia<\/td><td style=\"text-align: left;\" valign=\"top\">Da un fatturato di CHF 500'000.- contabilit\u00e0 in partita doppia<\/td> <td style=\"text-align: left;\" valign=\"top\">Da un fatturato di CHF 500'000.- contabilit\u00e0 in partita doppia<\/td><\/tr><tr><td>Partecipazione<\/td><td style=\"text-align: left;\" valign=\"top\">Possibile<\/td><td style=\"text-align: left;\" valign=\"top\">Possibile<\/td> <td style=\"text-align: left;\" valign=\"top\">Non possibile<\/td> <td style=\"text-align: left;\" valign=\"top\">Possibile<\/td><\/tr><tr><td valign=\"top\">Imposte<\/td><td style=\"text-align: left;\" valign=\"top\">Dichiarazione dei redditi separata; solo quote nella dichiarazione dei redditi privata<\/td> <td style=\"text-align: left;\" valign=\"top\">Dichiarazione dei redditi separata; solo quote nella dichiarazione dei redditi privata<\/td> <td style=\"text-align: left;\" valign=\"top\">L'utile va alla dichiarazione dei redditi <\/td><td style=\"text-align: left;\" valign=\"top\">privataL'utile va alla dichiarazione dei redditi privata<\/td><\/tr><tr><td valign=\"top\">AVS<\/td> <td style=\"text-align: left;\">lo stipendio \u00e8 decisivo<\/td> <td style=\"text-align: left;\">lo stipendio \u00e8 decisivo<\/td> <td style=\"text-align: left;\">Il profitto \u00e8 decisivo<\/td><td style=\"text-align: left;\">Il profitto \u00e8 decisivo<\/td><\/tr><tr><td valign=\"top\">Vantaggi<\/td><td style=\"text-align: left;\" valign=\"top\"><ul><li>Nessuna responsabilit\u00e0<\/li><li>Possibile trasferimento dell'azienda<\/li><li>basso capitale minimo<\/li><\/ul><\/td><td style=\"text-align: left;\" valign=\"top\"><ul><li>Nessuna responsabilit\u00e0<\/li><li>Possibile trasferimento dell'azienda<\/li><li>Anonimato<\/li><li>accettazione eccezionale<\/li><\/ul><\/td><td style=\"text-align: left;\" valign=\"top\"><ul><li>fondazione economicamente vantaggiosa<\/li><li>nessun capitale necessario<\/li><li>Possibilit\u00e0 di prelievo dalla cassa pensioni<\/li><\/ul><\/td><td style=\"text-align: left;\" valign=\"top\"><ul><li>fondazione economicamente vantaggiosa<\/li><li>nessun capitale necessario<\/li><li>Possibilit\u00e0 di prelievo dalla cassa pensioni<\/li><\/ul><\/td><\/tr><tr><td valign=\"top\">Svantaggi<\/td><td style=\"text-align: left;\" valign=\"top\"><ul><li>nessun anonimato<\/li><li>accettazione pi\u00f9 profonda di AG<\/li><li>doppia imposizione fiscale<\/li><\/ul><\/td><td style=\"text-align: left;\" valign=\"top\"><ul><li>elevato fabbisogno di capitale<\/li><li>doppia imposizione fiscale<\/li><\/ul><\/td><td style=\"text-align: left;\" valign=\"top\"><ul><li>responsabilit\u00e0 individuale<\/li><li>Trasmissione non possibile<\/li><li>Nessun riferimento ALV possibile<\/li><\/ul><\/td><td style=\"text-align: left;\" valign=\"top\"><ul><li>responsabilit\u00e0 individuale<\/li><li>Nessun riferimento ALV possibile<\/li><\/ul><\/td><\/tr><\/tbody><\/table><p> <\/p>","_et_gb_content_width":"","sync_status":"","episode_type":"","audio_file":"","castos_file_data":"","podmotor_file_id":"","cover_image":"","cover_image_id":"","duration":"","filesize":"","filesize_raw":"","date_recorded":"","explicit":"","block":"","footnotes":""},"class_list":["post-28466","page","type-page","status-publish","hentry"],"aioseo_notices":[],"acf":[],"_links":{"self":[{"href":"https:\/\/fasoon.ch\/it\/wp-json\/wp\/v2\/pages\/28466","targetHints":{"allow":["GET"]}}],"collection":[{"href":"https:\/\/fasoon.ch\/it\/wp-json\/wp\/v2\/pages"}],"about":[{"href":"https:\/\/fasoon.ch\/it\/wp-json\/wp\/v2\/types\/page"}],"author":[{"embeddable":true,"href":"https:\/\/fasoon.ch\/it\/wp-json\/wp\/v2\/users\/4"}],"replies":[{"embeddable":true,"href":"https:\/\/fasoon.ch\/it\/wp-json\/wp\/v2\/comments?post=28466"}],"version-history":[{"count":2,"href":"https:\/\/fasoon.ch\/it\/wp-json\/wp\/v2\/pages\/28466\/revisions"}],"predecessor-version":[{"id":48792,"href":"https:\/\/fasoon.ch\/it\/wp-json\/wp\/v2\/pages\/28466\/revisions\/48792"}],"up":[{"embeddable":true,"href":"https:\/\/fasoon.ch\/it\/wp-json\/wp\/v2\/pages\/28457"}],"wp:attachment":[{"href":"https:\/\/fasoon.ch\/it\/wp-json\/wp\/v2\/media?parent=28466"}],"curies":[{"name":"wp","href":"https:\/\/api.w.org\/{rel}","templated":true}]}}