{"id":51616,"date":"2026-02-26T12:11:14","date_gmt":"2026-02-26T11:11:14","guid":{"rendered":"https:\/\/fasoon.ch\/?page_id=51616"},"modified":"2026-03-16T08:27:36","modified_gmt":"2026-03-16T07:27:36","slug":"valiant","status":"publish","type":"page","link":"https:\/\/fasoon.ch\/fr\/a-propos-de-nous\/nos-partenaires\/valiant\/","title":{"rendered":"Valiant"},"content":{"rendered":"<p>[et_pb_section fb_built=\u00a0\u00bb1&Prime; admin_label=\u00a0\u00bbDescription and Contact\u00a0\u00bb _builder_version=\u00a0\u00bb4.27.4&Prime; locked=\u00a0\u00bboff\u00a0\u00bb collapsed=\u00a0\u00bboff\u00a0\u00bb global_colors_info=\u00a0\u00bb{}\u00a0\u00bb][et_pb_row admin_label=\u00a0\u00bbHeader Title\u00a0\u00bb _builder_version=\u00a0\u00bb4.27.4&Prime; background_size=\u00a0\u00bbinitial\u00a0\u00bb background_position=\u00a0\u00bbtop_left\u00a0\u00bb background_repeat=\u00a0\u00bbrepeat\u00a0\u00bb global_colors_info=\u00a0\u00bb{}\u00a0\u00bb][et_pb_column type=\u00a0\u00bb4_4&Prime; _builder_version=\u00a0\u00bb4.16&Prime; custom_padding=\u00a0\u00bb|||\u00a0\u00bb global_colors_info=\u00a0\u00bb{}\u00a0\u00bb custom_padding__hover=\u00a0\u00bb|||\u00a0\u00bb][et_pb_text admin_label=\u00a0\u00bbAlles, was dein Unternehmen braucht\u00a0\u00bb _builder_version=\u00a0\u00bb4.27.4&Prime; background_size=\u00a0\u00bbinitial\u00a0\u00bb background_position=\u00a0\u00bbtop_left\u00a0\u00bb background_repeat=\u00a0\u00bbrepeat\u00a0\u00bb use_border_color=\u00a0\u00bboff\u00a0\u00bb global_colors_info=\u00a0\u00bb{}\u00a0\u00bb]<\/p>\n<h1 class=\"information-title\"><strong>Votre compte professionnel en 72 heures<\/strong><br \/>Ouvrez un compte rapidement et efficacement<\/h1>\n<p>[\/et_pb_text][\/et_pb_column][\/et_pb_row][et_pb_row column_structure=\u00a0\u00bb2_3,1_3&Prime; admin_label=\u00a0\u00bbPartner &#8211; Intro (2\/3) and Contact (1\/3)\u00a0\u00bb _builder_version=\u00a0\u00bb4.27.4&Prime; _module_preset=\u00a0\u00bbdefault\u00a0\u00bb custom_margin=\u00a0\u00bb40px||40px||false|false\u00a0\u00bb custom_margin_tablet=\u00a0\u00bb0px||0px||false|false\u00a0\u00bb custom_margin_phone=\u00a0\u00bb0px||||false|false\u00a0\u00bb custom_margin_last_edited=\u00a0\u00bbon|phone\u00a0\u00bb saved_tabs=\u00a0\u00bball\u00a0\u00bb locked=\u00a0\u00bboff\u00a0\u00bb global_colors_info=\u00a0\u00bb{}\u00a0\u00bb][et_pb_column type=\u00a0\u00bb2_3&Prime; _builder_version=\u00a0\u00bb4.27.4&Prime; _module_preset=\u00a0\u00bbdefault\u00a0\u00bb custom_padding=\u00a0\u00bb20px||20px||false|false\u00a0\u00bb custom_padding_tablet=\u00a0\u00bb20px||30px||false|false\u00a0\u00bb custom_padding_phone=\u00a0\u00bb20px||20px||false|false\u00a0\u00bb custom_padding_last_edited=\u00a0\u00bbon|phone\u00a0\u00bb global_colors_info=\u00a0\u00bb{}\u00a0\u00bb][et_pb_text admin_label=\u00a0\u00bbBeschreibungstext Partner\u00a0\u00bb _builder_version=\u00a0\u00bb4.27.4&Prime; _module_preset=\u00a0\u00bbdefault\u00a0\u00bb header_3_font=\u00a0\u00bb|600|||||||\u00a0\u00bb header_3_text_color=\u00a0\u00bb#464646&Prime; header_3_font_size=\u00a0\u00bb20px\u00a0\u00bb header_3_font_size_tablet=\u00a0\u00bb18px\u00a0\u00bb header_3_font_size_phone=\u00a0\u00bb16px\u00a0\u00bb header_3_font_size_last_edited=\u00a0\u00bbon|desktop\u00a0\u00bb global_colors_info=\u00a0\u00bb{}\u00a0\u00bb]<\/p>\n<h3>Valiant Bank<\/h3>\n<p style=\"font-weight: 400;\">Cr\u00e9er une entreprise en toute simplicit\u00e9\u00a0: Compte de d\u00e9p\u00f4t de capital en CHF et EUR<\/p>\n<p style=\"font-weight: 400;\">Vous souhaitez cr\u00e9er une soci\u00e9t\u00e9 anonyme (SA) ou une soci\u00e9t\u00e9 \u00e0 responsabilit\u00e9 limit\u00e9e (SARL), ou r\u00e9aliser une augmentation de capital\u00a0? Avec le compte de d\u00e9p\u00f4t de capital de Valiant, la proc\u00e9dure est simple et transparente. D\u00e8s la cr\u00e9ation de votre soci\u00e9t\u00e9 ou l\u2019augmentation de capital, nous cr\u00e9ditons votre compte professionnel du montant correspondant.<\/p>\n<p>[\/et_pb_text][\/et_pb_column][et_pb_column type=\u00a0\u00bb1_3&Prime; _builder_version=\u00a0\u00bb4.27.4&Prime; _module_preset=\u00a0\u00bbdefault\u00a0\u00bb custom_padding=\u00a0\u00bb20px||20px|50px|false|false\u00a0\u00bb custom_padding_tablet=\u00a0\u00bb20px||30px|20px|false|false\u00a0\u00bb custom_padding_phone=\u00a0\u00bb20px||20px|0px|false|false\u00a0\u00bb custom_padding_last_edited=\u00a0\u00bbon|phone\u00a0\u00bb border_color_top=\u00a0\u00bb#8c8c91&Prime; border_width_left=\u00a0\u00bb1px\u00a0\u00bb border_color_left=\u00a0\u00bb#464646&Prime; border_width_all_tablet=\u00a0\u00bb\u00a0\u00bb border_width_all_phone=\u00a0\u00bb\u00a0\u00bb border_width_all_last_edited=\u00a0\u00bbon|tablet\u00a0\u00bb border_width_top_tablet=\u00a0\u00bb1px\u00a0\u00bb border_width_top_phone=\u00a0\u00bb1px\u00a0\u00bb border_width_top_last_edited=\u00a0\u00bbon|phone\u00a0\u00bb border_width_bottom_tablet=\u00a0\u00bb0px\u00a0\u00bb border_width_bottom_phone=\u00a0\u00bb0px\u00a0\u00bb border_width_bottom_last_edited=\u00a0\u00bbon|phone\u00a0\u00bb border_width_left_tablet=\u00a0\u00bb0px\u00a0\u00bb border_width_left_phone=\u00a0\u00bb0px\u00a0\u00bb border_width_left_last_edited=\u00a0\u00bbon|phone\u00a0\u00bb global_colors_info=\u00a0\u00bb{}\u00a0\u00bb][et_pb_text disabled_on=\u00a0\u00bbon|on|off\u00a0\u00bb admin_label=\u00a0\u00bbPartner &#8211; Questions?\u00a0\u00bb _builder_version=\u00a0\u00bb4.27.4&Prime; _module_preset=\u00a0\u00bbdefault\u00a0\u00bb text_font=\u00a0\u00bb|600|||||||\u00a0\u00bb text_text_color=\u00a0\u00bb#464646&Prime; text_font_size=\u00a0\u00bb26px\u00a0\u00bb custom_margin=\u00a0\u00bb||5px||false|false\u00a0\u00bb text_font_size_tablet=\u00a0\u00bb22px\u00a0\u00bb text_font_size_phone=\u00a0\u00bb20px\u00a0\u00bb text_font_size_last_edited=\u00a0\u00bbon|phone\u00a0\u00bb global_module=\u00a0\u00bb47784&Prime; saved_tabs=\u00a0\u00bball\u00a0\u00bb global_colors_info=\u00a0\u00bb{}\u00a0\u00bb]<\/p>\n<p>Avez-vous questions ?<\/p>\n<p>[\/et_pb_text][et_pb_image src=\u00a0\u00bbhttps:\/\/fasoon.ch\/wp-content\/uploads\/2026\/02\/Valiant_RGB.png\u00a0\u00bb title_text=\u00a0\u00bbBaloise\u00a0\u00bb show_bottom_space=\u00a0\u00bboff\u00a0\u00bb align_tablet=\u00a0\u00bbleft\u00a0\u00bb align_phone=\u00a0\u00bbleft\u00a0\u00bb align_last_edited=\u00a0\u00bbon|phone\u00a0\u00bb admin_label=\u00a0\u00bbPartner &#8211; Logo\u00a0\u00bb _builder_version=\u00a0\u00bb4.27.4&Prime; _module_preset=\u00a0\u00bbdefault\u00a0\u00bb width_tablet=\u00a0\u00bb50%\u00a0\u00bb width_phone=\u00a0\u00bb50%\u00a0\u00bb width_last_edited=\u00a0\u00bboff|desktop\u00a0\u00bb max_width=\u00a0\u00bb220px\u00a0\u00bb max_width_tablet=\u00a0\u00bb200px\u00a0\u00bb max_width_phone=\u00a0\u00bb180px\u00a0\u00bb max_width_last_edited=\u00a0\u00bbon|desktop\u00a0\u00bb module_alignment=\u00a0\u00bbleft\u00a0\u00bb max_height=\u00a0\u00bb100px\u00a0\u00bb max_height_tablet=\u00a0\u00bb75px\u00a0\u00bb max_height_phone=\u00a0\u00bb50px\u00a0\u00bb max_height_last_edited=\u00a0\u00bbon|phone\u00a0\u00bb custom_margin=\u00a0\u00bb||||false|false\u00a0\u00bb custom_margin_tablet=\u00a0\u00bb||||false|false\u00a0\u00bb custom_margin_phone=\u00a0\u00bb||||false|false\u00a0\u00bb custom_margin_last_edited=\u00a0\u00bboff|desktop\u00a0\u00bb custom_padding=\u00a0\u00bb30px||30px||false|false\u00a0\u00bb custom_padding_tablet=\u00a0\u00bb20px||20px||false|false\u00a0\u00bb custom_padding_phone=\u00a0\u00bb10px||10px||false|false\u00a0\u00bb custom_padding_last_edited=\u00a0\u00bbon|phone\u00a0\u00bb module_alignment_tablet=\u00a0\u00bbleft\u00a0\u00bb module_alignment_phone=\u00a0\u00bbleft\u00a0\u00bb module_alignment_last_edited=\u00a0\u00bbon|desktop\u00a0\u00bb global_module=\u00a0\u00bb47790&Prime; saved_tabs=\u00a0\u00bball\u00a0\u00bb global_colors_info=\u00a0\u00bb{}\u00a0\u00bb][\/et_pb_image][et_pb_text admin_label=\u00a0\u00bbPartner &#8211; Adress\u00a0\u00bb _builder_version=\u00a0\u00bb4.27.4&Prime; _module_preset=\u00a0\u00bbdefault\u00a0\u00bb text_text_color=\u00a0\u00bb#464646&Prime; background_size=\u00a0\u00bbinitial\u00a0\u00bb background_position=\u00a0\u00bbtop_left\u00a0\u00bb background_repeat=\u00a0\u00bbrepeat\u00a0\u00bb custom_margin=\u00a0\u00bb||15px||false|false\u00a0\u00bb global_module=\u00a0\u00bb47791&Prime; saved_tabs=\u00a0\u00bball\u00a0\u00bb global_colors_info=\u00a0\u00bb{}\u00a0\u00bb]<\/p>\n<p>Valiant Bank AG<br \/>Bundesplatz 4<br \/>Postfach<br \/>3001 Bern<\/p>\n<p>[\/et_pb_text][et_pb_blurb url_new_window=\u00a0\u00bbon\u00a0\u00bb image=\u00a0\u00bbhttps:\/\/fasoon.ch\/wp-content\/uploads\/2025\/08\/Icon_Tel.svg\u00a0\u00bb icon_placement=\u00a0\u00bbleft\u00a0\u00bb image_icon_width=\u00a0\u00bb28px\u00a0\u00bb content_max_width=\u00a0\u00bb100%\u00a0\u00bb image_icon_width_tablet=\u00a0\u00bb24px\u00a0\u00bb image_icon_width_phone=\u00a0\u00bb20px\u00a0\u00bb image_icon_width_last_edited=\u00a0\u00bbon|phone\u00a0\u00bb admin_label=\u00a0\u00bbPartner &#8211; Phone\u00a0\u00bb _builder_version=\u00a0\u00bb4.27.4&Prime; _module_preset=\u00a0\u00bbdefault\u00a0\u00bb header_font=\u00a0\u00bb||||||||\u00a0\u00bb header_text_align=\u00a0\u00bbleft\u00a0\u00bb header_text_color=\u00a0\u00bb#464646&Prime; header_font_size=\u00a0\u00bb20px\u00a0\u00bb body_text_color=\u00a0\u00bb#464646&Prime; body_font_size=\u00a0\u00bb20px\u00a0\u00bb image_icon_custom_margin=\u00a0\u00bb0px|0px|0px|0px|false|false\u00a0\u00bb image_icon_custom_margin_tablet=\u00a0\u00bb0px|0px|0px|0px|false|false\u00a0\u00bb image_icon_custom_margin_phone=\u00a0\u00bb0px|||10px|false|false\u00a0\u00bb image_icon_custom_margin_last_edited=\u00a0\u00bbon|phone\u00a0\u00bb width_phone=\u00a0\u00bb50%\u00a0\u00bb width_last_edited=\u00a0\u00bboff|phone\u00a0\u00bb custom_margin=\u00a0\u00bb0px|0px|15px|0px|false|false\u00a0\u00bb custom_margin_tablet=\u00a0\u00bb0px|0px|10px|0px|false|false\u00a0\u00bb custom_margin_phone=\u00a0\u00bb||5px|-10px|false|false\u00a0\u00bb custom_margin_last_edited=\u00a0\u00bbon|phone\u00a0\u00bb custom_padding=\u00a0\u00bb0px|0px|0px|0px|false|false\u00a0\u00bb animation=\u00a0\u00bboff\u00a0\u00bb link_option_url=\u00a0\u00bbtel:+41 31 320 91 11&Prime; link_option_url_new_window=\u00a0\u00bbon\u00a0\u00bb body_font_size_tablet=\u00a0\u00bb18px\u00a0\u00bb body_font_size_phone=\u00a0\u00bb16px\u00a0\u00bb body_font_size_last_edited=\u00a0\u00bbon|phone\u00a0\u00bb global_module=\u00a0\u00bb47792&Prime; saved_tabs=\u00a0\u00bball\u00a0\u00bb locked=\u00a0\u00bboff\u00a0\u00bb global_colors_info=\u00a0\u00bb{}\u00a0\u00bb]<\/p>\n<p>+41 31 320 91 11<\/p>\n<p>[\/et_pb_blurb][et_pb_blurb url_new_window=\u00a0\u00bbon\u00a0\u00bb image=\u00a0\u00bbhttps:\/\/fasoon.ch\/wp-content\/uploads\/2025\/08\/Icon_Web.svg\u00a0\u00bb icon_placement=\u00a0\u00bbleft\u00a0\u00bb image_icon_width=\u00a0\u00bb28px\u00a0\u00bb content_max_width=\u00a0\u00bb100%\u00a0\u00bb image_icon_width_tablet=\u00a0\u00bb24px\u00a0\u00bb image_icon_width_phone=\u00a0\u00bb20px\u00a0\u00bb image_icon_width_last_edited=\u00a0\u00bbon|phone\u00a0\u00bb admin_label=\u00a0\u00bbPartner &#8211; Web\u00a0\u00bb _builder_version=\u00a0\u00bb4.27.4&Prime; _module_preset=\u00a0\u00bbdefault\u00a0\u00bb body_text_color=\u00a0\u00bb#464646&Prime; body_font_size=\u00a0\u00bb20px\u00a0\u00bb image_icon_custom_margin=\u00a0\u00bb0px|0px||0px|false|false\u00a0\u00bb image_icon_custom_margin_tablet=\u00a0\u00bb|0px|||false|false\u00a0\u00bb image_icon_custom_margin_phone=\u00a0\u00bb0px|||10px|false|false\u00a0\u00bb image_icon_custom_margin_last_edited=\u00a0\u00bbon|desktop\u00a0\u00bb image_icon_custom_padding=\u00a0\u00bb5px||||false|false\u00a0\u00bb width_phone=\u00a0\u00bb50%\u00a0\u00bb width_last_edited=\u00a0\u00bboff|phone\u00a0\u00bb custom_margin=\u00a0\u00bb||15px||false|false\u00a0\u00bb custom_margin_tablet=\u00a0\u00bb||10px||false|false\u00a0\u00bb custom_margin_phone=\u00a0\u00bb||5px|-10px|false|false\u00a0\u00bb custom_margin_last_edited=\u00a0\u00bbon|phone\u00a0\u00bb animation=\u00a0\u00bboff\u00a0\u00bb link_option_url=\u00a0\u00bbhttps:\/\/www.valiant.ch\/fr\/entreprises\/?utm_source=Fasoon&#038;utm_medium=landingpage&#038;utm_campaign=partner&#038;utm_content=fr\u00a0\u00bb link_option_url_new_window=\u00a0\u00bbon\u00a0\u00bb body_font_size_tablet=\u00a0\u00bb18px\u00a0\u00bb body_font_size_phone=\u00a0\u00bb16px\u00a0\u00bb body_font_size_last_edited=\u00a0\u00bbon|desktop\u00a0\u00bb custom_css_blurb_content=\u00a0\u00bbmargin: 0;\u00a0\u00bb global_module=\u00a0\u00bb47794&Prime; saved_tabs=\u00a0\u00bball\u00a0\u00bb global_colors_info=\u00a0\u00bb{}\u00a0\u00bb]<\/p>\n<p>www.valiant.ch<\/p>\n<p>[\/et_pb_blurb][\/et_pb_column][\/et_pb_row][\/et_pb_section][et_pb_section fb_built=\u00a0\u00bb1&Prime; admin_label=\u00a0\u00bbWarum\u00a0\u00bb module_class=\u00a0\u00bbbackground-grey\u00a0\u00bb _builder_version=\u00a0\u00bb4.27.4&Prime; background_enable_color=\u00a0\u00bboff\u00a0\u00bb custom_css_free_form=\u00a0\u00bbselector{||  padding-top: 50px !important;||  padding-bottom: 50px !important;||}\u00a0\u00bb collapsed=\u00a0\u00bboff\u00a0\u00bb global_colors_info=\u00a0\u00bb{}\u00a0\u00bb][et_pb_row _builder_version=\u00a0\u00bb4.27.4&Prime; _module_preset=\u00a0\u00bbdefault\u00a0\u00bb global_colors_info=\u00a0\u00bb{}\u00a0\u00bb][et_pb_column type=\u00a0\u00bb4_4&Prime; _builder_version=\u00a0\u00bb4.27.4&Prime; _module_preset=\u00a0\u00bbdefault\u00a0\u00bb global_colors_info=\u00a0\u00bb{}\u00a0\u00bb][et_pb_text _builder_version=\u00a0\u00bb4.27.4&Prime; _module_preset=\u00a0\u00bbdefault\u00a0\u00bb global_colors_info=\u00a0\u00bb{}\u00a0\u00bb]<\/p>\n<h3><strong>Vos avantages<\/strong><\/h3>\n<ul>\n<li>Traitement simple et transparent<\/li>\n<li>Conversion imm\u00e9diate en compte professionnel apr\u00e8s la cr\u00e9ation de la soci\u00e9t\u00e9. En cas d&rsquo;augmentation de capital, les fonds sont rapidement transf\u00e9r\u00e9s sur votre compte professionnel.<\/li>\n<li>Ouverture et r\u00e8glement du compte gratuits<\/li>\n<\/ul>\n<p>&nbsp;<\/p>\n<h3><strong>Conditions g\u00e9n\u00e9rales<\/strong><\/h3>\n<ul>\n<li>Commission\u00a0: 1\u00a0% du montant confirm\u00e9 (hors TVA) \u2013 minimum 250\u00a0CHF, maximum 2\u00a0000\u00a0CHF, plus 500\u00a0CHF si les fonds ne sont pas transf\u00e9r\u00e9s sur un compte professionnel Valiant apr\u00e8s la cr\u00e9ation ou l&rsquo;augmentation de capital.<\/li>\n<li>\u00c9galement disponible en EUR<\/li>\n<\/ul>\n<p>Mes d\u00e9p\u00f4ts sont-ils couverts par une assurance-d\u00e9p\u00f4ts\u00a0? Oui.<\/p>\n<p>[\/et_pb_text][\/et_pb_column][\/et_pb_row][\/et_pb_section][et_pb_section fb_built=\u00a0\u00bb1&Prime; disabled_on=\u00a0\u00bboff|off|off\u00a0\u00bb admin_label=\u00a0\u00bbWarum\u00a0\u00bb _builder_version=\u00a0\u00bb4.27.4&Prime; background_enable_color=\u00a0\u00bboff\u00a0\u00bb custom_css_free_form=\u00a0\u00bbselector{||  padding-top: 50px !important;||  padding-bottom: 50px !important;||}\u00a0\u00bb collapsed=\u00a0\u00bboff\u00a0\u00bb global_colors_info=\u00a0\u00bb{}\u00a0\u00bb][et_pb_row _builder_version=\u00a0\u00bb4.27.4&Prime; _module_preset=\u00a0\u00bbdefault\u00a0\u00bb global_colors_info=\u00a0\u00bb{}\u00a0\u00bb][et_pb_column type=\u00a0\u00bb4_4&Prime; _builder_version=\u00a0\u00bb4.16&Prime; _module_preset=\u00a0\u00bbdefault\u00a0\u00bb global_colors_info=\u00a0\u00bb{}\u00a0\u00bb][et_pb_text admin_label=\u00a0\u00bbBusiness Set Basic\u00a0\u00bb _builder_version=\u00a0\u00bb4.27.4&Prime; _module_preset=\u00a0\u00bbdefault\u00a0\u00bb global_colors_info=\u00a0\u00bb{}\u00a0\u00bb]<\/p>\n<h3 class=\"p1\"><strong>Business Set Basic<\/strong><\/h3>\n<p>[\/et_pb_text][\/et_pb_column][\/et_pb_row][et_pb_row column_structure=\u00a0\u00bb1_2,1_2&Prime; _builder_version=\u00a0\u00bb4.27.4&Prime; global_colors_info=\u00a0\u00bb{}\u00a0\u00bb][et_pb_column type=\u00a0\u00bb1_2&Prime; _builder_version=\u00a0\u00bb4.16&Prime; global_colors_info=\u00a0\u00bb{}\u00a0\u00bb][et_pb_blurb title=\u00a0\u00bbServices inclus\u00a0\u00bb image=\u00a0\u00bbhttps:\/\/fasoon.ch\/wp-content\/uploads\/2020\/12\/icons8_ok_128px.png\u00a0\u00bb icon_placement=\u00a0\u00bbleft\u00a0\u00bb admin_label=\u00a0\u00bbAnforderungen erfassen\u00a0\u00bb _builder_version=\u00a0\u00bb4.27.4&Prime; header_font=\u00a0\u00bb|700|||||||\u00a0\u00bb header_text_color=\u00a0\u00bb#000000&Prime; header_font_size=\u00a0\u00bb20px\u00a0\u00bb animation=\u00a0\u00bboff\u00a0\u00bb hover_enabled=\u00a0\u00bb0&Prime; global_colors_info=\u00a0\u00bb{}\u00a0\u00bb sticky_enabled=\u00a0\u00bb0&Prime;]<\/p>\n<ul>\n<li class=\"li1\">1 compte en CHF ou en devise \u00e9trang\u00e8re<\/li>\n<li class=\"li1\">Relev\u00e9 de compte annuel<\/li>\n<li class=\"li1\">12 relev\u00e9s par an<\/li>\n<li class=\"li1\"><span style=\"font-size: 18px;\">120 transactions par an<\/span><\/li>\n<\/ul>\n<p>12 CHF par trimestre<\/p>\n<p>[\/et_pb_blurb][\/et_pb_column][et_pb_column type=\u00a0\u00bb1_2&Prime; _builder_version=\u00a0\u00bb4.16&Prime; global_colors_info=\u00a0\u00bb{}\u00a0\u00bb][et_pb_blurb title=\u00a0\u00bbAutres avantages\u00a0\u00bb image=\u00a0\u00bbhttps:\/\/fasoon.ch\/wp-content\/uploads\/2020\/12\/icons8_ok_128px.png\u00a0\u00bb icon_placement=\u00a0\u00bbleft\u00a0\u00bb admin_label=\u00a0\u00bbAnforderungen erfassen\u00a0\u00bb _builder_version=\u00a0\u00bb4.27.4&Prime; header_font=\u00a0\u00bb|700|||||||\u00a0\u00bb header_text_color=\u00a0\u00bb#000000&Prime; header_font_size=\u00a0\u00bb20px\u00a0\u00bb animation=\u00a0\u00bboff\u00a0\u00bb hover_enabled=\u00a0\u00bb0&Prime; global_colors_info=\u00a0\u00bb{}\u00a0\u00bb sticky_enabled=\u00a0\u00bb0&Prime;]<\/p>\n<ul>\n<li>25 % de r\u00e9duction sur toutes les cartes de d\u00e9bit Mastercard<\/li>\n<li>25 % de r\u00e9duction sur toutes les cartes de cr\u00e9dit professionnelles<\/li>\n<li>Retraits gratuits aux distributeurs automatiques du monde entier (avec une carte de d\u00e9bit Mastercard) (hors frais de tiers)<\/li>\n<li>Offres gratuites pour Multibanking, BusinessNet et Tilbago<\/li>\n<\/ul>\n<p>[\/et_pb_blurb][\/et_pb_column][\/et_pb_row][\/et_pb_section][et_pb_section fb_built=\u00a0\u00bb1&Prime; admin_label=\u00a0\u00bbCTA Foundation + Consultation\u00a0\u00bb module_class=\u00a0\u00bbbackground-grey\u00a0\u00bb _builder_version=\u00a0\u00bb4.27.4&Prime; _module_preset=\u00a0\u00bbdefault\u00a0\u00bb background_enable_color=\u00a0\u00bboff\u00a0\u00bb custom_margin=\u00a0\u00bb||-50px||false|false\u00a0\u00bb custom_padding=\u00a0\u00bb||||false|false\u00a0\u00bb global_module=\u00a0\u00bb48974&Prime; saved_tabs=\u00a0\u00bball\u00a0\u00bb locked=\u00a0\u00bboff\u00a0\u00bb global_colors_info=\u00a0\u00bb{}\u00a0\u00bb][et_pb_row _builder_version=\u00a0\u00bb4.27.4&Prime; _module_preset=\u00a0\u00bbdefault\u00a0\u00bb custom_css_free_form=\u00a0\u00bbselector{||  text-align: center;||}||selector .btn-white-arrow {||    margin-right: 32px;||    padding: 11px 20px;||  \tfont-size: 20px;||\t\twidth: 100%;||\t\tmax-width: 274px;||}||||selector .btn-white-arrow:after {||    position: absolute;||    right: 14px;||    top: 13px;||}||||@media (max-width: 981px) {||  selector .btn-white-arrow {||    margin-bottom: 25px;||    padding: 11px 20px;||    padding: 7px 12px;||    font-size: 16px;||    max-width: 215px;||}||  selector .btn-white-arrow:after {||  \twidth: 11px;||    height: 16px;||    position: absolute;||    right: 12px;||    top: 11px;||}||||}||||@media (max-width: 555px) {||  selector .btn-white-arrow {||    margin-right: 0 ;||  }||}\u00a0\u00bb global_colors_info=\u00a0\u00bb{}\u00a0\u00bb][et_pb_column type=\u00a0\u00bb4_4&Prime; _builder_version=\u00a0\u00bb4.27.4&Prime; _module_preset=\u00a0\u00bbdefault\u00a0\u00bb global_colors_info=\u00a0\u00bb{}\u00a0\u00bb][et_pb_text admin_label=\u00a0\u00bbAre you ready?\u00a0\u00bb _builder_version=\u00a0\u00bb4.27.4&Prime; _module_preset=\u00a0\u00bbdefault\u00a0\u00bb text_orientation=\u00a0\u00bbcenter\u00a0\u00bb custom_margin_tablet=\u00a0\u00bb25px||||false|false\u00a0\u00bb custom_margin_phone=\u00a0\u00bb25px||||false|false\u00a0\u00bb custom_margin_last_edited=\u00a0\u00bboff|desktop\u00a0\u00bb global_colors_info=\u00a0\u00bb{}\u00a0\u00bb]<\/p>\n<h2 style=\"padding-bottom: 0;\"><strong>Vous \u00eates pr\u00eat ?<\/strong><br \/><span style=\"font-weight: 300;\">Cr\u00e9ez votre entreprise maintenant.<\/span><\/h2>\n<p>[\/et_pb_text][et_pb_text admin_label=\u00a0\u00bbOur team already helped&#8230;\u00a0\u00bb _builder_version=\u00a0\u00bb4.27.4&Prime; _module_preset=\u00a0\u00bbdefault\u00a0\u00bb text_font=\u00a0\u00bb|300|||||||\u00a0\u00bb text_font_size=\u00a0\u00bb28px\u00a0\u00bb text_line_height=\u00a0\u00bb28px\u00a0\u00bb text_orientation=\u00a0\u00bbcenter\u00a0\u00bb custom_margin=\u00a0\u00bb||0px||false|false\u00a0\u00bb custom_padding=\u00a0\u00bb50px||50px||false|false\u00a0\u00bb custom_padding_tablet=\u00a0\u00bb20px||25px||false|false\u00a0\u00bb custom_padding_phone=\u00a0\u00bb20px||25px||false|false\u00a0\u00bb custom_padding_last_edited=\u00a0\u00bbon|tablet\u00a0\u00bb text_font_size_tablet=\u00a0\u00bb22px\u00a0\u00bb text_font_size_phone=\u00a0\u00bb22px\u00a0\u00bb text_font_size_last_edited=\u00a0\u00bbon|tablet\u00a0\u00bb global_colors_info=\u00a0\u00bb{}\u00a0\u00bb]<\/p>\n<p>Notre \u00e9quipe a d\u00e9j\u00e0 aid\u00e9 des milliers de cr\u00e9ateurs d&rsquo;entreprise \u00e0 lancer leur entreprise.<br \/>Rapidement, avec le meilleur service et aux meilleurs prix.<\/p>\n<p>[\/et_pb_text][et_pb_text admin_label=\u00a0\u00bbbtn Beratungsgespr\u00e4ch\u00a0\u00bb _builder_version=\u00a0\u00bb4.27.4&Prime; _module_preset=\u00a0\u00bbdefault\u00a0\u00bb text_orientation=\u00a0\u00bbcenter\u00a0\u00bb custom_margin_tablet=\u00a0\u00bb||0px||false|false\u00a0\u00bb custom_margin_phone=\u00a0\u00bb||0px||false|false\u00a0\u00bb custom_margin_last_edited=\u00a0\u00bboff|desktop\u00a0\u00bb global_colors_info=\u00a0\u00bb{}\u00a0\u00bb]<\/p>\n<p><a class=\"submit set_up_btn btn btn-primary btn-white-arrow\" href=\"\/pre-release\/?page_id=28505\">Cr\u00e9er maintenant<\/a><a class=\"submit set_up_btn btn btn-primary btn-white-arrow\" href=\"\/pre-release\/?page_id=28520\">Prenez rendez-vous<br \/><\/a><\/p>\n<p>[\/et_pb_text][\/et_pb_column][\/et_pb_row][\/et_pb_section]<\/p>\n","protected":false},"excerpt":{"rendered":"excerpt","protected":false},"author":10,"featured_media":0,"parent":34845,"menu_order":0,"comment_status":"closed","ping_status":"closed","template":"","meta":{"_acf_changed":false,"_et_pb_use_builder":"on","_et_pb_old_content":"","_et_gb_content_width":"","sync_status":"","episode_type":"","audio_file":"","castos_file_data":"","podmotor_file_id":"","cover_image":"","cover_image_id":"","duration":"","filesize":"","filesize_raw":"","date_recorded":"","explicit":"","block":"","footnotes":""},"class_list":["post-51616","page","type-page","status-publish","hentry"],"aioseo_notices":[],"acf":[],"_links":{"self":[{"href":"https:\/\/fasoon.ch\/fr\/wp-json\/wp\/v2\/pages\/51616","targetHints":{"allow":["GET"]}}],"collection":[{"href":"https:\/\/fasoon.ch\/fr\/wp-json\/wp\/v2\/pages"}],"about":[{"href":"https:\/\/fasoon.ch\/fr\/wp-json\/wp\/v2\/types\/page"}],"author":[{"embeddable":true,"href":"https:\/\/fasoon.ch\/fr\/wp-json\/wp\/v2\/users\/10"}],"replies":[{"embeddable":true,"href":"https:\/\/fasoon.ch\/fr\/wp-json\/wp\/v2\/comments?post=51616"}],"version-history":[{"count":14,"href":"https:\/\/fasoon.ch\/fr\/wp-json\/wp\/v2\/pages\/51616\/revisions"}],"predecessor-version":[{"id":52120,"href":"https:\/\/fasoon.ch\/fr\/wp-json\/wp\/v2\/pages\/51616\/revisions\/52120"}],"up":[{"embeddable":true,"href":"https:\/\/fasoon.ch\/fr\/wp-json\/wp\/v2\/pages\/34845"}],"wp:attachment":[{"href":"https:\/\/fasoon.ch\/fr\/wp-json\/wp\/v2\/media?parent=51616"}],"curies":[{"name":"wp","href":"https:\/\/api.w.org\/{rel}","templated":true}]}}