{"id":38331,"date":"2022-04-04T11:49:58","date_gmt":"2022-04-04T09:49:58","guid":{"rendered":"https:\/\/fasoon.ch\/?page_id=38331"},"modified":"2022-04-08T10:48:29","modified_gmt":"2022-04-08T08:48:29","slug":"fasoon-founders-forecast","status":"publish","type":"page","link":"https:\/\/fasoon.ch\/fr\/fasoon-founders-forecast\/","title":{"rendered":"Fasoon Founders Forecast"},"content":{"rendered":"<p>[et_pb_section fb_built=\u00a0\u00bb1&Prime; _builder_version=\u00a0\u00bb3.22&Prime; global_colors_info=\u00a0\u00bb{}\u00a0\u00bb][et_pb_row column_structure=\u00a0\u00bb2_5,3_5&Prime; _builder_version=\u00a0\u00bb4.4.8&Prime; global_colors_info=\u00a0\u00bb{}\u00a0\u00bb][et_pb_column type=\u00a0\u00bb2_5&Prime; _builder_version=\u00a0\u00bb4.4.8&Prime; global_colors_info=\u00a0\u00bb{}\u00a0\u00bb][et_pb_image src=\u00a0\u00bbhttps:\/\/fasoon.ch\/wp-content\/uploads\/2022\/03\/Fasoon-Foundation-Forecast_web.jpg\u00a0\u00bb title_text=\u00a0\u00bbBusinesswoman On Crystal Ball\u00a0\u00bb align=\u00a0\u00bbcenter\u00a0\u00bb force_fullwidth=\u00a0\u00bbon\u00a0\u00bb align_tablet=\u00a0\u00bb\u00a0\u00bb align_phone=\u00a0\u00bbcenter\u00a0\u00bb align_last_edited=\u00a0\u00bbon|desktop\u00a0\u00bb _builder_version=\u00a0\u00bb4.13.1&Prime; animation=\u00a0\u00bboff\u00a0\u00bb sticky=\u00a0\u00bboff\u00a0\u00bb border_style=\u00a0\u00bbsolid\u00a0\u00bb always_center_on_mobile=\u00a0\u00bbon\u00a0\u00bb global_colors_info=\u00a0\u00bb{}\u00a0\u00bb][\/et_pb_image][et_pb_number_counter title=\u00a0\u00bbForecast 2022 (Situation en mars 22)\u00a0\u00bb number=\u00a0\u00bb50734&Prime; percent_sign=\u00a0\u00bboff\u00a0\u00bb _builder_version=\u00a0\u00bb4.13.1&Prime; _module_preset=\u00a0\u00bbdefault\u00a0\u00bb global_colors_info=\u00a0\u00bb{}\u00a0\u00bb][\/et_pb_number_counter][\/et_pb_column][et_pb_column type=\u00a0\u00bb3_5&Prime; _builder_version=\u00a0\u00bb4.4.8&Prime; global_colors_info=\u00a0\u00bb{}\u00a0\u00bb][et_pb_text admin_label=\u00a0\u00bbText\u00a0\u00bb _builder_version=\u00a0\u00bb4.13.1&Prime; border_style=\u00a0\u00bbsolid\u00a0\u00bb global_colors_info=\u00a0\u00bb{}\u00a0\u00bb]<\/p>\n<h2>Fasoon Founders Forecast<\/h2>\n<p>[\/et_pb_text][et_pb_text _builder_version=\u00a0\u00bb4.13.1&Prime; border_style=\u00a0\u00bbsolid\u00a0\u00bb global_colors_info=\u00a0\u00bb{}\u00a0\u00bb]<\/p>\n<p>Y aura-t-il \u00e0 nouveau une ann\u00e9e record en termes de cr\u00e9ations d&rsquo;entreprises ? Les cr\u00e9ations d&rsquo;entreprises sont un indicateur utile de l&rsquo;humeur de l&rsquo;\u00e9conomie et de la soci\u00e9t\u00e9. Dans notre travail quotidien, nous prenons le pouls de la sc\u00e8ne des cr\u00e9ateurs d&rsquo;entreprise. Avec le \u00ab\u00a0Fasoon Founders Forecast\u00a0\u00bb, nous donnons chaque mois un pronostic sur le nombre de cr\u00e9ations d&rsquo;entreprises jusqu&rsquo;\u00e0 la fin de l&rsquo;ann\u00e9e. Outre les donn\u00e9es \u00e9conomiques telles que le nombre actuel de cr\u00e9ations d&rsquo;entreprises, les liquidations, le taux de ch\u00f4mage, l&rsquo;inflation et la croissance d\u00e9mographique, ces pr\u00e9visions int\u00e8grent \u00e9galement des informations issues de nos contacts quotidiens avec les cr\u00e9ateurs d&rsquo;entreprise.<\/p>\n<p>[\/et_pb_text][\/et_pb_column][\/et_pb_row][et_pb_row use_custom_gutter=\u00a0\u00bbon\u00a0\u00bb gutter_width=\u00a0\u00bb2&Prime; _builder_version=\u00a0\u00bb4.4.8&Prime; background_size=\u00a0\u00bbinitial\u00a0\u00bb background_position=\u00a0\u00bbtop_left\u00a0\u00bb background_repeat=\u00a0\u00bbrepeat\u00a0\u00bb global_colors_info=\u00a0\u00bb{}\u00a0\u00bb][et_pb_column type=\u00a0\u00bb4_4&Prime; _builder_version=\u00a0\u00bb3.25&Prime; custom_padding=\u00a0\u00bb|||\u00a0\u00bb global_colors_info=\u00a0\u00bb{}\u00a0\u00bb custom_padding__hover=\u00a0\u00bb|||\u00a0\u00bb][et_pb_divider show_divider=\u00a0\u00bboff\u00a0\u00bb _builder_version=\u00a0\u00bb3.23.4&Prime; height=\u00a0\u00bb50px\u00a0\u00bb hide_on_mobile=\u00a0\u00bboff\u00a0\u00bb global_colors_info=\u00a0\u00bb{}\u00a0\u00bb][\/et_pb_divider][et_pb_text _builder_version=\u00a0\u00bb4.13.1&Prime; border_style=\u00a0\u00bbsolid\u00a0\u00bb global_colors_info=\u00a0\u00bb{}\u00a0\u00bb]<\/p>\n<h1>Nos articles sur la cr\u00e9ation d&rsquo;entreprise<\/h1>\n<p>[\/et_pb_text]<div class=\"et_pb_with_border et_pb_module et_pb_blog_0  et_pb_css_mix_blend_mode et_pb_blog_grid_wrapper et_pb_bg_layout_light\">\n\t\t\t\t\n\t\t\t\t\n\t\t\t\t\n\t\t\t\t\n\t\t\t\t\n\t\t\t\t\n\t\t\t\t<div class=\"et_pb_module_inner\">\n\t\t\t\t\t<div class=\"et_pb_with_border et_pb_module et_pb_blog_0  et_pb_css_mix_blend_mode et_pb_blog_grid_wrapper et_pb_bg_layout_light\">\n\t\t\t\t\t<div class=\"et_pb_blog_grid clearfix \">\n\t\t\t\t\t\n\t\t\t\t\t\n\t\t\t\t\t\n\t\t\t\t\t\n\t\t\t\t\t<div class=\"et_pb_ajax_pagination_container\">\n\t\t\t\t\t\t<div class=\"et_pb_salvattore_content\" data-columns>\n\t\t\t<article id=\"post-38374\" class=\"et_pb_post clearfix et_pb_blog_item_0_0 post-38374 post type-post status-publish format-standard has-post-thumbnail hentry category-communiques-de-presse category-fasoon-founders-forecast-fr category-generalites\">\n\n\t\t\t\t<div class=\"et_pb_image_container\"><a href=\"https:\/\/fasoon.ch\/fr\/fasoon-founders-forecast-mars-2022\/\" class=\"entry-featured-image-url\"><img loading=\"lazy\" decoding=\"async\" src=\"https:\/\/fasoon.ch\/wp-content\/uploads\/2022\/03\/Fasoon-Foundation-Forecast_web-400x250.jpg\" alt=\"Fasoon Founders Forecast Mars 2022\" class=\"\" srcset=\"https:\/\/fasoon.ch\/wp-content\/uploads\/2022\/03\/Fasoon-Foundation-Forecast_web.jpg 479w, https:\/\/fasoon.ch\/wp-content\/uploads\/2022\/03\/Fasoon-Foundation-Forecast_web-400x250.jpg 480w \" sizes=\"(max-width:479px) 479px, 100vw \"  width=\"400\" height=\"250\" \/><\/a><\/div>\n\t\t\t\t\t\t\t\t\t\t\t\t\t\t<h2 class=\"entry-title\">\n\t\t\t\t\t\t\t\t\t\t\t\t\t<a href=\"https:\/\/fasoon.ch\/fr\/fasoon-founders-forecast-mars-2022\/\">Fasoon Founders Forecast Mars 2022<\/a>\n\t\t\t\t\t\t\t\t\t\t\t<\/h2>\n\t\t\t\t\n\t\t\t\t\t<p class=\"post-meta\"><span class=\"published\">Avr 8, 2022<\/span><\/p><div class=\"post-content\"><div class=\"post-content-inner\"><p>[et_pb_section fb_built=\"1\" _builder_version=\"4.16\" global_colors_info=\"{}\"][et_pb_row _builder_version=\"4.16\" background_size=\"initial\" background_position=\"top_left\" background_repeat=\"repeat\"...<\/p>\n<\/div><a href=\"https:\/\/fasoon.ch\/fr\/fasoon-founders-forecast-mars-2022\/\" class=\"more-link\">lire plus<\/a><\/div>\t\t\t\n\t\t\t<\/article>\n\t\t\t\t<\/div><div><div class=\"pagination clearfix\">\n\t<div class=\"alignleft\"><\/div>\n\t<div class=\"alignright\"><\/div>\n<\/div><\/div><\/div>\n\t\t\t\t\t<\/div>\n\t\t\t\t\t \n\t\t\t\t<\/div>\n\t\t\t\t<\/div>\n\t\t\t<\/div>[\/et_pb_column][\/et_pb_row][\/et_pb_section]<\/p>\n","protected":false},"excerpt":{"rendered":"excerpt","protected":false},"author":10,"featured_media":0,"parent":0,"menu_order":0,"comment_status":"closed","ping_status":"closed","template":"","meta":{"_acf_changed":false,"_et_pb_use_builder":"on","_et_pb_old_content":"<p>[et_pb_section fb_built=\"1\" _builder_version=\"3.22\" global_colors_info=\"{}\"][et_pb_row column_structure=\"2_5,3_5\" _builder_version=\"4.4.8\" global_colors_info=\"{}\"][et_pb_column type=\"2_5\" _builder_version=\"4.4.8\" global_colors_info=\"{}\"][et_pb_image src=\"https:\/\/fasoon.ch\/wp-content\/uploads\/2022\/03\/Fasoon-Foundation-Forecast_web.jpg\" title_text=\"Businesswoman On Crystal Ball\" align=\"center\" force_fullwidth=\"on\" align_tablet=\"\" align_phone=\"center\" align_last_edited=\"on|desktop\" _builder_version=\"4.13.1\" animation=\"off\" sticky=\"off\" border_style=\"solid\" always_center_on_mobile=\"on\" global_colors_info=\"{}\"][\/et_pb_image][et_pb_number_counter title=\"Forecast 2022 (Stand M\u00e4rz 22)\" number=\"50734\" percent_sign=\"off\" _builder_version=\"4.13.1\" _module_preset=\"default\" global_colors_info=\"{}\"][\/et_pb_number_counter][\/et_pb_column][et_pb_column type=\"3_5\" _builder_version=\"4.4.8\" global_colors_info=\"{}\"][et_pb_text admin_label=\"Text\" _builder_version=\"4.13.1\" border_style=\"solid\" global_colors_info=\"{}\"]<\/p>\r\n<h2>Fasoon Founders Forecast<\/h2>\r\n<p>[\/et_pb_text][et_pb_text _builder_version=\"4.13.1\" border_style=\"solid\" global_colors_info=\"{}\"]<\/p>\r\n<p>Gibt es wieder ein Rekordjahr an Gr\u00fcndungen? Firmengr\u00fcndungen sind ein n\u00fctzlicher Gradmesser f\u00fcr die Stimmung in Wirtschaft und Gesellschaft. In unserem Tagesgesch\u00e4ft f\u00fchlen wir der Gr\u00fcnderszene den Puls, mit dem \u00abFasoon Founders Forecast\u00bb geben wir monatlich eine Prognose f\u00fcr die Zahl an Neugr\u00fcndungen bis Ende Jahr ab. Darin fliessen neben volkswirtschaftlichen Daten wie aktuelle Gr\u00fcndungszahlen, Liquidationen, die Arbeitslosenquote, die Inflation sowie dem Bev\u00f6lkerungswachstum auch Informationen aus unserem t\u00e4glichen Kontakt mit Gr\u00fcnderinnen und Gr\u00fcndern ein.<\/p>\r\n<p>[\/et_pb_text][\/et_pb_column][\/et_pb_row][et_pb_row use_custom_gutter=\"on\" gutter_width=\"2\" _builder_version=\"4.4.8\" background_size=\"initial\" background_position=\"top_left\" background_repeat=\"repeat\" global_colors_info=\"{}\"][et_pb_column type=\"4_4\" _builder_version=\"3.25\" custom_padding=\"|||\" global_colors_info=\"{}\" custom_padding__hover=\"|||\"][et_pb_divider show_divider=\"off\" _builder_version=\"3.23.4\" height=\"50px\" hide_on_mobile=\"off\" global_colors_info=\"{}\"][\/et_pb_divider][et_pb_text _builder_version=\"4.13.1\" border_style=\"solid\" global_colors_info=\"{}\"]<\/p>\r\n<h1>Unsere Beitr\u00e4ge zu Firmengr\u00fcndungen<\/h1>\r\n<p>[\/et_pb_text][et_pb_blog fullwidth=\"off\" posts_number=\"9\" include_categories=\"144\" excerpt_length=\"200\" show_more=\"on\" show_author=\"off\" show_categories=\"off\" _builder_version=\"4.13.1\" header_font_size=\"16px\" body_font_size=\"16px\" border_color_all_image=\"#d8d8d8\" global_colors_info=\"{}\"][\/et_pb_blog][\/et_pb_column][\/et_pb_row][\/et_pb_section]<\/p>","_et_gb_content_width":"","sync_status":"","episode_type":"","audio_file":"","castos_file_data":"","podmotor_file_id":"","cover_image":"","cover_image_id":"","duration":"","filesize":"","filesize_raw":"","date_recorded":"","explicit":"","block":"","footnotes":""},"class_list":["post-38331","page","type-page","status-publish","hentry"],"aioseo_notices":[],"acf":[],"_links":{"self":[{"href":"https:\/\/fasoon.ch\/fr\/wp-json\/wp\/v2\/pages\/38331","targetHints":{"allow":["GET"]}}],"collection":[{"href":"https:\/\/fasoon.ch\/fr\/wp-json\/wp\/v2\/pages"}],"about":[{"href":"https:\/\/fasoon.ch\/fr\/wp-json\/wp\/v2\/types\/page"}],"author":[{"embeddable":true,"href":"https:\/\/fasoon.ch\/fr\/wp-json\/wp\/v2\/users\/10"}],"replies":[{"embeddable":true,"href":"https:\/\/fasoon.ch\/fr\/wp-json\/wp\/v2\/comments?post=38331"}],"version-history":[{"count":7,"href":"https:\/\/fasoon.ch\/fr\/wp-json\/wp\/v2\/pages\/38331\/revisions"}],"predecessor-version":[{"id":38378,"href":"https:\/\/fasoon.ch\/fr\/wp-json\/wp\/v2\/pages\/38331\/revisions\/38378"}],"wp:attachment":[{"href":"https:\/\/fasoon.ch\/fr\/wp-json\/wp\/v2\/media?parent=38331"}],"curies":[{"name":"wp","href":"https:\/\/api.w.org\/{rel}","templated":true}]}}