{"id":28522,"date":"2017-12-18T15:24:56","date_gmt":"2017-12-18T14:24:56","guid":{"rendered":"https:\/\/fasoon.ch\/calculateur-de-prix\/commande-transmise\/"},"modified":"2025-10-20T15:40:09","modified_gmt":"2025-10-20T13:40:09","slug":"commande-transmise","status":"publish","type":"page","link":"https:\/\/fasoon.ch\/fr\/calculateur-de-prix\/commande-transmise\/","title":{"rendered":"Commande transmise"},"content":{"rendered":"<p>[et_pb_section fb_built=\u00a0\u00bb1&Prime; admin_label=\u00a0\u00bbDescription and Contact\u00a0\u00bb _builder_version=\u00a0\u00bb4.27.4&Prime; locked=\u00a0\u00bboff\u00a0\u00bb collapsed=\u00a0\u00bboff\u00a0\u00bb global_colors_info=\u00a0\u00bb{}\u00a0\u00bb][et_pb_row admin_label=\u00a0\u00bbHeader Title\u00a0\u00bb _builder_version=\u00a0\u00bb4.27.4&Prime; background_size=\u00a0\u00bbinitial\u00a0\u00bb background_position=\u00a0\u00bbtop_left\u00a0\u00bb background_repeat=\u00a0\u00bbrepeat\u00a0\u00bb global_colors_info=\u00a0\u00bb{}\u00a0\u00bb][et_pb_column type=\u00a0\u00bb4_4&Prime; _builder_version=\u00a0\u00bb4.16&Prime; custom_padding=\u00a0\u00bb|||\u00a0\u00bb global_colors_info=\u00a0\u00bb{}\u00a0\u00bb custom_padding__hover=\u00a0\u00bb|||\u00a0\u00bb][et_pb_text admin_label=\u00a0\u00bbPage Title: Merci beaucoup pour votre commande !\u00a0\u00bb module_class=\u00a0\u00bbinformation-title\u00a0\u00bb _builder_version=\u00a0\u00bb4.27.4&Prime; background_size=\u00a0\u00bbinitial\u00a0\u00bb background_position=\u00a0\u00bbtop_left\u00a0\u00bb background_repeat=\u00a0\u00bbrepeat\u00a0\u00bb use_border_color=\u00a0\u00bboff\u00a0\u00bb global_colors_info=\u00a0\u00bb{}\u00a0\u00bb]<\/p>\n<h1 class=\"information-title\"><strong>Merci beaucoup pour votre commande !<br \/>\n<\/strong>La cr\u00e9ation de la soci\u00e9t\u00e9 est en cours.<\/h1>\n<p>[\/et_pb_text][\/et_pb_column][\/et_pb_row][et_pb_row column_structure=\u00a0\u00bb2_3,1_3&Prime; admin_label=\u00a0\u00bbIntro (2\/3) and Contact (1\/3)\u00a0\u00bb _builder_version=\u00a0\u00bb4.27.4&Prime; _module_preset=\u00a0\u00bbdefault\u00a0\u00bb custom_margin=\u00a0\u00bb40px||||false|false\u00a0\u00bb custom_margin_tablet=\u00a0\u00bb0px||||false|false\u00a0\u00bb custom_margin_phone=\u00a0\u00bb0px||||false|false\u00a0\u00bb custom_margin_last_edited=\u00a0\u00bbon|phone\u00a0\u00bb locked=\u00a0\u00bboff\u00a0\u00bb global_colors_info=\u00a0\u00bb{}\u00a0\u00bb][et_pb_column type=\u00a0\u00bb2_3&Prime; _builder_version=\u00a0\u00bb4.27.4&Prime; _module_preset=\u00a0\u00bbdefault\u00a0\u00bb custom_padding=\u00a0\u00bb20px||20px||false|false\u00a0\u00bb custom_padding_tablet=\u00a0\u00bb20px||30px||false|false\u00a0\u00bb custom_padding_phone=\u00a0\u00bb20px||20px||false|false\u00a0\u00bb custom_padding_last_edited=\u00a0\u00bbon|phone\u00a0\u00bb global_colors_info=\u00a0\u00bb{}\u00a0\u00bb][et_pb_text admin_label=\u00a0\u00bbVous recevrez prochainement une confirmation par e-mail.\u00a0\u00bb _builder_version=\u00a0\u00bb4.27.4&Prime; _module_preset=\u00a0\u00bbdefault\u00a0\u00bb header_3_font=\u00a0\u00bb|600|||||||\u00a0\u00bb header_3_text_color=\u00a0\u00bb#464646&Prime; header_3_font_size=\u00a0\u00bb20px\u00a0\u00bb custom_padding=\u00a0\u00bb||40px||false|false\u00a0\u00bb header_3_font_size_tablet=\u00a0\u00bb18px\u00a0\u00bb header_3_font_size_phone=\u00a0\u00bb16px\u00a0\u00bb header_3_font_size_last_edited=\u00a0\u00bbon|desktop\u00a0\u00bb global_colors_info=\u00a0\u00bb{}\u00a0\u00bb]<\/p>\n<p>Vous recevrez prochainement une confirmation par e-mail.<\/p>\n<p>[\/et_pb_text][et_pb_text admin_label=\u00a0\u00bbAufz\u00e4hlung: prochaines avanc\u00e9es\u00a0\u00bb _builder_version=\u00a0\u00bb4.27.4&Prime; _module_preset=\u00a0\u00bbdefault\u00a0\u00bb header_4_font=\u00a0\u00bb|600|||||||\u00a0\u00bb header_4_text_color=\u00a0\u00bb#464646&Prime; header_4_font_size=\u00a0\u00bb26px\u00a0\u00bb custom_css_free_form=\u00a0\u00bb@media (min-width: 360px) {||    ol.custom-list::before {height: 240px !important;}||\t\t}||@media (min-width: 520px) {||    ol.custom-list::before {height: 165px !important;}||\t\t}||@media (min-width: 960px) {||    ol.custom-list::before {height: 170px !important;}||\t\t}\u00a0\u00bb locked=\u00a0\u00bboff\u00a0\u00bb global_colors_info=\u00a0\u00bb{}\u00a0\u00bb]<\/p>\n<h4>Les prochaines avanc\u00e9es<\/h4>\n<ol class=\"custom-list\">\n<li>Envoie-nous les copies des pi\u00e8ces d&rsquo;identit\u00e9 de toutes les personnes concern\u00e9es en r\u00e9ponse \u00e0 la confirmation de cr\u00e9ation.<\/li>\n<li>Nous vous contacterons dans les 24 heures pour discuter de la cr\u00e9ation de votre entreprise.<\/li>\n<li>R\u00e9fl\u00e9chis \u00e0 ce dont vous avez encore besoin pour vous lancer. Vous trouverez ci-dessous un aper\u00e7u des th\u00e8mes les plus fr\u00e9quents et des liens utiles.<\/li>\n<\/ol>\n<p>[\/et_pb_text][\/et_pb_column][et_pb_column type=\u00a0\u00bb1_3&Prime; _builder_version=\u00a0\u00bb4.27.4&Prime; _module_preset=\u00a0\u00bbdefault\u00a0\u00bb custom_padding=\u00a0\u00bb20px||20px|50px|false|false\u00a0\u00bb custom_padding_tablet=\u00a0\u00bb20px||30px|20px|false|false\u00a0\u00bb custom_padding_phone=\u00a0\u00bb||20px|0px|false|false\u00a0\u00bb custom_padding_last_edited=\u00a0\u00bbon|phone\u00a0\u00bb border_color_top=\u00a0\u00bb#8c8c91&Prime; border_width_left=\u00a0\u00bb1px\u00a0\u00bb border_color_left=\u00a0\u00bb#464646&Prime; border_width_all_tablet=\u00a0\u00bb\u00a0\u00bb border_width_all_phone=\u00a0\u00bb\u00a0\u00bb border_width_all_last_edited=\u00a0\u00bbon|desktop\u00a0\u00bb border_width_top_tablet=\u00a0\u00bb1px\u00a0\u00bb border_width_top_phone=\u00a0\u00bb1px\u00a0\u00bb border_width_top_last_edited=\u00a0\u00bbon|phone\u00a0\u00bb border_width_bottom_tablet=\u00a0\u00bb1px\u00a0\u00bb border_width_bottom_phone=\u00a0\u00bb0px\u00a0\u00bb border_width_bottom_last_edited=\u00a0\u00bbon|desktop\u00a0\u00bb border_width_left_tablet=\u00a0\u00bb0px\u00a0\u00bb border_width_left_phone=\u00a0\u00bb0px\u00a0\u00bb border_width_left_last_edited=\u00a0\u00bbon|tablet\u00a0\u00bb global_colors_info=\u00a0\u00bb{}\u00a0\u00bb][et_pb_text admin_label=\u00a0\u00bbAvez-vous des questions ?\u00a0\u00bb _builder_version=\u00a0\u00bb4.27.4&Prime; _module_preset=\u00a0\u00bbdefault\u00a0\u00bb text_font=\u00a0\u00bb|600|||||||\u00a0\u00bb text_text_color=\u00a0\u00bb#464646&Prime; text_font_size=\u00a0\u00bb26px\u00a0\u00bb custom_margin=\u00a0\u00bb||5px||false|false\u00a0\u00bb global_module=\u00a0\u00bb48350&Prime; saved_tabs=\u00a0\u00bball\u00a0\u00bb global_colors_info=\u00a0\u00bb{}\u00a0\u00bb]<\/p>\n<p>Avez-vous questions ?<\/p>\n<p>[\/et_pb_text][et_pb_image src=\u00a0\u00bbhttps:\/\/fasoon.ch\/wp-content\/uploads\/2025\/08\/Fasoon_Berater_2025_tny.jpg\u00a0\u00bb title_text=\u00a0\u00bbFasoon_Berater_2025_tny\u00a0\u00bb show_bottom_space=\u00a0\u00bboff\u00a0\u00bb align_tablet=\u00a0\u00bbleft\u00a0\u00bb align_phone=\u00a0\u00bbright\u00a0\u00bb align_last_edited=\u00a0\u00bbon|desktop\u00a0\u00bb admin_label=\u00a0\u00bbPicture d&rsquo;equipe\u00a0\u00bb _builder_version=\u00a0\u00bb4.27.4&Prime; _module_preset=\u00a0\u00bbdefault\u00a0\u00bb width_tablet=\u00a0\u00bb60%\u00a0\u00bb width_phone=\u00a0\u00bb45%\u00a0\u00bb width_last_edited=\u00a0\u00bbon|tablet\u00a0\u00bb module_alignment=\u00a0\u00bbleft\u00a0\u00bb max_height=\u00a0\u00bb235px\u00a0\u00bb custom_margin=\u00a0\u00bb||20px||false|false\u00a0\u00bb custom_margin_tablet=\u00a0\u00bb||-160px||false|false\u00a0\u00bb custom_margin_phone=\u00a0\u00bb||-140px||false|false\u00a0\u00bb custom_margin_last_edited=\u00a0\u00bbon|phone\u00a0\u00bb module_alignment_tablet=\u00a0\u00bbright\u00a0\u00bb module_alignment_phone=\u00a0\u00bbright\u00a0\u00bb module_alignment_last_edited=\u00a0\u00bbon|phone\u00a0\u00bb border_radii=\u00a0\u00bbon|5px|5px|5px|5px\u00a0\u00bb global_module=\u00a0\u00bb48352&Prime; saved_tabs=\u00a0\u00bball\u00a0\u00bb global_colors_info=\u00a0\u00bb{}\u00a0\u00bb][\/et_pb_image][et_pb_text admin_label=\u00a0\u00bbNotre \u00e9quipe\u00a0\u00bb _builder_version=\u00a0\u00bb4.27.4&Prime; _module_preset=\u00a0\u00bbdefault\u00a0\u00bb text_font=\u00a0\u00bb|300|||||||\u00a0\u00bb text_text_color=\u00a0\u00bb#464646&Prime; text_font_size=\u00a0\u00bb28px\u00a0\u00bb custom_margin=\u00a0\u00bb||15px||false|false\u00a0\u00bb text_font_size_tablet=\u00a0\u00bb28px\u00a0\u00bb text_font_size_phone=\u00a0\u00bb24px\u00a0\u00bb text_font_size_last_edited=\u00a0\u00bbon|phone\u00a0\u00bb global_module=\u00a0\u00bb48353&Prime; saved_tabs=\u00a0\u00bball\u00a0\u00bb global_colors_info=\u00a0\u00bb{}\u00a0\u00bb]<\/p>\n<p>Notre \u00e9quipe<\/p>\n<p>[\/et_pb_text][et_pb_text admin_label=\u00a0\u00bbOn aime bien aider !\u00a0\u00bb _builder_version=\u00a0\u00bb4.27.4&Prime; _module_preset=\u00a0\u00bbdefault\u00a0\u00bb text_text_color=\u00a0\u00bb#464646&Prime; custom_margin=\u00a0\u00bb||15px||false|false\u00a0\u00bb global_module=\u00a0\u00bb48354&Prime; saved_tabs=\u00a0\u00bball\u00a0\u00bb global_colors_info=\u00a0\u00bb{}\u00a0\u00bb]<\/p>\n<p>On aime bien aider !<\/p>\n<p>[\/et_pb_text][et_pb_blurb url_new_window=\u00a0\u00bbon\u00a0\u00bb image=\u00a0\u00bbhttps:\/\/fasoon.ch\/wp-content\/uploads\/2025\/08\/Icon_Tel.svg\u00a0\u00bb icon_placement=\u00a0\u00bbleft\u00a0\u00bb image_icon_width=\u00a0\u00bb28px\u00a0\u00bb content_max_width=\u00a0\u00bb100%\u00a0\u00bb image_icon_width_tablet=\u00a0\u00bb24px\u00a0\u00bb image_icon_width_phone=\u00a0\u00bb22px\u00a0\u00bb image_icon_width_last_edited=\u00a0\u00bbon|phone\u00a0\u00bb admin_label=\u00a0\u00bbTel FR\u00a0\u00bb _builder_version=\u00a0\u00bb4.27.4&Prime; _module_preset=\u00a0\u00bbdefault\u00a0\u00bb header_font=\u00a0\u00bb||||||||\u00a0\u00bb header_text_align=\u00a0\u00bbleft\u00a0\u00bb header_text_color=\u00a0\u00bb#464646&Prime; header_font_size=\u00a0\u00bb20px\u00a0\u00bb body_text_color=\u00a0\u00bb#464646&Prime; body_font_size=\u00a0\u00bb20px\u00a0\u00bb image_icon_custom_margin=\u00a0\u00bb0px|0px|0px|0px|false|false\u00a0\u00bb image_icon_custom_margin_tablet=\u00a0\u00bb0px|0px|0px|0px|false|false\u00a0\u00bb image_icon_custom_margin_phone=\u00a0\u00bb|||10px|false|false\u00a0\u00bb image_icon_custom_margin_last_edited=\u00a0\u00bbon|phone\u00a0\u00bb width_tablet=\u00a0\u00bb\u00a0\u00bb width_phone=\u00a0\u00bb50%\u00a0\u00bb width_last_edited=\u00a0\u00bbon|phone\u00a0\u00bb custom_margin=\u00a0\u00bb0px|0px|20px|0px|false|false\u00a0\u00bb custom_margin_tablet=\u00a0\u00bb0px|0px|10px|0px|false|false\u00a0\u00bb custom_margin_phone=\u00a0\u00bb||10px|-10px|false|false\u00a0\u00bb custom_margin_last_edited=\u00a0\u00bbon|desktop\u00a0\u00bb custom_padding=\u00a0\u00bb0px|0px|0px|0px|false|false\u00a0\u00bb animation=\u00a0\u00bboff\u00a0\u00bb link_option_url=\u00a0\u00bbtel: +41715231250&Prime; link_option_url_new_window=\u00a0\u00bbon\u00a0\u00bb body_font_size_tablet=\u00a0\u00bb20px\u00a0\u00bb body_font_size_phone=\u00a0\u00bb16px\u00a0\u00bb body_font_size_last_edited=\u00a0\u00bbon|phone\u00a0\u00bb global_module=\u00a0\u00bb48355&Prime; saved_tabs=\u00a0\u00bball\u00a0\u00bb global_colors_info=\u00a0\u00bb{}\u00a0\u00bb]<\/p>\n<p>+41 21 544 15 58<\/p>\n<p>[\/et_pb_blurb][et_pb_blurb url_new_window=\u00a0\u00bbon\u00a0\u00bb image=\u00a0\u00bbhttps:\/\/fasoon.ch\/wp-content\/uploads\/2025\/08\/Icon_Mail.svg\u00a0\u00bb icon_placement=\u00a0\u00bbleft\u00a0\u00bb image_icon_width=\u00a0\u00bb28px\u00a0\u00bb content_max_width=\u00a0\u00bb100%\u00a0\u00bb image_icon_width_tablet=\u00a0\u00bb24px\u00a0\u00bb image_icon_width_phone=\u00a0\u00bb22px\u00a0\u00bb image_icon_width_last_edited=\u00a0\u00bbon|phone\u00a0\u00bb admin_label=\u00a0\u00bbMail FR\u00a0\u00bb _builder_version=\u00a0\u00bb4.27.4&Prime; _module_preset=\u00a0\u00bbdefault\u00a0\u00bb body_text_color=\u00a0\u00bb#464646&Prime; body_font_size=\u00a0\u00bb20px\u00a0\u00bb image_icon_custom_margin=\u00a0\u00bb0px|0px||0px|false|false\u00a0\u00bb image_icon_custom_margin_tablet=\u00a0\u00bb0px|0px|||false|false\u00a0\u00bb image_icon_custom_margin_phone=\u00a0\u00bb0px|||10px|false|false\u00a0\u00bb image_icon_custom_margin_last_edited=\u00a0\u00bbon|phone\u00a0\u00bb image_icon_custom_padding=\u00a0\u00bb5px||||false|false\u00a0\u00bb image_icon_custom_padding_phone=\u00a0\u00bb5px||||false|false\u00a0\u00bb image_icon_custom_padding_last_edited=\u00a0\u00bboff|desktop\u00a0\u00bb width_tablet=\u00a0\u00bb\u00a0\u00bb width_phone=\u00a0\u00bb50%\u00a0\u00bb width_last_edited=\u00a0\u00bbon|phone\u00a0\u00bb custom_margin=\u00a0\u00bb||10px||false|false\u00a0\u00bb custom_margin_tablet=\u00a0\u00bb||10px||false|false\u00a0\u00bb custom_margin_phone=\u00a0\u00bb|||-10px|false|false\u00a0\u00bb custom_margin_last_edited=\u00a0\u00bbon|phone\u00a0\u00bb animation=\u00a0\u00bboff\u00a0\u00bb link_option_url=\u00a0\u00bbmail: info@fasoon.ch\u00a0\u00bb link_option_url_new_window=\u00a0\u00bbon\u00a0\u00bb body_font_size_tablet=\u00a0\u00bb20px\u00a0\u00bb body_font_size_phone=\u00a0\u00bb16px\u00a0\u00bb body_font_size_last_edited=\u00a0\u00bbon|phone\u00a0\u00bb global_module=\u00a0\u00bb48356&Prime; saved_tabs=\u00a0\u00bball\u00a0\u00bb global_colors_info=\u00a0\u00bb{}\u00a0\u00bb]<\/p>\n<p>romandie@fasoon.ch<\/p>\n<p>[\/et_pb_blurb][\/et_pb_column][\/et_pb_row][\/et_pb_section][et_pb_section fb_built=\u00a0\u00bb1&Prime; admin_label=\u00a0\u00bbSection Grey\u00a0\u00bb _builder_version=\u00a0\u00bb4.27.4&Prime; _module_preset=\u00a0\u00bbdefault\u00a0\u00bb background_color=\u00a0\u00bb#f7f7f7&Prime; width=\u00a0\u00bb200%\u00a0\u00bb custom_margin=\u00a0\u00bb50px|||-50%|false|false\u00a0\u00bb locked=\u00a0\u00bboff\u00a0\u00bb collapsed=\u00a0\u00bboff\u00a0\u00bb global_colors_info=\u00a0\u00bb{}\u00a0\u00bb][et_pb_row _builder_version=\u00a0\u00bb4.27.4&Prime; _module_preset=\u00a0\u00bbdefault\u00a0\u00bb width=\u00a0\u00bb50%\u00a0\u00bb global_colors_info=\u00a0\u00bb{}\u00a0\u00bb][et_pb_column type=\u00a0\u00bb4_4&Prime; _builder_version=\u00a0\u00bb4.27.4&Prime; _module_preset=\u00a0\u00bbdefault\u00a0\u00bb custom_padding=\u00a0\u00bb50px||50px||false|false\u00a0\u00bb global_colors_info=\u00a0\u00bb{}\u00a0\u00bb][et_pb_text admin_label=\u00a0\u00bbTitle: Pr\u00e9paration optimale\u00a0\u00bb _builder_version=\u00a0\u00bb4.27.4&Prime; _module_preset=\u00a0\u00bbdefault\u00a0\u00bb header_2_text_align=\u00a0\u00bbcenter\u00a0\u00bb header_3_font=\u00a0\u00bb|300|||||||\u00a0\u00bb header_3_text_align=\u00a0\u00bbcenter\u00a0\u00bb custom_margin_tablet=\u00a0\u00bb||-2em||false|false\u00a0\u00bb custom_margin_phone=\u00a0\u00bb||0em||false|false\u00a0\u00bb custom_margin_last_edited=\u00a0\u00bboff|desktop\u00a0\u00bb custom_padding_tablet=\u00a0\u00bb4em||||false|false\u00a0\u00bb custom_padding_phone=\u00a0\u00bb3em||||false|false\u00a0\u00bb custom_padding_last_edited=\u00a0\u00bboff|phone\u00a0\u00bb global_colors_info=\u00a0\u00bb{}\u00a0\u00bb]<\/p>\n<h3>Pr\u00e9paration optimale<\/h3>\n<p>[\/et_pb_text][et_pb_text admin_label=\u00a0\u00bbTabelle\u00a0\u00bb _builder_version=\u00a0\u00bb4.27.4&Prime; background_size=\u00a0\u00bbinitial\u00a0\u00bb background_position=\u00a0\u00bbtop_left\u00a0\u00bb background_repeat=\u00a0\u00bbrepeat\u00a0\u00bb z_index_tablet=\u00a0\u00bb500&Prime; custom_css_free_form=\u00a0\u00bbselector .table-striped tbody tr:nth-child(odd) {background-color: rgba(255, 255, 255, 0);}||selector .btn {||    border: 2px solid #004350;||    color: #004350;||    padding: 10px 15px;||    margin-bottom: 0px;||    text-align: left;||    max-width: 230px;||    width: 100%;||    font-size: 16px;||    transition: .3s;||}||||selector .btn:hover{||    color: #fff;||    border: 2px solid #004350;||    background-color: #004350;||}\u00a0\u00bb text_text_shadow_horizontal_length_tablet=\u00a0\u00bb0px\u00a0\u00bb text_text_shadow_vertical_length_tablet=\u00a0\u00bb0px\u00a0\u00bb text_text_shadow_blur_strength_tablet=\u00a0\u00bb1px\u00a0\u00bb link_text_shadow_horizontal_length_tablet=\u00a0\u00bb0px\u00a0\u00bb link_text_shadow_vertical_length_tablet=\u00a0\u00bb0px\u00a0\u00bb link_text_shadow_blur_strength_tablet=\u00a0\u00bb1px\u00a0\u00bb ul_text_shadow_horizontal_length_tablet=\u00a0\u00bb0px\u00a0\u00bb ul_text_shadow_vertical_length_tablet=\u00a0\u00bb0px\u00a0\u00bb ul_text_shadow_blur_strength_tablet=\u00a0\u00bb1px\u00a0\u00bb ol_text_shadow_horizontal_length_tablet=\u00a0\u00bb0px\u00a0\u00bb ol_text_shadow_vertical_length_tablet=\u00a0\u00bb0px\u00a0\u00bb ol_text_shadow_blur_strength_tablet=\u00a0\u00bb1px\u00a0\u00bb quote_text_shadow_horizontal_length_tablet=\u00a0\u00bb0px\u00a0\u00bb quote_text_shadow_vertical_length_tablet=\u00a0\u00bb0px\u00a0\u00bb quote_text_shadow_blur_strength_tablet=\u00a0\u00bb1px\u00a0\u00bb header_text_shadow_horizontal_length_tablet=\u00a0\u00bb0px\u00a0\u00bb header_text_shadow_vertical_length_tablet=\u00a0\u00bb0px\u00a0\u00bb header_text_shadow_blur_strength_tablet=\u00a0\u00bb1px\u00a0\u00bb header_2_text_shadow_horizontal_length_tablet=\u00a0\u00bb0px\u00a0\u00bb header_2_text_shadow_vertical_length_tablet=\u00a0\u00bb0px\u00a0\u00bb header_2_text_shadow_blur_strength_tablet=\u00a0\u00bb1px\u00a0\u00bb header_3_text_shadow_horizontal_length_tablet=\u00a0\u00bb0px\u00a0\u00bb header_3_text_shadow_vertical_length_tablet=\u00a0\u00bb0px\u00a0\u00bb header_3_text_shadow_blur_strength_tablet=\u00a0\u00bb1px\u00a0\u00bb header_4_text_shadow_horizontal_length_tablet=\u00a0\u00bb0px\u00a0\u00bb header_4_text_shadow_vertical_length_tablet=\u00a0\u00bb0px\u00a0\u00bb header_4_text_shadow_blur_strength_tablet=\u00a0\u00bb1px\u00a0\u00bb header_5_text_shadow_horizontal_length_tablet=\u00a0\u00bb0px\u00a0\u00bb header_5_text_shadow_vertical_length_tablet=\u00a0\u00bb0px\u00a0\u00bb header_5_text_shadow_blur_strength_tablet=\u00a0\u00bb1px\u00a0\u00bb header_6_text_shadow_horizontal_length_tablet=\u00a0\u00bb0px\u00a0\u00bb header_6_text_shadow_vertical_length_tablet=\u00a0\u00bb0px\u00a0\u00bb header_6_text_shadow_blur_strength_tablet=\u00a0\u00bb1px\u00a0\u00bb box_shadow_horizontal_tablet=\u00a0\u00bb0px\u00a0\u00bb box_shadow_vertical_tablet=\u00a0\u00bb0px\u00a0\u00bb box_shadow_blur_tablet=\u00a0\u00bb40px\u00a0\u00bb box_shadow_spread_tablet=\u00a0\u00bb0px\u00a0\u00bb use_border_color=\u00a0\u00bboff\u00a0\u00bb locked=\u00a0\u00bboff\u00a0\u00bb global_colors_info=\u00a0\u00bb{}\u00a0\u00bb]<\/p>\n<table class=\"table table-striped\" style=\"width: 100%;\">\n<tbody>\n<tr style=\"height: 35px;\">\n<td style=\"width: 30%; height: 35px; text-align: left;\" valign=\"top\">Assurance<\/td>\n<td style=\"width: 44.2978%; height: 35px; text-align: left;\" valign=\"top\">Quelles assurances sont obligatoires ?<br \/>Liste de contr\u00f4le des assurances essentielles, recommand\u00e9es et compl\u00e9mentaires.<\/td>\n<td style=\"width: 17.7022%; height: 35px; text-align: right;\" valign=\"top\"><a class=\"btn\" href=\"\/pre-release\/?p=45263\">Lire l&rsquo;article<\/a><\/td>\n<\/tr>\n<tr style=\"height: 23px;\">\n<td style=\"width: 30%; height: 15px; text-align: left;\" valign=\"top\">Taxe sur la valeur ajout\u00e9e<\/td>\n<td style=\"width: 44.2978%; height: 15px; text-align: left;\">Quand devient-on assujetti \u00e0 la TVA ?<br \/>Une inscription volontaire est-elle judicieuse ?<\/td>\n<td style=\"width: 17.7022%; height: 15px; text-align: right;\"><a class=\"btn\" href=\"\/pre-release\/?p=43934\">Lire l&rsquo;article<\/a><\/td>\n<\/tr>\n<\/tbody>\n<\/table>\n<p>[\/et_pb_text][\/et_pb_column][\/et_pb_row][\/et_pb_section][et_pb_section fb_built=\u00a0\u00bb1&Prime; theme_builder_area=\u00a0\u00bbpost_content\u00a0\u00bb _builder_version=\u00a0\u00bb4.27.4&Prime; _module_preset=\u00a0\u00bbdefault\u00a0\u00bb admin_label=\u00a0\u00bbCLEAR LOCAL STORAGE\u00a0\u00bb hover_enabled=\u00a0\u00bb0&Prime; sticky_enabled=\u00a0\u00bb0&Prime;][et_pb_row _builder_version=\u00a0\u00bb4.27.4&Prime; _module_preset=\u00a0\u00bbdefault\u00a0\u00bb theme_builder_area=\u00a0\u00bbpost_content\u00a0\u00bb][et_pb_column _builder_version=\u00a0\u00bb4.27.4&Prime; _module_preset=\u00a0\u00bbdefault\u00a0\u00bb type=\u00a0\u00bb4_4&Prime; theme_builder_area=\u00a0\u00bbpost_content\u00a0\u00bb][et_pb_code _builder_version=\u00a0\u00bb4.27.4&Prime; _module_preset=\u00a0\u00bbdefault\u00a0\u00bb theme_builder_area=\u00a0\u00bbpost_content\u00a0\u00bb hover_enabled=\u00a0\u00bb0&Prime; sticky_enabled=\u00a0\u00bb0&Prime;]<script>localStorage.removeItem('fqp_all_data');<\/script>[\/et_pb_code][\/et_pb_column][\/et_pb_row][\/et_pb_section]<\/p>\n","protected":false},"excerpt":{"rendered":"excerpt","protected":false},"author":2,"featured_media":0,"parent":28505,"menu_order":68,"comment_status":"closed","ping_status":"closed","template":"","meta":{"_acf_changed":false,"_et_pb_use_builder":"on","_et_pb_old_content":"<p>Besten Dank f\u00fcr Ihre Bestellung. Wir werden uns schnellst m\u00f6glich mit Ihnen in Verbindung setzen.<\/p>\r\n<p>Freundliche Gr\u00fcsse<\/p>\r\n<p>Ihr Fasoon-Team<\/p>","_et_gb_content_width":"","sync_status":"","episode_type":"","audio_file":"","castos_file_data":"","podmotor_file_id":"","cover_image":"","cover_image_id":"","duration":"","filesize":"","filesize_raw":"","date_recorded":"","explicit":"","block":"","footnotes":""},"class_list":["post-28522","page","type-page","status-publish","hentry"],"aioseo_notices":[],"acf":[],"_links":{"self":[{"href":"https:\/\/fasoon.ch\/fr\/wp-json\/wp\/v2\/pages\/28522","targetHints":{"allow":["GET"]}}],"collection":[{"href":"https:\/\/fasoon.ch\/fr\/wp-json\/wp\/v2\/pages"}],"about":[{"href":"https:\/\/fasoon.ch\/fr\/wp-json\/wp\/v2\/types\/page"}],"author":[{"embeddable":true,"href":"https:\/\/fasoon.ch\/fr\/wp-json\/wp\/v2\/users\/2"}],"replies":[{"embeddable":true,"href":"https:\/\/fasoon.ch\/fr\/wp-json\/wp\/v2\/comments?post=28522"}],"version-history":[{"count":12,"href":"https:\/\/fasoon.ch\/fr\/wp-json\/wp\/v2\/pages\/28522\/revisions"}],"predecessor-version":[{"id":50581,"href":"https:\/\/fasoon.ch\/fr\/wp-json\/wp\/v2\/pages\/28522\/revisions\/50581"}],"up":[{"embeddable":true,"href":"https:\/\/fasoon.ch\/fr\/wp-json\/wp\/v2\/pages\/28505"}],"wp:attachment":[{"href":"https:\/\/fasoon.ch\/fr\/wp-json\/wp\/v2\/media?parent=28522"}],"curies":[{"name":"wp","href":"https:\/\/api.w.org\/{rel}","templated":true}]}}