{"id":28508,"date":"2017-12-18T15:24:52","date_gmt":"2017-12-18T14:24:52","guid":{"rendered":"https:\/\/fasoon.ch\/declaration-de-confidentialite\/"},"modified":"2017-12-18T15:24:52","modified_gmt":"2017-12-18T14:24:52","slug":"declaration-de-confidentialite","status":"publish","type":"page","link":"https:\/\/fasoon.ch\/fr\/declaration-de-confidentialite\/","title":{"rendered":"D\u00e9claration de confidentialit\u00e9"},"content":{"rendered":"<h1>D\u00e9claration de confidentialit\u00e9 Fasoon AG<\/h1>\n<h3>1. D\u00e9claration de confidentialit\u00e9 g\u00e9n\u00e9rale<\/h3>\n<p>Fasoon AG (ci-apr\u00e8s \u00abFasoon\u00bb) exploite le site internet www.fasoon (ci-apr\u00e8s \u00abwww.fasoon\u00bb) et est donc responsable de l\u2019utilisation responsable de vos donn\u00e9es personnelles. La pr\u00e9sente d\u00e9claration de confidentialit\u00e9 fait partie int\u00e9grante des Conditions g\u00e9n\u00e9rales de vente.<\/p>\n<h3>2. Traitement des donn\u00e9es personnelles et professionnelles<\/h3>\n<p>Vos donn\u00e9es personnelles ne sont pas transmises \u00e0 des tiers, sauf si la loi nous y oblige ou si vous avez donn\u00e9 votre autorisation comme mentionn\u00e9 ci-apr\u00e8s. Les filiales de Fasoon ne sont pas consid\u00e9r\u00e9es des tiers. <\/p>\n<h3>3. Collecte et sauvegarde des donn\u00e9es personnelles<\/h3>\n<p>Les donn\u00e9es personnelles concernent toutes les donn\u00e9es relatives, seules ou en combinaison, \u00e0 une personne identifi\u00e9e ou identifiable. Cela inclut par exemple votre nom, votre adresse, votre date de naissance, votre adresse e-mail, votre mot de passe, votre adresse IP et nos dossiers concernant vos achats ainsi que les pages internet de www.fasoon que vous avez visit\u00e9es. La pr\u00e9sente d\u00e9claration de confidentialit\u00e9 comprend les donn\u00e9es historiques ainsi que futures.<\/p>\n<h3>4. Disposition de principe<\/h3>\n<p>En utilisant www.fasoon, vous acceptez le traitement des donn\u00e9es collect\u00e9es \u00e0 votre sujet, et consentez en particulier \u00e0 ce que nous, nos personnes auxiliaires et nos prestataires de services traitions vos donn\u00e9es personnelles dans le cadre de l\u2019ex\u00e9cution et de la r\u00e9alisation des transactions que vous entamez sur www.fasoon. Pour ce qui est des \u00e9ventuels personnes auxiliaires et prestataires de services, nous veillons \u00e0 ce que les donn\u00e9es personnelles transmises soient aussi anonymis\u00e9es que possible, et qu\u2019elles ne sont trait\u00e9es que dans le cadre de l\u2019objectif du contrat et ne soient pas transmises \u00e0 des tiers.<\/p>\n<h3>5. Habitudes de navigation<\/h3>\n<p>En visitant www.fasoon, vous consentez \u00e0 ce que vos donn\u00e9es li\u00e9es \u00e0 l\u2019utilisation de www.fasoon soient collect\u00e9es, trait\u00e9es et utilis\u00e9es \u00e0 l\u2019aide de moyens \u00e9lectroniques. Ces donn\u00e9es nous aident \u00e0 toujours am\u00e9liorer notre offre internet et \u00e0 l\u2019optimiser. Nous utilisons \u00e9galement les services de tiers pour analyser votre comportement sur www.fasoon afin de pouvoir garantir une exp\u00e9rience utilisateur de haute qualit\u00e9, rapide et s\u00fbre.<\/p>\n<h3>6. Cookies<\/h3>\n<p>Certaines pages internet de www.fasoon placent des cookies sur votre appareil, qui sont ensuite r\u00e9utilis\u00e9s lors de votre prochaine visite de www.fasoon afin de vous la faciliter ou d\u2019exploiter certaines fonctions de www.fasoon, ou d\u2019adapter le mieux possible les offres \u00e0 vos besoins. Fasoon n\u2019utilise que des cookies consid\u00e9r\u00e9s indispensables. Les cookies ne peuvent pas \u00eatre plac\u00e9s par des tiers. Ces cookies visent \u00e0 permettre \u00e0 des tiers d\u2019afficher des publicit\u00e9s correspondant \u00e0 vos int\u00e9r\u00eats. Pas uniquement sur www.fasoon mais aussi via le reciblage publicitaire pour des pages internet de tiers. Les navigateurs internet les plus courants acceptent automatiquement les cookies. Vous pouvez l\u2019\u00e9viter en modifiant les r\u00e9glages de votre navigateur. Vous pouvez \u00e0 tout moment effacer les cookies enregistr\u00e9s sur votre appareil en supprimant les fichiers internet temporaires.  Veuillez noter que si vous d\u00e9sactivez les cookies, vous n\u2019aurez plus acc\u00e8s \u00e0 certains services personnalis\u00e9s. Ainsi, vous ne pourrez peut-\u00eatre pas utiliser compl\u00e8tement toutes les fonctions propos\u00e9es par www.fasoon.<\/p>\n<h3>7. Outils d\u2019analyse web<\/h3>\n<p>Nous utilisons des technologies de tracking telles que Google Analytics afin d\u2019am\u00e9liorer et d\u2019optimiser notre offre. Ces outils mettent \u00e0 disposition des statistiques et des graphiques donnant \u00e0 Fasoon des renseignements sur l\u2019utilisation de www.fasoon. Les donn\u00e9es concernant l\u2019utilisation de www.fasoon sont transmises au serveur utilis\u00e9 \u00e0 ces fins. En fonction du fournisseur d\u2019outils d\u2019analyse web, il se peut que le serveur se trouve \u00e0 l\u2019\u00e9tranger. Les informations g\u00e9n\u00e9r\u00e9es (y compris l\u2019adresse IP) peuvent \u00eatre transmises \u00e0 des serveurs situ\u00e9s dans des pays tiers. Dans ce cas, les adresses IP sont anonymis\u00e9es \u00e0 l\u2019aide d\u2019une anonymisation IP. Ce genre d\u2019anonymisation modifie les adresses IP de fa\u00e7on \u00e0 ce que les d\u00e9tails concernant les relations personnelles ou professionnelles ne puissent plus \u00eatre attribu\u00e9s \u00e0 une personne physique identifi\u00e9e ou identifiable, ou uniquement au prix d\u2019un effort disproportionn\u00e9. Google adh\u00e8re \u00e0 l\u2019accord \u00abSafe Harbor\u00bb du d\u00e9partement du commerce des \u00c9tats-Unis avec la Suisse et l\u2019Union europ\u00e9enne et s\u2019engage \u00e0 en respecter les principes de protection des donn\u00e9es.<\/p>\n<p>Le gestionnaire de pr\u00e9f\u00e9rences vous permet de d\u00e9sactiver Google Analytics pour ce qui est des affichages publicitaires:<\/p>\n<p><a href=\"https:\/\/www.google.com\/settings\/ads\/onweb\">https:\/\/www.google.com\/settings\/ads\/onweb<\/a><\/p>\n<p>Les plug-ins du navigateur permettent d\u2019\u00e9viter l\u2019enregistrement des donn\u00e9es collect\u00e9es et de d\u00e9sactiver Google Analytics:<\/p>\n<p><a href=\"http:\/\/tools.google.com\/dlpage\/gaoptout?hl=de\">https:\/\/tools.google.com\/dlpage\/gaoptout?hl=fr<\/a><\/p>\n<p>Le lien suivant vous permet de d\u00e9sactiver durablement le DoubleClick de Google Cookie:<\/p>\n<p><a href=\"http:\/\/goo.gl\/p7Jn86\">http:\/\/goo.gl\/p7Jn86<\/a><\/p>\n<h3>8. Utilisation \u00e0 des fins publicitaires<\/h3>\n<p>Vos donn\u00e9es personnelles peuvent \u00eatre \u00e9valu\u00e9es \u00e0 des fins de marketing et de publicit\u00e9. Des groupes compos\u00e9s de clients aux donn\u00e9es clients et achats similaires peuvent \u00eatre cr\u00e9\u00e9s afin d\u2019adapter la publicit\u00e9 au profil client.  Vous pouvez toutefois refuser \u00e0 tout moment la publicit\u00e9 en vous d\u00e9sabonnant de la newsletter. Chacun peut s\u2019abonner \u00e0 la newsletter \u00e9lectronique et se d\u00e9sabonner simplement lorsqu\u2019il le souhaite. Afin de pouvoir rendre la newsletter encore plus utile et int\u00e9ressante pour vous, Fasoon re\u00e7oit une confirmation lorsque vous ouvrez nos e-mails si votre appareil prend en charge cette fonction. Si vous ne consentez pas \u00e0 ce type de tracking, vous pouvez vous d\u00e9sabonner de la newsletter.<\/p>\n<h3>9. Plug-ins des r\u00e9seaux sociaux<\/h3>\n<p>Des plug-ins de plusieurs fournisseurs tiers de plateformes de r\u00e9seaux sociaux (telles que Facebook, Twitter, Google+, Instagram, LinkedIn, YouTube, Tumblr, Google AdSense, Pinterest) sont int\u00e9gr\u00e9s \u00e0 www.fasoon. Ces plug-ins vous permettent de partager des contenus sur les r\u00e9seaux sociaux. Si un plug-in appara\u00eet lors de votre visite de www.fasoon (par ex. \u00abbouton &#8211; j\u2019aime\u00bb de Facebook), un lien est automatiquement cr\u00e9\u00e9 vers les serveurs de cette page internet. Vous pouvez ainsi transmettre des donn\u00e9es \u00e0 ces fournisseurs tiers via www.fasoon. Si vous \u00eates \u00e9galement connect\u00e9 au r\u00e9seau de ce fournisseur tiers, vous pouvez \u00eatre associ\u00e9 au compte r\u00e9seau (par ex. compte Facebook). Fasoon n\u2019a aucun impact sur la fa\u00e7on dont ces donn\u00e9es sont transmises. Pour des informations concernant l\u2019\u00e9tendue et le but de la collecte de donn\u00e9es ainsi que le traitement et l\u2019utilisation des donn\u00e9es par votre fournisseur de r\u00e9seau social, et vos droits et options de param\u00e9trage y aff\u00e9rents pour la protection de votre vie priv\u00e9e, reportez-vous \u00e0 l\u2019avis de confidentialit\u00e9 du fournisseur en question.<\/p>\n<h3>10. Obligation de conservation et suppression des donn\u00e9es<\/h3>\n<p>Fasoon conserve vos donn\u00e9es personnelles aussi longtemps que l\u2019exige la loi en cours de validit\u00e9 ou dans la mesure du raisonnable, ou tant qu\u2019elles sont n\u00e9cessaires pour atteindre les objectifs pour lesquels elles ont \u00e9t\u00e9 collect\u00e9es. Fasoon supprime les donn\u00e9es personnelles d\u00e8s qu\u2019elles ne sont plus n\u00e9cessaires.<\/p>\n<h3>11. Droit d\u2019acc\u00e8s<\/h3>\n<p>Sur demande \u00e9crite de votre part, Fasoon vous informera des donn\u00e9es personnelles en notre possession. Vous avez le droit \u00e0 tout moment de faire valoir vos droits relatifs \u00e0 la protection des donn\u00e9es et d\u2019acc\u00e9der \u00e0 vos donn\u00e9es sauvegard\u00e9es, \u00e0 corriger et compl\u00e9ter vos donn\u00e9es personnelles, \u00e0 vous opposer \u00e0 leur traitement ou \u00e0 exiger leur suppression. Pour obtenir des informations concernant l\u2019enregistrement et le traitement des donn\u00e9es personnelles par www.fasoon, adressez-vous \u00e0 l\u2019adresse suivante: info@fasoon.ch.<\/p>\n<h3>12. Disponibilit\u00e9 des sites internet<\/h3>\n<p>Fasoon ne garantit pas que www.fasoon soit tout le temps disponible, et n\u2019est pas responsable en cas de mauvaise communication des donn\u00e9es.<\/p>\n<h3>13. S\u00e9curit\u00e9 des donn\u00e9es<\/h3>\n<p>Nous nous servons de mesures de s\u00e9curit\u00e9s techniques et organisationnelles adapt\u00e9es pour prot\u00e9ger vos donn\u00e9es personnes sauvegard\u00e9es par nos soins contre la manipulation, la perte partielle ou totale et contre l\u2019acc\u00e8s non autoris\u00e9 de tiers. Nous am\u00e9liorons constamment nos mesures de s\u00e9curit\u00e9 au fil de l\u2019\u00e9volution des technologies. Nous prenons \u00e9galement tr\u00e8s au s\u00e9rieux la protection des donn\u00e9es internes \u00e0 l\u2019entreprise. Nous engageons tant nos collaborateurs que les tiers que nous mandatons \u00e0 respecter la confidentialit\u00e9 ainsi que les dispositions l\u00e9gales relatives \u00e0 la protection des donn\u00e9es.<\/p>\n<h3>14. Modifications des pr\u00e9sentes directives de protection des donn\u00e9es<\/h3>\n<p>Fasoon se r\u00e9serve le droit \u00e0 tout moment de r\u00e9viser, modifier ou compl\u00e9ter de toute autre mani\u00e8re les pr\u00e9sentes directives de protection des donn\u00e9es. Les modifications sont publi\u00e9es sur cette page.<\/p>\n<p>&#160;<\/p>\n<p><em>Version: 21.12.2016 v. 1.0<\/em><\/p>\n","protected":false},"excerpt":{"rendered":"excerpt","protected":false},"author":4,"featured_media":0,"parent":0,"menu_order":150,"comment_status":"closed","ping_status":"closed","template":"","meta":{"_acf_changed":false,"_et_pb_use_builder":"on","_et_pb_old_content":"<p><strong>Datenschutzerkl\u00e4rung Fasoon AG<\/strong><\/p><ol><li><strong>Allgemeine Datenschutzerkl\u00e4rung<\/strong><\/li><\/ol><p>Die Fasoon AG (nachfolgend \u00abFasoon\u00bb) ist die Betreiberin der Internetseite www.fasoon (nachfolgend \u00abwww.fasoon\u00bb) und somit verantwortlich f\u00fcr den verantwortungsbewussten Umgang mit Ihren Personendaten. Diese Datenschutzerkl\u00e4rung ist integrierter Bestandteil der Allgemeinen Gesch\u00e4ftsbedingungen.<\/p><ol start=\"2\"><li><strong>Umgang mit personen- und firmenbezogenen Daten<\/strong><\/li><\/ol><p>Ihre Personendaten werden nicht an Dritte weitergegeben, ausser wir sind dazu durch das Gesetz verpflichtet, oder Sie haben gem\u00e4ss den folgenden Ziffern dazu eingewilligt. Verbundene Unternehmen der Fasoon gelten nicht als Dritte.<\/p><ol start=\"3\"><li><strong>Erhebung und Speicherung von Personendaten<\/strong><\/li><\/ol><p>Als personenbezogene Daten gelten alle Daten, die sich alleine oder in Kombination auf eine bestimmte oder bestimmbare Person beziehen. Hierzu geh\u00f6ren beispielsweise Ihr Name, Ihre Adresse, Ihr Geburtsdatum, Ihre E-Mail-Adresse, Ihr Kennwort, Ihre IP-Adresse sowie unsere Aufzeichnungen \u00fcber Ihre K\u00e4ufe und die von Ihnen besuchten Internetseiten von www.fasoon. Durch diese Datenschutzerkl\u00e4rung werden sowohl historische wie auch zuk\u00fcnftige Daten erfasst.<\/p><ol start=\"4\"><li><strong>Grundsatzbestimmung<\/strong><\/li><\/ol><p>Durch die Nutzung von www.fasoon erkl\u00e4ren Sie sich einverstanden mit der Bearbeitung der \u00fcber Sie erhobenen Daten, insbesondere willigen Sie ein, dass wir und die von uns beigezogenen Hilfspersonen und Dienstleister Ihre Personendaten f\u00fcr die f\u00fcr die Durchf\u00fchrung und Abwicklung Ihrer \u00fcber www.fasoon angebahnten Gesch\u00e4fte bearbeiten. Bei allf\u00e4lligen Hilfspersonen und Dienstleister achten wir darauf, dass \u00fcbermittelte Personendaten soweit m\u00f6glich anonymisiert und nur im Umfang des jeweiligen Vertragszweckes bearbeitet und nicht an Dritte weitergegeben werden.<\/p><ol start=\"5\"><li><strong>Surfverhalten<\/strong><\/li><\/ol><p>Mit dem Besuch von www.fasoon willigen Sie ein, dass wir Ihre Daten im Zusammenhang mit der Benutzung von www.fasoon unter Zuhilfenahme elektronischer Hilfsmittel erheben, verarbeiten und nutzen. Diese Daten helfen uns, unser Internet-Angebot stetig zu verbessern und zu optimieren. Wir nutzen auch Dienste Dritter zur Analyse Ihres Verhaltens auf www.fasoon um eine qualitativ hochwertige, schnelle und sichere Nutzererfahrung gew\u00e4hrleisten zu k\u00f6nnen.<\/p><ol start=\"6\"><li><strong>Cookies<\/strong><\/li><\/ol><p>Einige Internetseiten von www.fasoon hinterlegen Cookies auf Ihrem Ger\u00e4t, welche beim n\u00e4chsten Besuch bei www.fasoon wiederverwendet werden, um Ihnen den n\u00e4chsten Besuch zu erleichtern oder vereinzelte Funktionen von www.fasoon nutzbar zu machen oder um Angebote bestm\u00f6glich auf Ihre Bed\u00fcrfnisse auszurichten. Die Fasoon verwendet nur Cookies, die f\u00fcr n\u00f6tig erachtet werden. Cookies k\u00f6nnen auch durch Dritte platziert werden. Diese Cookies dienen dazu, dass Dritte Ihnen Werbung anzeigen k\u00f6nnen, die Ihren Interessen entspricht. Dies nicht nur auf www.fasoon sondern auch mittels sogenanntem Retargeting auf Internetseiten von Dritten. Bei den h\u00e4ufigsten Internet Browsern werden Cookies automatisch akzeptiert. Durch die \u00c4nderung der Einstellungen Ihres Browsers k\u00f6nnen Sie dies verhindern. Auf ihrem Ger\u00e4t gespeicherte Cookies k\u00f6nnen Sie jederzeit durch das L\u00f6schen der tempor\u00e4ren Internetdateien entfernen. Beachten Sie, dass Ihnen bei einer Cookie-Deaktivierung bestimmte auf Ihre Person zugeschnittene Dienstleistungen nicht erbracht werden k\u00f6nnen. Dementsprechend k\u00f6nnen Sie m\u00f6glicherweise nicht alle von www.fasoon gebotenen Funktionen in vollem Umfang nutzen.<\/p><ol start=\"7\"><li><strong>Webanalysetools<\/strong><\/li><\/ol><p>Wir verwenden sogenannte Tracking-Technologien wie Google Analytics, um unser Angebot zu verbessern und zu optimieren. Solche Tools stellen Statistiken und Grafiken zu Verf\u00fcgung, die Fasoon Aufschluss \u00fcber die Benutzung von www.fasoon geben. Dabei werden Daten \u00fcber die Benutzung von www.fasoon an den dazu verwendeten Server \u00fcbertragen. Abh\u00e4ngig vom Anbieter des Webanalysetools kann der Server auch im Ausland sein. Die erzeugten Informationen (einschliesslich die IP-Adresse) k\u00f6nnen an Server in Drittstaaten \u00fcbermittelt und dort gespeichert werden, wobei die IP-Adressen mittels IP-Anonymisierung anonymisiert werden. Bei einer solchen Anonymisierung werden die IP-Adressen derart ge\u00e4ndert, dass Einzelangaben \u00fcber pers\u00f6nliche oder sachliche Verh\u00e4ltnisse nicht mehr oder nur mit einem unverh\u00e4ltnism\u00e4ssig grossen Aufwand einer bestimmten oder bestimmbaren nat\u00fcrlichen Person zugeordnet werden k\u00f6nnen. Google nimmt am \u00abSafe-Harbor\u00bb Abkommen des Handelsministeriums der USA mit der Schweiz und der Europ\u00e4ischen Union teil und verpflichtet sich, die darin festgehaltenen Datenschutzgrunds\u00e4tze einzuhalten.<\/p><p>Mittels Anzeigenvorgaben-Manager k\u00f6nnen Sie Google Analytics f\u00fcr Display-Werbung deaktivieren:<\/p><p><a href=\"https:\/\/www.google.com\/settings\/ads\/onweb\">https:\/\/www.google.com\/settings\/ads\/onweb<\/a><\/p><p>Mit Browser-Plugins k\u00f6nnen Sie die Erfassung der gesammelten Daten verhindern und Google Analytics deaktivieren:<\/p><p><a href=\"http:\/\/tools.google.com\/dlpage\/gaoptout?hl=de\">http:\/\/tools.google.com\/dlpage\/gaoptout?hl=de<\/a><\/p><p>\u00dcber diesen Link k\u00f6nnen Sie das DoubleClick by Google Cookie dauerhaft deaktivieren:<\/p><p><a href=\"http:\/\/goo.gl\/p7Jn86\">http:\/\/goo.gl\/p7Jn86<\/a><\/p><ol start=\"8\"><li><strong>Nutzung zu Werbezwecken<\/strong><\/li><\/ol><p>Ihre personenbezogenen Daten d\u00fcrfen zu Marketing- und Werbezwecken ausgewertet werden. Hierbei k\u00f6nnen Gruppen bestehend aus Kunden mit \u00e4hnlichen Kunden- und Einkaufsdaten erstellt werden, wobei die Werbung auf das Kundenprofil abgestimmt werden kann. Sie k\u00f6nnen aber jederzeit auf die Werbung verzichten, indem Sie den Newsletter abbestellen. Jede Person kann einen elektronischen Newsletter abonnieren, der jederzeit auf einfache Weise wieder abbestellt werden kann. Damit wir den Newsletter f\u00fcr Sie n\u00fctzlicher und interessanter gestalten k\u00f6nnen, erh\u00e4lt Fasoon eine Best\u00e4tigung dar\u00fcber, welche unserer E-Mails Sie \u00f6ffnen, soweit ihr Ger\u00e4t diese Funktion unterst\u00fctzt. Wenn Sie diese Art von Tracking nicht w\u00fcnschen, k\u00f6nnen Sie den Newsletter abbestellen.<\/p><ol start=\"9\"><li><strong>Social Media Plug-Ins<\/strong><\/li><\/ol><p>Auf www.fasoon sind Plug-Ins verschiedener Drittanbieter von Social Media Plattformen (wie Facebook, Twitter, Google+, Instagram, LinkedIn, YouTube, Tumblr, Google AdSense, Pinterest) eingebunden. Diese Plug-Ins erm\u00f6glichen es Ihnen, Inhalte in sozialen Netzwerken zu teilen. Erscheint ein Plug-In beim Surfen auf www.fasoon (z.B. \u00abgef\u00e4llt mir \u2013 Button\u00bb von Facebook), wird automatisch eine Verbindung zu den Servern dieser Internetseite hergestellt. Dabei k\u00f6nnen Daten \u00fcber www.fasoon an diesen Drittanbieter \u00fcbermittelt werden. Sind Sie gleichzeitig im Netzwerk dieses Drittanbieters angemeldet, k\u00f6nnen Sie dem Netzwerk-Konto (z.B. Facebook-Account) zugeordnet werden. Die Fasoon hat keinen Einfluss auf die Art und Weise dieser Daten\u00fcbermittlung. Umfang und Zweck der Datenerhebung und die weitere Verarbeitung und Nutzung der Daten durch Ihren Social Media Anbieter sowie Ihre diesbez\u00fcglichen Rechte und Einstellungsm\u00f6glichkeiten zum Schutz Ihrer Privatsph\u00e4re entnehmen Sie bitte den Datenschutzhinweisen dieses Anbieters.<\/p><ol start=\"10\"><li><strong>Aufbewahrungspflicht und L\u00f6schung der Daten<\/strong><\/li><\/ol><p>Fasoon bewahrt Ihre Personendaten so lange auf, wie dies zur Einhaltung der geltenden Gesetze notwendig oder angemessen ist oder so lange sie f\u00fcr die Zwecke, f\u00fcr die sie gesammelt wurden, notwendig sind. Fasoon l\u00f6scht Personendaten, sobald diese nicht mehr ben\u00f6tigt werden.<\/p><ol start=\"11\"><li><strong>Auskunftsrecht<\/strong><\/li><\/ol><p>Mittels schriftlicher Anfrage informiert Sie Fasoon, welche Daten \u00fcber Sie gespeichert sind. Sie haben jederzeit das Recht ihre Datenschutzrechte geltend zu machen und Auskunft \u00fcber Ihre gespeicherte Daten zu erhalten, Ihre Personendaten zu berichtigen, zu erg\u00e4nzen, der Bearbeitung Ihrer Personendaten zu widersprechen oder die L\u00f6schung Ihrer Personendaten zu verlangen. F\u00fcr Informationen \u00fcber die Erfassung sowie Verarbeitung von personenbezogenen Daten bei www.fasoon, k\u00f6nnen Sie sich an folgende Adresse wenden: info@fasoon.ch.<\/p><ol start=\"12\"><li><strong>Verf\u00fcgbarkeit der Internetseiten<\/strong><\/li><\/ol><p>Fasoon garantiert nicht, dass www.fasoon jederzeit verf\u00fcgbar ist und haftet nicht f\u00fcr die fehlerfreie Datenkommunikation.<\/p><ol start=\"13\"><li><strong>Datensicherheit<\/strong><\/li><\/ol><p>Wir bedienen uns geeigneter technischer und organisatorischer Sicherheitsmassnahmen, um Ihre bei uns gespeicherten pers\u00f6nlichen Daten gegen Manipulation, teilweisen oder vollst\u00e4ndigen Verlust und gegen unbefugten Zugriff Dritter zu sch\u00fctzen. Wir verbessern unsere Sicherheitsmassnahmen fortlaufend entsprechend der technologischen Entwicklung. Ebenso den unternehmensinternen Datenschutz nehmen wir sehr ernst. Sowohl unsere Mitarbeiter also auch die von uns beauftragten Dritten sind von uns zur Verschwiegenheit und zur Einhaltung der datenschutzrechtlichen Bestimmungen verpflichtet worden.<\/p><ol start=\"14\"><li><strong>\u00c4nderungen dieser Datenschutzrichtlinien<\/strong><\/li><\/ol><p>Fasoon beh\u00e4lt sich vor, diese Datenschutzrichtlinien jederzeit zu \u00fcberarbeiten, zu \u00e4ndern oder in sonstiger Weise zu erg\u00e4nzen. Diese \u00c4nderungen werden auf dieser Seite ver\u00f6ffentlicht.<\/p><p>\u00a0<\/p><p><em>Stand: 21.12.2016<\/em><\/p>","_et_gb_content_width":"","sync_status":"","episode_type":"","audio_file":"","castos_file_data":"","podmotor_file_id":"","cover_image":"","cover_image_id":"","duration":"","filesize":"","filesize_raw":"","date_recorded":"","explicit":"","block":"","footnotes":""},"class_list":["post-28508","page","type-page","status-publish","hentry"],"aioseo_notices":[],"acf":[],"_links":{"self":[{"href":"https:\/\/fasoon.ch\/fr\/wp-json\/wp\/v2\/pages\/28508","targetHints":{"allow":["GET"]}}],"collection":[{"href":"https:\/\/fasoon.ch\/fr\/wp-json\/wp\/v2\/pages"}],"about":[{"href":"https:\/\/fasoon.ch\/fr\/wp-json\/wp\/v2\/types\/page"}],"author":[{"embeddable":true,"href":"https:\/\/fasoon.ch\/fr\/wp-json\/wp\/v2\/users\/4"}],"replies":[{"embeddable":true,"href":"https:\/\/fasoon.ch\/fr\/wp-json\/wp\/v2\/comments?post=28508"}],"version-history":[{"count":0,"href":"https:\/\/fasoon.ch\/fr\/wp-json\/wp\/v2\/pages\/28508\/revisions"}],"wp:attachment":[{"href":"https:\/\/fasoon.ch\/fr\/wp-json\/wp\/v2\/media?parent=28508"}],"curies":[{"name":"wp","href":"https:\/\/api.w.org\/{rel}","templated":true}]}}